{"id":4350,"date":"2025-06-28T16:38:38","date_gmt":"2025-06-28T14:38:38","guid":{"rendered":"https:\/\/uj.adatbank.ro\/lexikon\/termek\/benedek-mihaly\/"},"modified":"2025-06-28T16:38:38","modified_gmt":"2025-06-28T14:38:38","slug":"benedek-mihaly","status":"publish","type":"product","link":"https:\/\/uj.adatbank.ro\/lexikon\/termek\/benedek-mihaly\/","title":{"rendered":"BENEDEK Mih\u00e1ly"},"content":{"rendered":"<p>Sz\u00e9kelykereszt\u00far, 1906., \u2020\u00a0? : uni. lelk\u00e9sz. \u2013 \u00c9rets\u00e9gizett Sz\u00e9kelykereszt\u00faron (1924), majd teol\u00f3giai akad\u00e9mi\u00e1t v\u00e9gzett Kv.-on. (1928). Mv.-en hitoktat\u00f3 (1928\u2013), egyben szab\u00e9di adminisztr\u00e1tor lelk\u00e9sz. Sz\u00e9kelyk\u00e1lon lelk\u00e9sz (1929\u201352). Minden erej\u00e9t hivei lelki \u00e1pol\u00e1s\u00e1ra \u00e9s magyars\u00e1guk megtart\u00e1s\u00e1ra ford\u00edtotta. <br \/><strong>Irod.:<\/strong> Sz\u00e9kelyf\u00f6ld \u00ed. k; Sz\u00e9kelyk\u00e1l<\/br><\/p>\n","protected":false},"excerpt":{"rendered":"<p>Sz\u00e9kelykereszt\u00far, 1906., \u2020\u00a0? : uni. lelk\u00e9sz. \u2013 \u00c9rets\u00e9gizett Sz\u00e9kelykereszt\u00faron (1924), majd teol\u00f3giai akad\u00e9mi\u00e1t v\u00e9gzett Kv.-on. (1928). Mv.-en hitoktat\u00f3 (1928\u2013), egyben szab\u00e9di adminisztr\u00e1tor lelk\u00e9sz. Sz\u00e9kelyk\u00e1lon lelk\u00e9sz (1929\u201352). Minden erej\u00e9t hivei lelki \u00e1pol\u00e1s\u00e1ra \u00e9s magyars\u00e1guk megtart\u00e1s\u00e1ra ford\u00edtotta. Irod.: Sz\u00e9kelyf\u00f6ld \u00ed. k; Sz\u00e9kelyk\u00e1l<\/p>\n","protected":false},"featured_media":0,"comment_status":"open","ping_status":"closed","template":"","meta":[],"product_brand":[],"product_cat":[137],"product_tag":[],"class_list":{"0":"post-4350","1":"product","2":"type-product","3":"status-publish","5":"product_cat-maros-megyei-eletrajzi-lexikon","7":"first","8":"instock","9":"shipping-taxable","10":"product-type-simple"},"_links":{"self":[{"href":"https:\/\/uj.adatbank.ro\/lexikon\/wp-json\/wp\/v2\/product\/4350","targetHints":{"allow":["GET"]}}],"collection":[{"href":"https:\/\/uj.adatbank.ro\/lexikon\/wp-json\/wp\/v2\/product"}],"about":[{"href":"https:\/\/uj.adatbank.ro\/lexikon\/wp-json\/wp\/v2\/types\/product"}],"replies":[{"embeddable":true,"href":"https:\/\/uj.adatbank.ro\/lexikon\/wp-json\/wp\/v2\/comments?post=4350"}],"wp:attachment":[{"href":"https:\/\/uj.adatbank.ro\/lexikon\/wp-json\/wp\/v2\/media?parent=4350"}],"wp:term":[{"taxonomy":"product_brand","embeddable":true,"href":"https:\/\/uj.adatbank.ro\/lexikon\/wp-json\/wp\/v2\/product_brand?post=4350"},{"taxonomy":"product_cat","embeddable":true,"href":"https:\/\/uj.adatbank.ro\/lexikon\/wp-json\/wp\/v2\/product_cat?post=4350"},{"taxonomy":"product_tag","embeddable":true,"href":"https:\/\/uj.adatbank.ro\/lexikon\/wp-json\/wp\/v2\/product_tag?post=4350"}],"curies":[{"name":"wp","href":"https:\/\/api.w.org\/{rel}","templated":true}]}}