{"id":4352,"date":"2025-06-28T16:38:41","date_gmt":"2025-06-28T14:38:41","guid":{"rendered":"https:\/\/uj.adatbank.ro\/lexikon\/termek\/benedek-mor\/"},"modified":"2025-06-28T16:38:41","modified_gmt":"2025-06-28T14:38:41","slug":"benedek-mor","status":"publish","type":"product","link":"https:\/\/uj.adatbank.ro\/lexikon\/termek\/benedek-mor\/","title":{"rendered":"BENEDEK M\u00f3r"},"content":{"rendered":"<p>Sz\u00e9lk\u00fat, 1883., \u2020\u00a0? : tisztvisel\u0151. \u2013 Mv.-en tev\u00e9kenykedett. Egy\u00e9ves \u00f6nk\u00e9ntes \u00e9v\u00e9t az 51. gy. e.-ben szolg\u00e1lta (1904). R\u00e9szt vett az els\u0151 vh.-ban, az orosz fronton harcolt, fogs\u00e1gba esett. A K\u00e1roly Csapatkereszt kit\u00fcntet\u00e9ssel mint z\u00e1szl\u00f3s szerelt le. Feles\u00e9g\u00e9vel (1896-?) egy\u00fctt deport\u00e1lt\u00e1k Mv.-r\u0151l (1944. m\u00e1j. 29.). <br \/><strong>Irod.:<\/strong> Erd\u00e9lyi ezredek; Mv. zsid\u00f3s\u00e1ga<\/br><\/p>\n","protected":false},"excerpt":{"rendered":"<p>Sz\u00e9lk\u00fat, 1883., \u2020\u00a0? : tisztvisel\u0151. \u2013 Mv.-en tev\u00e9kenykedett. Egy\u00e9ves \u00f6nk\u00e9ntes \u00e9v\u00e9t az 51. gy. e.-ben szolg\u00e1lta (1904). R\u00e9szt vett az els\u0151 vh.-ban, az orosz fronton harcolt, fogs\u00e1gba esett. A K\u00e1roly Csapatkereszt kit\u00fcntet\u00e9ssel mint z\u00e1szl\u00f3s szerelt le. Feles\u00e9g\u00e9vel (1896-?) egy\u00fctt deport\u00e1lt\u00e1k Mv.-r\u0151l (1944. m\u00e1j. 29.). Irod.: Erd\u00e9lyi ezredek; Mv. zsid\u00f3s\u00e1ga<\/p>\n","protected":false},"featured_media":0,"comment_status":"open","ping_status":"closed","template":"","meta":[],"product_brand":[],"product_cat":[137],"product_tag":[],"class_list":{"0":"post-4352","1":"product","2":"type-product","3":"status-publish","5":"product_cat-maros-megyei-eletrajzi-lexikon","7":"first","8":"instock","9":"shipping-taxable","10":"product-type-simple"},"_links":{"self":[{"href":"https:\/\/uj.adatbank.ro\/lexikon\/wp-json\/wp\/v2\/product\/4352","targetHints":{"allow":["GET"]}}],"collection":[{"href":"https:\/\/uj.adatbank.ro\/lexikon\/wp-json\/wp\/v2\/product"}],"about":[{"href":"https:\/\/uj.adatbank.ro\/lexikon\/wp-json\/wp\/v2\/types\/product"}],"replies":[{"embeddable":true,"href":"https:\/\/uj.adatbank.ro\/lexikon\/wp-json\/wp\/v2\/comments?post=4352"}],"wp:attachment":[{"href":"https:\/\/uj.adatbank.ro\/lexikon\/wp-json\/wp\/v2\/media?parent=4352"}],"wp:term":[{"taxonomy":"product_brand","embeddable":true,"href":"https:\/\/uj.adatbank.ro\/lexikon\/wp-json\/wp\/v2\/product_brand?post=4352"},{"taxonomy":"product_cat","embeddable":true,"href":"https:\/\/uj.adatbank.ro\/lexikon\/wp-json\/wp\/v2\/product_cat?post=4352"},{"taxonomy":"product_tag","embeddable":true,"href":"https:\/\/uj.adatbank.ro\/lexikon\/wp-json\/wp\/v2\/product_tag?post=4352"}],"curies":[{"name":"wp","href":"https:\/\/api.w.org\/{rel}","templated":true}]}}