{"id":4353,"date":"2025-06-28T16:38:44","date_gmt":"2025-06-28T14:38:44","guid":{"rendered":"https:\/\/uj.adatbank.ro\/lexikon\/termek\/benedek-samuel\/"},"modified":"2025-06-28T16:38:44","modified_gmt":"2025-06-28T14:38:44","slug":"benedek-samuel","status":"publish","type":"product","link":"https:\/\/uj.adatbank.ro\/lexikon\/termek\/benedek-samuel\/","title":{"rendered":"BENEDEK S\u00e1muel"},"content":{"rendered":"<p>? \u2020\u00a0Kutyfalva, 1777.: ref. lelk\u00e9sz. \u2013 Lelk\u00e9sz volt Magyars\u00fcly\u00e9ben (1752\u201356), Kutyfalv\u00e1n hal\u00e1l\u00e1ig (1757\u201377). <br \/><strong>Irod.:<\/strong> K\u00fck\u00fcll\u0151i Ref. Egyh\u00e1zm. 3<\/br><\/p>\n","protected":false},"excerpt":{"rendered":"<p>? \u2020\u00a0Kutyfalva, 1777.: ref. lelk\u00e9sz. \u2013 Lelk\u00e9sz volt Magyars\u00fcly\u00e9ben (1752\u201356), Kutyfalv\u00e1n hal\u00e1l\u00e1ig (1757\u201377). Irod.: K\u00fck\u00fcll\u0151i Ref. Egyh\u00e1zm. 3<\/p>\n","protected":false},"featured_media":0,"comment_status":"open","ping_status":"closed","template":"","meta":[],"product_brand":[],"product_cat":[137],"product_tag":[],"class_list":{"0":"post-4353","1":"product","2":"type-product","3":"status-publish","5":"product_cat-maros-megyei-eletrajzi-lexikon","7":"first","8":"instock","9":"shipping-taxable","10":"product-type-simple"},"_links":{"self":[{"href":"https:\/\/uj.adatbank.ro\/lexikon\/wp-json\/wp\/v2\/product\/4353","targetHints":{"allow":["GET"]}}],"collection":[{"href":"https:\/\/uj.adatbank.ro\/lexikon\/wp-json\/wp\/v2\/product"}],"about":[{"href":"https:\/\/uj.adatbank.ro\/lexikon\/wp-json\/wp\/v2\/types\/product"}],"replies":[{"embeddable":true,"href":"https:\/\/uj.adatbank.ro\/lexikon\/wp-json\/wp\/v2\/comments?post=4353"}],"wp:attachment":[{"href":"https:\/\/uj.adatbank.ro\/lexikon\/wp-json\/wp\/v2\/media?parent=4353"}],"wp:term":[{"taxonomy":"product_brand","embeddable":true,"href":"https:\/\/uj.adatbank.ro\/lexikon\/wp-json\/wp\/v2\/product_brand?post=4353"},{"taxonomy":"product_cat","embeddable":true,"href":"https:\/\/uj.adatbank.ro\/lexikon\/wp-json\/wp\/v2\/product_cat?post=4353"},{"taxonomy":"product_tag","embeddable":true,"href":"https:\/\/uj.adatbank.ro\/lexikon\/wp-json\/wp\/v2\/product_tag?post=4353"}],"curies":[{"name":"wp","href":"https:\/\/api.w.org\/{rel}","templated":true}]}}