{"id":4354,"date":"2025-06-28T16:38:46","date_gmt":"2025-06-28T14:38:46","guid":{"rendered":"https:\/\/uj.adatbank.ro\/lexikon\/termek\/benedek-sandor\/"},"modified":"2025-06-28T16:38:46","modified_gmt":"2025-06-28T14:38:46","slug":"benedek-sandor","status":"publish","type":"product","link":"https:\/\/uj.adatbank.ro\/lexikon\/termek\/benedek-sandor\/","title":{"rendered":"BENEDEK S\u00e1ndor"},"content":{"rendered":"<p>H\u00e9derf\u00e1ja, 1813., \u2020 H\u00e9derf\u00e1ja, 1862.: tan\u00edt\u00f3. \u2013 A sz\u00fcl\u0151faluban \u00e9s Enyeden v\u00e9gzett iskol\u00e1t. \u00c9veken \u00e1t apja mellett seg\u00e9dtan\u00edt\u00f3skodott H\u00e9derf\u00e1j\u00e1n (1834\u2013). Egy \u00f3ri\u00e1si vihar alkalm\u00e1val minden egyh\u00e1zi \u00e9p\u00fclet a t\u0171z martal\u00e9ka lett (1844). \u00daj iskol\u00e1t \u00e9p\u00edtettek (1851\u201352). S\u00e1romberk\u00e9n tan\u00edtott (1875\u201377).-<br \/><strong>Irod.:<\/strong> H\u00e9dref\u00e1ja \u00e9s egyh\u00e1za; S\u00e1romberke<\/br><\/p>\n","protected":false},"excerpt":{"rendered":"<p>H\u00e9derf\u00e1ja, 1813., \u2020 H\u00e9derf\u00e1ja, 1862.: tan\u00edt\u00f3. \u2013 A sz\u00fcl\u0151faluban \u00e9s Enyeden v\u00e9gzett iskol\u00e1t. \u00c9veken \u00e1t apja mellett seg\u00e9dtan\u00edt\u00f3skodott H\u00e9derf\u00e1j\u00e1n (1834\u2013). Egy \u00f3ri\u00e1si vihar alkalm\u00e1val minden egyh\u00e1zi \u00e9p\u00fclet a t\u0171z martal\u00e9ka lett (1844). \u00daj iskol\u00e1t \u00e9p\u00edtettek (1851\u201352). S\u00e1romberk\u00e9n tan\u00edtott (1875\u201377).-Irod.: H\u00e9dref\u00e1ja \u00e9s egyh\u00e1za; S\u00e1romberke<\/p>\n","protected":false},"featured_media":0,"comment_status":"open","ping_status":"closed","template":"","meta":[],"product_brand":[],"product_cat":[137],"product_tag":[],"class_list":{"0":"post-4354","1":"product","2":"type-product","3":"status-publish","5":"product_cat-maros-megyei-eletrajzi-lexikon","7":"first","8":"instock","9":"shipping-taxable","10":"product-type-simple"},"_links":{"self":[{"href":"https:\/\/uj.adatbank.ro\/lexikon\/wp-json\/wp\/v2\/product\/4354","targetHints":{"allow":["GET"]}}],"collection":[{"href":"https:\/\/uj.adatbank.ro\/lexikon\/wp-json\/wp\/v2\/product"}],"about":[{"href":"https:\/\/uj.adatbank.ro\/lexikon\/wp-json\/wp\/v2\/types\/product"}],"replies":[{"embeddable":true,"href":"https:\/\/uj.adatbank.ro\/lexikon\/wp-json\/wp\/v2\/comments?post=4354"}],"wp:attachment":[{"href":"https:\/\/uj.adatbank.ro\/lexikon\/wp-json\/wp\/v2\/media?parent=4354"}],"wp:term":[{"taxonomy":"product_brand","embeddable":true,"href":"https:\/\/uj.adatbank.ro\/lexikon\/wp-json\/wp\/v2\/product_brand?post=4354"},{"taxonomy":"product_cat","embeddable":true,"href":"https:\/\/uj.adatbank.ro\/lexikon\/wp-json\/wp\/v2\/product_cat?post=4354"},{"taxonomy":"product_tag","embeddable":true,"href":"https:\/\/uj.adatbank.ro\/lexikon\/wp-json\/wp\/v2\/product_tag?post=4354"}],"curies":[{"name":"wp","href":"https:\/\/api.w.org\/{rel}","templated":true}]}}