{"id":4361,"date":"2025-06-28T16:39:00","date_gmt":"2025-06-28T14:39:00","guid":{"rendered":"https:\/\/uj.adatbank.ro\/lexikon\/termek\/benedetti-viktor\/"},"modified":"2025-06-28T16:39:00","modified_gmt":"2025-06-28T14:39:00","slug":"benedetti-viktor","status":"publish","type":"product","link":"https:\/\/uj.adatbank.ro\/lexikon\/termek\/benedetti-viktor\/","title":{"rendered":"BENEDETTI Viktor"},"content":{"rendered":"<p>Canova, 1889., \u2020\u00a0? : \u00e9p\u00edtkez\u00e9si v\u00e1llalkoz\u00f3. \u2013 G\u00e1t\u00e9p\u00edt\u00e9shez \u00e9rkezett Mv.-re t\u00f6bb olasz t\u00e1rs\u00e1val (1910\u2013) \u00e9s itt maradt (1940 ut\u00e1n is). <br \/><strong>Irod.:<\/strong> Visnai<\/br><\/p>\n","protected":false},"excerpt":{"rendered":"<p>Canova, 1889., \u2020\u00a0? : \u00e9p\u00edtkez\u00e9si v\u00e1llalkoz\u00f3. \u2013 G\u00e1t\u00e9p\u00edt\u00e9shez \u00e9rkezett Mv.-re t\u00f6bb olasz t\u00e1rs\u00e1val (1910\u2013) \u00e9s itt maradt (1940 ut\u00e1n is). Irod.: Visnai<\/p>\n","protected":false},"featured_media":0,"comment_status":"open","ping_status":"closed","template":"","meta":[],"product_brand":[],"product_cat":[137],"product_tag":[],"class_list":{"0":"post-4361","1":"product","2":"type-product","3":"status-publish","5":"product_cat-maros-megyei-eletrajzi-lexikon","7":"first","8":"instock","9":"shipping-taxable","10":"product-type-simple"},"_links":{"self":[{"href":"https:\/\/uj.adatbank.ro\/lexikon\/wp-json\/wp\/v2\/product\/4361","targetHints":{"allow":["GET"]}}],"collection":[{"href":"https:\/\/uj.adatbank.ro\/lexikon\/wp-json\/wp\/v2\/product"}],"about":[{"href":"https:\/\/uj.adatbank.ro\/lexikon\/wp-json\/wp\/v2\/types\/product"}],"replies":[{"embeddable":true,"href":"https:\/\/uj.adatbank.ro\/lexikon\/wp-json\/wp\/v2\/comments?post=4361"}],"wp:attachment":[{"href":"https:\/\/uj.adatbank.ro\/lexikon\/wp-json\/wp\/v2\/media?parent=4361"}],"wp:term":[{"taxonomy":"product_brand","embeddable":true,"href":"https:\/\/uj.adatbank.ro\/lexikon\/wp-json\/wp\/v2\/product_brand?post=4361"},{"taxonomy":"product_cat","embeddable":true,"href":"https:\/\/uj.adatbank.ro\/lexikon\/wp-json\/wp\/v2\/product_cat?post=4361"},{"taxonomy":"product_tag","embeddable":true,"href":"https:\/\/uj.adatbank.ro\/lexikon\/wp-json\/wp\/v2\/product_tag?post=4361"}],"curies":[{"name":"wp","href":"https:\/\/api.w.org\/{rel}","templated":true}]}}