{"id":4364,"date":"2025-06-28T16:39:06","date_gmt":"2025-06-28T14:39:06","guid":{"rendered":"https:\/\/uj.adatbank.ro\/lexikon\/termek\/benes-ferenc\/"},"modified":"2025-06-28T16:39:06","modified_gmt":"2025-06-28T14:39:06","slug":"benes-ferenc","status":"publish","type":"product","link":"https:\/\/uj.adatbank.ro\/lexikon\/termek\/benes-ferenc\/","title":{"rendered":"BENES Ferenc"},"content":{"rendered":"<p>Eger, 1893., \u2020 ? : okl. fogtechnikus. \u2013 K\u00f6z\u00e9piskol\u00e1it Nagyv\u00e1radon v\u00e9gezte, ahol kitanulta a fog\u00e1szatot is, oklevel\u00e9t Bp.-ben szerezte (1923). Mv.-en \u00f6n\u00e1ll\u00f3 fog\u00e1szati rendel\u0151t nyitott (1921\u2013). Tagja a helybeli t\u00e1rsadalmi \u00e9s kultur\u00e1lis egyes\u00fcleteknek. <br \/><strong>Irod.:<\/strong> Ki kicsoda?<\/br><\/p>\n","protected":false},"excerpt":{"rendered":"<p>Eger, 1893., \u2020 ? : okl. fogtechnikus. \u2013 K\u00f6z\u00e9piskol\u00e1it Nagyv\u00e1radon v\u00e9gezte, ahol kitanulta a fog\u00e1szatot is, oklevel\u00e9t Bp.-ben szerezte (1923). Mv.-en \u00f6n\u00e1ll\u00f3 fog\u00e1szati rendel\u0151t nyitott (1921\u2013). Tagja a helybeli t\u00e1rsadalmi \u00e9s kultur\u00e1lis egyes\u00fcleteknek. Irod.: Ki kicsoda?<\/p>\n","protected":false},"featured_media":0,"comment_status":"open","ping_status":"closed","template":"","meta":[],"product_brand":[],"product_cat":[137],"product_tag":[],"class_list":{"0":"post-4364","1":"product","2":"type-product","3":"status-publish","5":"product_cat-maros-megyei-eletrajzi-lexikon","7":"first","8":"instock","9":"shipping-taxable","10":"product-type-simple"},"_links":{"self":[{"href":"https:\/\/uj.adatbank.ro\/lexikon\/wp-json\/wp\/v2\/product\/4364","targetHints":{"allow":["GET"]}}],"collection":[{"href":"https:\/\/uj.adatbank.ro\/lexikon\/wp-json\/wp\/v2\/product"}],"about":[{"href":"https:\/\/uj.adatbank.ro\/lexikon\/wp-json\/wp\/v2\/types\/product"}],"replies":[{"embeddable":true,"href":"https:\/\/uj.adatbank.ro\/lexikon\/wp-json\/wp\/v2\/comments?post=4364"}],"wp:attachment":[{"href":"https:\/\/uj.adatbank.ro\/lexikon\/wp-json\/wp\/v2\/media?parent=4364"}],"wp:term":[{"taxonomy":"product_brand","embeddable":true,"href":"https:\/\/uj.adatbank.ro\/lexikon\/wp-json\/wp\/v2\/product_brand?post=4364"},{"taxonomy":"product_cat","embeddable":true,"href":"https:\/\/uj.adatbank.ro\/lexikon\/wp-json\/wp\/v2\/product_cat?post=4364"},{"taxonomy":"product_tag","embeddable":true,"href":"https:\/\/uj.adatbank.ro\/lexikon\/wp-json\/wp\/v2\/product_tag?post=4364"}],"curies":[{"name":"wp","href":"https:\/\/api.w.org\/{rel}","templated":true}]}}