{"id":4368,"date":"2025-06-28T16:39:12","date_gmt":"2025-06-28T14:39:12","guid":{"rendered":"https:\/\/uj.adatbank.ro\/lexikon\/termek\/benke-istvan\/"},"modified":"2025-06-28T16:39:12","modified_gmt":"2025-06-28T14:39:12","slug":"benke-istvan","status":"publish","type":"product","link":"https:\/\/uj.adatbank.ro\/lexikon\/termek\/benke-istvan\/","title":{"rendered":"BENKE Istv\u00e1n"},"content":{"rendered":"<p>1920., \u2020 Mv., 1994. nov. 17.: p\u00e1rtmunk\u00e1s, \u00e9p\u00edt\u00e9sz, gy\u00e1rigazgat\u00f3. \u2013 A mv.-i Munic\u00edpiumi N\u00e9ptan\u00e1cs VB tagja (1968. febr. 20.). A Munka\u00e9rdemrend III. fokozat\u00e1val t\u00fcntett\u00e9k ki (1965. j\u00fal. 14.). <br \/><strong>Irod.:<\/strong> Id\u0151t\u00e1r 4.; [Nekrol\u00f3g] (N\u00fa., 1994. nov. 17.)<\/br><\/p>\n","protected":false},"excerpt":{"rendered":"<p>1920., \u2020 Mv., 1994. nov. 17.: p\u00e1rtmunk\u00e1s, \u00e9p\u00edt\u00e9sz, gy\u00e1rigazgat\u00f3. \u2013 A mv.-i Munic\u00edpiumi N\u00e9ptan\u00e1cs VB tagja (1968. febr. 20.). A Munka\u00e9rdemrend III. fokozat\u00e1val t\u00fcntett\u00e9k ki (1965. j\u00fal. 14.). Irod.: Id\u0151t\u00e1r 4.; [Nekrol\u00f3g] (N\u00fa., 1994. nov. 17.)<\/p>\n","protected":false},"featured_media":0,"comment_status":"open","ping_status":"closed","template":"","meta":[],"product_brand":[],"product_cat":[137],"product_tag":[],"class_list":{"0":"post-4368","1":"product","2":"type-product","3":"status-publish","5":"product_cat-maros-megyei-eletrajzi-lexikon","7":"first","8":"instock","9":"shipping-taxable","10":"product-type-simple"},"_links":{"self":[{"href":"https:\/\/uj.adatbank.ro\/lexikon\/wp-json\/wp\/v2\/product\/4368","targetHints":{"allow":["GET"]}}],"collection":[{"href":"https:\/\/uj.adatbank.ro\/lexikon\/wp-json\/wp\/v2\/product"}],"about":[{"href":"https:\/\/uj.adatbank.ro\/lexikon\/wp-json\/wp\/v2\/types\/product"}],"replies":[{"embeddable":true,"href":"https:\/\/uj.adatbank.ro\/lexikon\/wp-json\/wp\/v2\/comments?post=4368"}],"wp:attachment":[{"href":"https:\/\/uj.adatbank.ro\/lexikon\/wp-json\/wp\/v2\/media?parent=4368"}],"wp:term":[{"taxonomy":"product_brand","embeddable":true,"href":"https:\/\/uj.adatbank.ro\/lexikon\/wp-json\/wp\/v2\/product_brand?post=4368"},{"taxonomy":"product_cat","embeddable":true,"href":"https:\/\/uj.adatbank.ro\/lexikon\/wp-json\/wp\/v2\/product_cat?post=4368"},{"taxonomy":"product_tag","embeddable":true,"href":"https:\/\/uj.adatbank.ro\/lexikon\/wp-json\/wp\/v2\/product_tag?post=4368"}],"curies":[{"name":"wp","href":"https:\/\/api.w.org\/{rel}","templated":true}]}}