{"id":4371,"date":"2025-06-28T16:39:23","date_gmt":"2025-06-28T14:39:23","guid":{"rendered":"https:\/\/uj.adatbank.ro\/lexikon\/termek\/benko-arpad\/"},"modified":"2025-06-28T16:39:23","modified_gmt":"2025-06-28T14:39:23","slug":"benko-arpad","status":"publish","type":"product","link":"https:\/\/uj.adatbank.ro\/lexikon\/termek\/benko-arpad\/","title":{"rendered":"BENK\u0150 \u00c1rp\u00e1d"},"content":{"rendered":"<p>? \u2020\u00a0? : tan\u00edt\u00f3. \u2013 Mez\u0151panitban a ref. iskol\u00e1t \u00e1llamos\u00edtott\u00e1k (1909) \u00e9s \u00e1llami p\u00e9nzen kib\u0151v\u00edtett\u00e9k \u00e9s felavatt\u00e1k (1910. j\u00fan. 5. \u2013). <br \/><strong>Irod.:<\/strong> Mez\u0151panit<\/br><\/p>\n","protected":false},"excerpt":{"rendered":"<p>? \u2020\u00a0? : tan\u00edt\u00f3. \u2013 Mez\u0151panitban a ref. iskol\u00e1t \u00e1llamos\u00edtott\u00e1k (1909) \u00e9s \u00e1llami p\u00e9nzen kib\u0151v\u00edtett\u00e9k \u00e9s felavatt\u00e1k (1910. j\u00fan. 5. \u2013). Irod.: Mez\u0151panit<\/p>\n","protected":false},"featured_media":0,"comment_status":"open","ping_status":"closed","template":"","meta":[],"product_brand":[],"product_cat":[137],"product_tag":[],"class_list":{"0":"post-4371","1":"product","2":"type-product","3":"status-publish","5":"product_cat-maros-megyei-eletrajzi-lexikon","7":"first","8":"instock","9":"shipping-taxable","10":"product-type-simple"},"_links":{"self":[{"href":"https:\/\/uj.adatbank.ro\/lexikon\/wp-json\/wp\/v2\/product\/4371","targetHints":{"allow":["GET"]}}],"collection":[{"href":"https:\/\/uj.adatbank.ro\/lexikon\/wp-json\/wp\/v2\/product"}],"about":[{"href":"https:\/\/uj.adatbank.ro\/lexikon\/wp-json\/wp\/v2\/types\/product"}],"replies":[{"embeddable":true,"href":"https:\/\/uj.adatbank.ro\/lexikon\/wp-json\/wp\/v2\/comments?post=4371"}],"wp:attachment":[{"href":"https:\/\/uj.adatbank.ro\/lexikon\/wp-json\/wp\/v2\/media?parent=4371"}],"wp:term":[{"taxonomy":"product_brand","embeddable":true,"href":"https:\/\/uj.adatbank.ro\/lexikon\/wp-json\/wp\/v2\/product_brand?post=4371"},{"taxonomy":"product_cat","embeddable":true,"href":"https:\/\/uj.adatbank.ro\/lexikon\/wp-json\/wp\/v2\/product_cat?post=4371"},{"taxonomy":"product_tag","embeddable":true,"href":"https:\/\/uj.adatbank.ro\/lexikon\/wp-json\/wp\/v2\/product_tag?post=4371"}],"curies":[{"name":"wp","href":"https:\/\/api.w.org\/{rel}","templated":true}]}}