{"id":4372,"date":"2025-06-28T16:39:27","date_gmt":"2025-06-28T14:39:27","guid":{"rendered":"https:\/\/uj.adatbank.ro\/lexikon\/termek\/benko-elek\/"},"modified":"2025-06-28T16:39:27","modified_gmt":"2025-06-28T14:39:27","slug":"benko-elek","status":"publish","type":"product","link":"https:\/\/uj.adatbank.ro\/lexikon\/termek\/benko-elek\/","title":{"rendered":"BENK\u0150 Elek"},"content":{"rendered":"<p>? \u2020\u00a0? : Marosszentkir\u00e1ly \u2013 p\u00e1los kolostor.; Marosv\u00e1s\u00e1rhely-ferences kolostor; Marosv\u00e1s\u00e1rhely-V\u00e1rtemplom M\u00e1s ferences kolostor; Sz\u00e1rhegy \u2013ferences kolostot; A sz\u00e9kely \u00edr\u00e1s eml\u00e9kei; <br \/><strong>Irod.:<\/strong> Sz\u00e9kelyf\u00f6ld t\u00f6rt. 1.<\/br><\/p>\n","protected":false},"excerpt":{"rendered":"<p>? \u2020\u00a0? : Marosszentkir\u00e1ly \u2013 p\u00e1los kolostor.; Marosv\u00e1s\u00e1rhely-ferences kolostor; Marosv\u00e1s\u00e1rhely-V\u00e1rtemplom M\u00e1s ferences kolostor; Sz\u00e1rhegy \u2013ferences kolostot; A sz\u00e9kely \u00edr\u00e1s eml\u00e9kei; Irod.: Sz\u00e9kelyf\u00f6ld t\u00f6rt. 1.<\/p>\n","protected":false},"featured_media":0,"comment_status":"open","ping_status":"closed","template":"","meta":[],"product_brand":[],"product_cat":[137],"product_tag":[],"class_list":{"0":"post-4372","1":"product","2":"type-product","3":"status-publish","5":"product_cat-maros-megyei-eletrajzi-lexikon","7":"first","8":"instock","9":"shipping-taxable","10":"product-type-simple"},"_links":{"self":[{"href":"https:\/\/uj.adatbank.ro\/lexikon\/wp-json\/wp\/v2\/product\/4372","targetHints":{"allow":["GET"]}}],"collection":[{"href":"https:\/\/uj.adatbank.ro\/lexikon\/wp-json\/wp\/v2\/product"}],"about":[{"href":"https:\/\/uj.adatbank.ro\/lexikon\/wp-json\/wp\/v2\/types\/product"}],"replies":[{"embeddable":true,"href":"https:\/\/uj.adatbank.ro\/lexikon\/wp-json\/wp\/v2\/comments?post=4372"}],"wp:attachment":[{"href":"https:\/\/uj.adatbank.ro\/lexikon\/wp-json\/wp\/v2\/media?parent=4372"}],"wp:term":[{"taxonomy":"product_brand","embeddable":true,"href":"https:\/\/uj.adatbank.ro\/lexikon\/wp-json\/wp\/v2\/product_brand?post=4372"},{"taxonomy":"product_cat","embeddable":true,"href":"https:\/\/uj.adatbank.ro\/lexikon\/wp-json\/wp\/v2\/product_cat?post=4372"},{"taxonomy":"product_tag","embeddable":true,"href":"https:\/\/uj.adatbank.ro\/lexikon\/wp-json\/wp\/v2\/product_tag?post=4372"}],"curies":[{"name":"wp","href":"https:\/\/api.w.org\/{rel}","templated":true}]}}