{"id":4378,"date":"2025-06-28T16:39:41","date_gmt":"2025-06-28T14:39:41","guid":{"rendered":"https:\/\/uj.adatbank.ro\/lexikon\/termek\/benko-ferenc-kissolymosi\/"},"modified":"2025-06-28T16:39:41","modified_gmt":"2025-06-28T14:39:41","slug":"benko-ferenc-kissolymosi","status":"publish","type":"product","link":"https:\/\/uj.adatbank.ro\/lexikon\/termek\/benko-ferenc-kissolymosi\/","title":{"rendered":"BENK\u0150 Ferenc, kissolymosi"},"content":{"rendered":"<p>? \u2020 ? : \u00fcgy\u00e9sz. \u2013 Feles\u00e9ge: Nagy Sz\u00edjgy\u00e1rt\u00f3 Borb\u00e1la. Fiai J\u00e1nos \u00e9s Ferenc. \u2013 Mv.- v\u00e1ros b\u0171n\u00fcgyi kr\u00f3nik\u00e1j\u00e1ban szerepet j\u00e1tsz\u00f3 vezet\u0151 \u00fcgy\u00e9sz (1764\u201380). <br \/><strong>Irod.:<\/strong> Kr\u00f3n. F\u00fcz. (1939. 4\/9)<\/br><\/p>\n","protected":false},"excerpt":{"rendered":"<p>? \u2020 ? : \u00fcgy\u00e9sz. \u2013 Feles\u00e9ge: Nagy Sz\u00edjgy\u00e1rt\u00f3 Borb\u00e1la. Fiai J\u00e1nos \u00e9s Ferenc. \u2013 Mv.- v\u00e1ros b\u0171n\u00fcgyi kr\u00f3nik\u00e1j\u00e1ban szerepet j\u00e1tsz\u00f3 vezet\u0151 \u00fcgy\u00e9sz (1764\u201380). Irod.: Kr\u00f3n. F\u00fcz. (1939. 4\/9)<\/p>\n","protected":false},"featured_media":0,"comment_status":"open","ping_status":"closed","template":"","meta":[],"product_brand":[],"product_cat":[137],"product_tag":[],"class_list":{"0":"post-4378","1":"product","2":"type-product","3":"status-publish","5":"product_cat-maros-megyei-eletrajzi-lexikon","7":"first","8":"instock","9":"shipping-taxable","10":"product-type-simple"},"_links":{"self":[{"href":"https:\/\/uj.adatbank.ro\/lexikon\/wp-json\/wp\/v2\/product\/4378","targetHints":{"allow":["GET"]}}],"collection":[{"href":"https:\/\/uj.adatbank.ro\/lexikon\/wp-json\/wp\/v2\/product"}],"about":[{"href":"https:\/\/uj.adatbank.ro\/lexikon\/wp-json\/wp\/v2\/types\/product"}],"replies":[{"embeddable":true,"href":"https:\/\/uj.adatbank.ro\/lexikon\/wp-json\/wp\/v2\/comments?post=4378"}],"wp:attachment":[{"href":"https:\/\/uj.adatbank.ro\/lexikon\/wp-json\/wp\/v2\/media?parent=4378"}],"wp:term":[{"taxonomy":"product_brand","embeddable":true,"href":"https:\/\/uj.adatbank.ro\/lexikon\/wp-json\/wp\/v2\/product_brand?post=4378"},{"taxonomy":"product_cat","embeddable":true,"href":"https:\/\/uj.adatbank.ro\/lexikon\/wp-json\/wp\/v2\/product_cat?post=4378"},{"taxonomy":"product_tag","embeddable":true,"href":"https:\/\/uj.adatbank.ro\/lexikon\/wp-json\/wp\/v2\/product_tag?post=4378"}],"curies":[{"name":"wp","href":"https:\/\/api.w.org\/{rel}","templated":true}]}}