{"id":4379,"date":"2025-06-28T16:39:43","date_gmt":"2025-06-28T14:39:43","guid":{"rendered":"https:\/\/uj.adatbank.ro\/lexikon\/termek\/benko-gyula\/"},"modified":"2025-06-28T16:39:43","modified_gmt":"2025-06-28T14:39:43","slug":"benko-gyula","status":"publish","type":"product","link":"https:\/\/uj.adatbank.ro\/lexikon\/termek\/benko-gyula\/","title":{"rendered":"BENK\u0150 Gyula"},"content":{"rendered":"<p>? \u2020\u00a0? : eszterg\u00e1lyos. \u2013 Mv.-en dolgozott. Az EMKE szervez\u00e9s\u00e9ben rendezett sepsiszentgy\u00f6rgyi Sz\u00e9kely Ipari Ki\u00e1ll\u00edt\u00e1son oklevelet kapot (1887). <br \/><strong>Irod.:<\/strong> Id\u0151t\u00e1r 2<\/br><\/p>\n","protected":false},"excerpt":{"rendered":"<p>? \u2020\u00a0? : eszterg\u00e1lyos. \u2013 Mv.-en dolgozott. Az EMKE szervez\u00e9s\u00e9ben rendezett sepsiszentgy\u00f6rgyi Sz\u00e9kely Ipari Ki\u00e1ll\u00edt\u00e1son oklevelet kapot (1887). Irod.: Id\u0151t\u00e1r 2<\/p>\n","protected":false},"featured_media":0,"comment_status":"open","ping_status":"closed","template":"","meta":[],"product_brand":[],"product_cat":[137],"product_tag":[],"class_list":{"0":"post-4379","1":"product","2":"type-product","3":"status-publish","5":"product_cat-maros-megyei-eletrajzi-lexikon","7":"first","8":"instock","9":"shipping-taxable","10":"product-type-simple"},"_links":{"self":[{"href":"https:\/\/uj.adatbank.ro\/lexikon\/wp-json\/wp\/v2\/product\/4379","targetHints":{"allow":["GET"]}}],"collection":[{"href":"https:\/\/uj.adatbank.ro\/lexikon\/wp-json\/wp\/v2\/product"}],"about":[{"href":"https:\/\/uj.adatbank.ro\/lexikon\/wp-json\/wp\/v2\/types\/product"}],"replies":[{"embeddable":true,"href":"https:\/\/uj.adatbank.ro\/lexikon\/wp-json\/wp\/v2\/comments?post=4379"}],"wp:attachment":[{"href":"https:\/\/uj.adatbank.ro\/lexikon\/wp-json\/wp\/v2\/media?parent=4379"}],"wp:term":[{"taxonomy":"product_brand","embeddable":true,"href":"https:\/\/uj.adatbank.ro\/lexikon\/wp-json\/wp\/v2\/product_brand?post=4379"},{"taxonomy":"product_cat","embeddable":true,"href":"https:\/\/uj.adatbank.ro\/lexikon\/wp-json\/wp\/v2\/product_cat?post=4379"},{"taxonomy":"product_tag","embeddable":true,"href":"https:\/\/uj.adatbank.ro\/lexikon\/wp-json\/wp\/v2\/product_tag?post=4379"}],"curies":[{"name":"wp","href":"https:\/\/api.w.org\/{rel}","templated":true}]}}