{"id":4387,"date":"2025-06-28T16:39:57","date_gmt":"2025-06-28T14:39:57","guid":{"rendered":"https:\/\/uj.adatbank.ro\/lexikon\/termek\/benko-karoly\/"},"modified":"2025-06-28T16:39:57","modified_gmt":"2025-06-28T14:39:57","slug":"benko-karoly","status":"publish","type":"product","link":"https:\/\/uj.adatbank.ro\/lexikon\/termek\/benko-karoly\/","title":{"rendered":"BENK\u0150 K\u00e1roly"},"content":{"rendered":"<p>G\u00f6rg\u00e9ny\u00fcvegcs\u0171r, 1882 \u2020 ? : k\u00f6zbirtokos. \u2013 Az osztr\u00e1k-m. hadsereg k\u00f6tel\u00e9k\u00e9ben szolg\u00e1lt t\u0171z\u00e9r- k\u00e1pl\u00e1rk\u00e9nt (1912\u2013). V\u00e9gigharcolta az orosz \u00e9s olasz frontokon a csat\u00e1kat, megsebes\u00fclt, de a h\u00e1bor\u00fa v\u00e9g\u00e9ig harcolt (1917\u2013). Hazaengdt\u00e9k (1918). <br \/><strong>Irod.:<\/strong> Gl\u0103j\u0103rie<\/br><\/p>\n","protected":false},"excerpt":{"rendered":"<p>G\u00f6rg\u00e9ny\u00fcvegcs\u0171r, 1882 \u2020 ? : k\u00f6zbirtokos. \u2013 Az osztr\u00e1k-m. hadsereg k\u00f6tel\u00e9k\u00e9ben szolg\u00e1lt t\u0171z\u00e9r- k\u00e1pl\u00e1rk\u00e9nt (1912\u2013). V\u00e9gigharcolta az orosz \u00e9s olasz frontokon a csat\u00e1kat, megsebes\u00fclt, de a h\u00e1bor\u00fa v\u00e9g\u00e9ig harcolt (1917\u2013). Hazaengdt\u00e9k (1918). Irod.: Gl\u0103j\u0103rie<\/p>\n","protected":false},"featured_media":0,"comment_status":"open","ping_status":"closed","template":"","meta":[],"product_brand":[],"product_cat":[137],"product_tag":[],"class_list":{"0":"post-4387","1":"product","2":"type-product","3":"status-publish","5":"product_cat-maros-megyei-eletrajzi-lexikon","7":"first","8":"instock","9":"shipping-taxable","10":"product-type-simple"},"_links":{"self":[{"href":"https:\/\/uj.adatbank.ro\/lexikon\/wp-json\/wp\/v2\/product\/4387","targetHints":{"allow":["GET"]}}],"collection":[{"href":"https:\/\/uj.adatbank.ro\/lexikon\/wp-json\/wp\/v2\/product"}],"about":[{"href":"https:\/\/uj.adatbank.ro\/lexikon\/wp-json\/wp\/v2\/types\/product"}],"replies":[{"embeddable":true,"href":"https:\/\/uj.adatbank.ro\/lexikon\/wp-json\/wp\/v2\/comments?post=4387"}],"wp:attachment":[{"href":"https:\/\/uj.adatbank.ro\/lexikon\/wp-json\/wp\/v2\/media?parent=4387"}],"wp:term":[{"taxonomy":"product_brand","embeddable":true,"href":"https:\/\/uj.adatbank.ro\/lexikon\/wp-json\/wp\/v2\/product_brand?post=4387"},{"taxonomy":"product_cat","embeddable":true,"href":"https:\/\/uj.adatbank.ro\/lexikon\/wp-json\/wp\/v2\/product_cat?post=4387"},{"taxonomy":"product_tag","embeddable":true,"href":"https:\/\/uj.adatbank.ro\/lexikon\/wp-json\/wp\/v2\/product_tag?post=4387"}],"curies":[{"name":"wp","href":"https:\/\/api.w.org\/{rel}","templated":true}]}}