{"id":4392,"date":"2025-06-28T16:40:08","date_gmt":"2025-06-28T14:40:08","guid":{"rendered":"https:\/\/uj.adatbank.ro\/lexikon\/termek\/benko-marton\/"},"modified":"2025-06-28T16:40:08","modified_gmt":"2025-06-28T14:40:08","slug":"benko-marton","status":"publish","type":"product","link":"https:\/\/uj.adatbank.ro\/lexikon\/termek\/benko-marton\/","title":{"rendered":"BENK\u0150 M\u00e1rton"},"content":{"rendered":"<p>G\u00f6rg\u00e9ny\u00fcvegcs\u0171r, 1891., \u2020 ? : ker\u00e9kgy\u00e1rt\u00f3 mester. \u2013 Szebenben katon\u00e1skodott, amikor kit\u0151rt az I. vh.-ban k\u00e1pl\u00e1rk\u00e9nt az orosz front t\u0171zvonal\u00e1ban harcolt, majd az olasz fronton szolg\u00e1lt (1918). <br \/><strong>Irod.:<\/strong> Gl\u0103j\u0103rie<\/br><\/p>\n","protected":false},"excerpt":{"rendered":"<p>G\u00f6rg\u00e9ny\u00fcvegcs\u0171r, 1891., \u2020 ? : ker\u00e9kgy\u00e1rt\u00f3 mester. \u2013 Szebenben katon\u00e1skodott, amikor kit\u0151rt az I. vh.-ban k\u00e1pl\u00e1rk\u00e9nt az orosz front t\u0171zvonal\u00e1ban harcolt, majd az olasz fronton szolg\u00e1lt (1918). Irod.: Gl\u0103j\u0103rie<\/p>\n","protected":false},"featured_media":0,"comment_status":"open","ping_status":"closed","template":"","meta":[],"product_brand":[],"product_cat":[137],"product_tag":[],"class_list":{"0":"post-4392","1":"product","2":"type-product","3":"status-publish","5":"product_cat-maros-megyei-eletrajzi-lexikon","7":"first","8":"instock","9":"shipping-taxable","10":"product-type-simple"},"_links":{"self":[{"href":"https:\/\/uj.adatbank.ro\/lexikon\/wp-json\/wp\/v2\/product\/4392","targetHints":{"allow":["GET"]}}],"collection":[{"href":"https:\/\/uj.adatbank.ro\/lexikon\/wp-json\/wp\/v2\/product"}],"about":[{"href":"https:\/\/uj.adatbank.ro\/lexikon\/wp-json\/wp\/v2\/types\/product"}],"replies":[{"embeddable":true,"href":"https:\/\/uj.adatbank.ro\/lexikon\/wp-json\/wp\/v2\/comments?post=4392"}],"wp:attachment":[{"href":"https:\/\/uj.adatbank.ro\/lexikon\/wp-json\/wp\/v2\/media?parent=4392"}],"wp:term":[{"taxonomy":"product_brand","embeddable":true,"href":"https:\/\/uj.adatbank.ro\/lexikon\/wp-json\/wp\/v2\/product_brand?post=4392"},{"taxonomy":"product_cat","embeddable":true,"href":"https:\/\/uj.adatbank.ro\/lexikon\/wp-json\/wp\/v2\/product_cat?post=4392"},{"taxonomy":"product_tag","embeddable":true,"href":"https:\/\/uj.adatbank.ro\/lexikon\/wp-json\/wp\/v2\/product_tag?post=4392"}],"curies":[{"name":"wp","href":"https:\/\/api.w.org\/{rel}","templated":true}]}}