{"id":4393,"date":"2025-06-28T16:40:09","date_gmt":"2025-06-28T14:40:09","guid":{"rendered":"https:\/\/uj.adatbank.ro\/lexikon\/termek\/benko-marton-dalnoki-dalnoki-benko-marton-dalnoki-marton\/"},"modified":"2025-06-28T16:40:09","modified_gmt":"2025-06-28T14:40:09","slug":"benko-marton-dalnoki-dalnoki-benko-marton-dalnoki-marton","status":"publish","type":"product","link":"https:\/\/uj.adatbank.ro\/lexikon\/termek\/benko-marton-dalnoki-dalnoki-benko-marton-dalnoki-marton\/","title":{"rendered":"BENK\u0150 M\u00e1rton, d\u00e1lnoki, D\u00e1lnoki Benk\u0151 M\u00e1rton, D\u00e1lnoki M\u00e1rton"},"content":{"rendered":"<p>? \u2020 17.? : tan\u00e1r, rektor ford\u00edt\u00f3. \u2013 Nagyenyeden a Bethlen Koll.-ban tanult (1690\u201395), ahol oszt\u00e1lytan\u00edt\u00f3 is volt \u00e9s di\u00e1kk\u00f6nyvt\u00e1ros. \u00dcdv\u00f6zl\u0151 verset \u00edrt N\u00e1dudvari P\u00e9terhez (1695). Ford\u00edtott a Cicero levelei- \u00e9s besz\u00e9deib\u0151l, g\u00f6r\u00f6g nyelvet is tan\u00edtott. A mv.-i Ref. Skola Partikula professzora, rektora (1698. szept. 13. \u2013 1700. szept. 26). F\u0151 c\u00e9lj\u00e1nak tekintette a sk\u00f3la anyagi \u00e9s szellemi f\u00f6llend\u00edt\u00e9s\u00e9t \u00e9s ez\u00e9rt adom\u00e1nyokat szerzett m\u00e1gn\u00e1sokt\u00f3l szem\u00e9lyes k\u00e9reget\u00e9ssel. Az anyagiakkal az oktat\u00e1s felt\u00e9teleinek jav\u00edt\u00e1s\u00e1t \u00e9rte el. Felismerte a szeml\u00e9ltet\u00e9s fontoss\u00e1g\u00e1t, \u00f6t fekete t\u00e1bl\u00e1t k\u00e9sz\u00edtett, amelyeken \u00edr\u00e1sban is r\u00f6gz\u00edteni lehetett a tan\u00edtott anyagot. Bevezette a matematikai \u00e9s m\u00e9rtani eszk\u00f6z\u00f6k haszn\u00e1lat\u00e1t. Az elm\u00e9leti oktat\u00e1st gyakorlati oktat\u00e1ss\u00e1 v\u00e1ltoztatta \u00e1t. Els\u0151k\u00e9nt \u00edrt tank\u00f6nyvet, amit Erd\u00e9lyszerte elterjesztettek. Leford\u00edtotta Vossius J\u00e1nos Oratoria-j\u00e1t \u00e9s Lucius Annaeus Florus: Rerum Romanorum libri IV t\u00f6rt\u00e9net\u00edr\u00e1s\u00e1t, amelynek bevezet\u0151j\u00e9ben terjedelmes vil\u00e1gt\u00f6rt\u00e9neti \u00e1ttekint\u00e9st \u00edrt, kronol\u00f3gi\u00e1val \u00e9s az els\u0151 m. nyelv\u0171 r\u00f3mai r\u00e9gis\u00e9gtannal eg\u00e9sz\u00edtette ki. Ford\u00edt\u00e1sait a mv.-i di\u00e1kok mellett a gyulafeh\u00e9rv\u00e1ri, enyedi, kv.-i iskol\u00e1k tanul\u00f3i is haszn\u00e1lt\u00e1k. Munk\u00e1ss\u00e1ga alapj\u00e1n Erd\u00e9ly egyik legkiemelked\u0151bb oktat\u00f3ja (a 17. \u2013 18. sz.-ban). Ref. lelk\u00e9sz Mez\u0151s\u00e1msondban (1702). Nagyenyeden szolg\u00e1lt ref. lelk\u00e9szk\u00e9nt (1703. j\u00fan. 23. \u2013). \u2013 <strong>F. m.:<\/strong><strong>ford.:<\/strong> Kompendium Gerardus Johannes Vossius retorik\u00e1j\u00e1b\u00f3l (Kv., 1696); Lucius Annaeus Florusnak a r\u00f3mai viselt dolgokr\u00f3l \u00edrott n\u00e9gy k\u00f6nyve. (Kv., 1702); antol\u00f3gia: R\u00f3mai szerz\u0151k 17. sz\u00e1zadi m. ford\u00edt\u00e1sai (szerk. Kecskem\u00e9ti G\u00e1bor; Bp., 1993). <br \/><strong>Irod.:<\/strong> Bodn\u00e1r; Ferenczy\u2013Danielik; Id\u0151t\u00e1r 1; Koncz; Kozma; Kr\u00f3n. F\u00fcz.; Mez\u0151s\u00e1msond; R\u00f3th: Sz\u00fcletett nyelv\u00fcnk\u00f6n; Rugonfalvi Kiss; Szinnyei; \u00daMIL; Wikipedia<\/br><\/p>\n","protected":false},"excerpt":{"rendered":"<p>? \u2020 17.? : tan\u00e1r, rektor ford\u00edt\u00f3. \u2013 Nagyenyeden a Bethlen Koll.-ban tanult (1690\u201395), ahol oszt\u00e1lytan\u00edt\u00f3 is volt \u00e9s di\u00e1kk\u00f6nyvt\u00e1ros. \u00dcdv\u00f6zl\u0151 verset \u00edrt N\u00e1dudvari P\u00e9terhez (1695). Ford\u00edtott a Cicero levelei- \u00e9s besz\u00e9deib\u0151l, g\u00f6r\u00f6g nyelvet is tan\u00edtott. A mv.-i Ref. Skola Partikula professzora, rektora (1698. szept. 13. \u2013 1700. szept. 26). F\u0151 c\u00e9lj\u00e1nak tekintette a sk\u00f3la [&hellip;]<\/p>\n","protected":false},"featured_media":0,"comment_status":"open","ping_status":"closed","template":"","meta":[],"product_brand":[],"product_cat":[137],"product_tag":[],"class_list":{"0":"post-4393","1":"product","2":"type-product","3":"status-publish","5":"product_cat-maros-megyei-eletrajzi-lexikon","7":"first","8":"instock","9":"shipping-taxable","10":"product-type-simple"},"_links":{"self":[{"href":"https:\/\/uj.adatbank.ro\/lexikon\/wp-json\/wp\/v2\/product\/4393","targetHints":{"allow":["GET"]}}],"collection":[{"href":"https:\/\/uj.adatbank.ro\/lexikon\/wp-json\/wp\/v2\/product"}],"about":[{"href":"https:\/\/uj.adatbank.ro\/lexikon\/wp-json\/wp\/v2\/types\/product"}],"replies":[{"embeddable":true,"href":"https:\/\/uj.adatbank.ro\/lexikon\/wp-json\/wp\/v2\/comments?post=4393"}],"wp:attachment":[{"href":"https:\/\/uj.adatbank.ro\/lexikon\/wp-json\/wp\/v2\/media?parent=4393"}],"wp:term":[{"taxonomy":"product_brand","embeddable":true,"href":"https:\/\/uj.adatbank.ro\/lexikon\/wp-json\/wp\/v2\/product_brand?post=4393"},{"taxonomy":"product_cat","embeddable":true,"href":"https:\/\/uj.adatbank.ro\/lexikon\/wp-json\/wp\/v2\/product_cat?post=4393"},{"taxonomy":"product_tag","embeddable":true,"href":"https:\/\/uj.adatbank.ro\/lexikon\/wp-json\/wp\/v2\/product_tag?post=4393"}],"curies":[{"name":"wp","href":"https:\/\/api.w.org\/{rel}","templated":true}]}}