{"id":4395,"date":"2025-06-28T16:40:12","date_gmt":"2025-06-28T14:40:12","guid":{"rendered":"https:\/\/uj.adatbank.ro\/lexikon\/termek\/benko-mihaly-besenyoi\/"},"modified":"2025-06-28T16:40:12","modified_gmt":"2025-06-28T14:40:12","slug":"benko-mihaly-besenyoi","status":"publish","type":"product","link":"https:\/\/uj.adatbank.ro\/lexikon\/termek\/benko-mihaly-besenyoi\/","title":{"rendered":"BENK\u0150 Mih\u00e1ly, beseny\u0151i"},"content":{"rendered":"<p>? \u2020 ? : ref. lelk\u00e9sz. \u2013 Nagyenyeden subscrib\u00e1lt (1758). Somosdon volt lelk\u00e9sz (1762\u201369). Szolg\u00e1lata idej\u00e9ben a h\u00edvekkel \u00f6sszefogva rendbetett\u00e9k a par\u00f3ki\u00e1lis \u00e9p\u00fcleteket. Sz\u00e9kelycs\u00f3k\u00e1ban is \u0151 v\u00e9gezte a lelk\u00e9szi teend\u0151ket. Harangl\u00e1bon szolg\u00e1lt (1770). <br \/><strong>Irod.:<\/strong> K\u00fck\u00fcll\u0151i Ref. Egyh\u00e1zm. 2.; Somosd<\/br><\/p>\n","protected":false},"excerpt":{"rendered":"<p>? \u2020 ? : ref. lelk\u00e9sz. \u2013 Nagyenyeden subscrib\u00e1lt (1758). Somosdon volt lelk\u00e9sz (1762\u201369). Szolg\u00e1lata idej\u00e9ben a h\u00edvekkel \u00f6sszefogva rendbetett\u00e9k a par\u00f3ki\u00e1lis \u00e9p\u00fcleteket. Sz\u00e9kelycs\u00f3k\u00e1ban is \u0151 v\u00e9gezte a lelk\u00e9szi teend\u0151ket. Harangl\u00e1bon szolg\u00e1lt (1770). Irod.: K\u00fck\u00fcll\u0151i Ref. Egyh\u00e1zm. 2.; Somosd<\/p>\n","protected":false},"featured_media":0,"comment_status":"open","ping_status":"closed","template":"","meta":[],"product_brand":[],"product_cat":[137],"product_tag":[],"class_list":{"0":"post-4395","1":"product","2":"type-product","3":"status-publish","5":"product_cat-maros-megyei-eletrajzi-lexikon","7":"first","8":"instock","9":"shipping-taxable","10":"product-type-simple"},"_links":{"self":[{"href":"https:\/\/uj.adatbank.ro\/lexikon\/wp-json\/wp\/v2\/product\/4395","targetHints":{"allow":["GET"]}}],"collection":[{"href":"https:\/\/uj.adatbank.ro\/lexikon\/wp-json\/wp\/v2\/product"}],"about":[{"href":"https:\/\/uj.adatbank.ro\/lexikon\/wp-json\/wp\/v2\/types\/product"}],"replies":[{"embeddable":true,"href":"https:\/\/uj.adatbank.ro\/lexikon\/wp-json\/wp\/v2\/comments?post=4395"}],"wp:attachment":[{"href":"https:\/\/uj.adatbank.ro\/lexikon\/wp-json\/wp\/v2\/media?parent=4395"}],"wp:term":[{"taxonomy":"product_brand","embeddable":true,"href":"https:\/\/uj.adatbank.ro\/lexikon\/wp-json\/wp\/v2\/product_brand?post=4395"},{"taxonomy":"product_cat","embeddable":true,"href":"https:\/\/uj.adatbank.ro\/lexikon\/wp-json\/wp\/v2\/product_cat?post=4395"},{"taxonomy":"product_tag","embeddable":true,"href":"https:\/\/uj.adatbank.ro\/lexikon\/wp-json\/wp\/v2\/product_tag?post=4395"}],"curies":[{"name":"wp","href":"https:\/\/api.w.org\/{rel}","templated":true}]}}