{"id":4397,"date":"2025-06-28T16:40:16","date_gmt":"2025-06-28T14:40:16","guid":{"rendered":"https:\/\/uj.adatbank.ro\/lexikon\/termek\/benko-miklos-kisbaconi\/"},"modified":"2025-06-28T16:40:16","modified_gmt":"2025-06-28T14:40:16","slug":"benko-miklos-kisbaconi","status":"publish","type":"product","link":"https:\/\/uj.adatbank.ro\/lexikon\/termek\/benko-miklos-kisbaconi\/","title":{"rendered":"BENK\u0150 Mikl\u00f3s, kisbaconi"},"content":{"rendered":"<p>1830. \u2020 Mv., 1910.: szolgab\u00edr\u00f3. \u2013Feles\u00e9ge: 1. Pallocska Eszter (1833.?-Mv., 1876. m\u00e1j. 8.), le\u00e1nyaik: R\u00f3za, Giza, Ilona; 2. Nagy Karolina (1830\u20131917. j\u00fan. 16). \u2013 1848\u201349 honv\u00e9d, k\u00e9s\u0151bb szolgab\u00edr\u00f3 volt, a mez\u0151b\u00e1ndi j\u00e1r\u00e1s d\u00fal\u00f3biztosa (1864). <br \/><strong>Irod.:<\/strong> Csekme; Gy\u00e1szjelent\u0151; Pesty 2014<\/br><\/p>\n","protected":false},"excerpt":{"rendered":"<p>1830. \u2020 Mv., 1910.: szolgab\u00edr\u00f3. \u2013Feles\u00e9ge: 1. Pallocska Eszter (1833.?-Mv., 1876. m\u00e1j. 8.), le\u00e1nyaik: R\u00f3za, Giza, Ilona; 2. Nagy Karolina (1830\u20131917. j\u00fan. 16). \u2013 1848\u201349 honv\u00e9d, k\u00e9s\u0151bb szolgab\u00edr\u00f3 volt, a mez\u0151b\u00e1ndi j\u00e1r\u00e1s d\u00fal\u00f3biztosa (1864). Irod.: Csekme; Gy\u00e1szjelent\u0151; Pesty 2014<\/p>\n","protected":false},"featured_media":0,"comment_status":"open","ping_status":"closed","template":"","meta":[],"product_brand":[],"product_cat":[137],"product_tag":[],"class_list":{"0":"post-4397","1":"product","2":"type-product","3":"status-publish","5":"product_cat-maros-megyei-eletrajzi-lexikon","7":"first","8":"instock","9":"shipping-taxable","10":"product-type-simple"},"_links":{"self":[{"href":"https:\/\/uj.adatbank.ro\/lexikon\/wp-json\/wp\/v2\/product\/4397","targetHints":{"allow":["GET"]}}],"collection":[{"href":"https:\/\/uj.adatbank.ro\/lexikon\/wp-json\/wp\/v2\/product"}],"about":[{"href":"https:\/\/uj.adatbank.ro\/lexikon\/wp-json\/wp\/v2\/types\/product"}],"replies":[{"embeddable":true,"href":"https:\/\/uj.adatbank.ro\/lexikon\/wp-json\/wp\/v2\/comments?post=4397"}],"wp:attachment":[{"href":"https:\/\/uj.adatbank.ro\/lexikon\/wp-json\/wp\/v2\/media?parent=4397"}],"wp:term":[{"taxonomy":"product_brand","embeddable":true,"href":"https:\/\/uj.adatbank.ro\/lexikon\/wp-json\/wp\/v2\/product_brand?post=4397"},{"taxonomy":"product_cat","embeddable":true,"href":"https:\/\/uj.adatbank.ro\/lexikon\/wp-json\/wp\/v2\/product_cat?post=4397"},{"taxonomy":"product_tag","embeddable":true,"href":"https:\/\/uj.adatbank.ro\/lexikon\/wp-json\/wp\/v2\/product_tag?post=4397"}],"curies":[{"name":"wp","href":"https:\/\/api.w.org\/{rel}","templated":true}]}}