{"id":4403,"date":"2025-06-28T16:40:28","date_gmt":"2025-06-28T14:40:28","guid":{"rendered":"https:\/\/uj.adatbank.ro\/lexikon\/termek\/benko-sandor-2\/"},"modified":"2025-06-28T16:40:28","modified_gmt":"2025-06-28T14:40:28","slug":"benko-sandor-2","status":"publish","type":"product","link":"https:\/\/uj.adatbank.ro\/lexikon\/termek\/benko-sandor-2\/","title":{"rendered":"BENK\u0150 S\u00e1ndor"},"content":{"rendered":"<p>? \u2020 ? : keresked\u0151. \u2013 Sz\u00e1szr\u00e9genben volt fakeresked\u0151. F\u0151hadnagyk\u00e9nt beh\u00edvt\u00e1k a mv.-i 22. gyalogezredhez (1913. okt.). R\u00e9szt vett az I. vh.-ban. Az orosz fronton k\u00e9t alkalommal sebes\u00fclt meg. Orosz fogs\u00e1gba ker\u00fclt, ahonnan megsz\u00f6k\u00f6tt (1918). <strong>Kit\u00fcntet\u00e9sei:<\/strong> Crucea de trup\u0103 Carol; Medalia mic\u0103 de vitejie din argint; Crucea de merit al deta\u015famentului III.; Medalia mare de vitejie din bronz, crucea de fier al detasamentului II. german, Medalia de invalid. <br \/><strong>Irod.:<\/strong> Reghin, militari<\/br><\/p>\n","protected":false},"excerpt":{"rendered":"<p>? \u2020 ? : keresked\u0151. \u2013 Sz\u00e1szr\u00e9genben volt fakeresked\u0151. F\u0151hadnagyk\u00e9nt beh\u00edvt\u00e1k a mv.-i 22. gyalogezredhez (1913. okt.). R\u00e9szt vett az I. vh.-ban. Az orosz fronton k\u00e9t alkalommal sebes\u00fclt meg. Orosz fogs\u00e1gba ker\u00fclt, ahonnan megsz\u00f6k\u00f6tt (1918). Kit\u00fcntet\u00e9sei: Crucea de trup\u0103 Carol; Medalia mic\u0103 de vitejie din argint; Crucea de merit al deta\u015famentului III.; Medalia mare de [&hellip;]<\/p>\n","protected":false},"featured_media":0,"comment_status":"open","ping_status":"closed","template":"","meta":[],"product_brand":[],"product_cat":[137],"product_tag":[],"class_list":{"0":"post-4403","1":"product","2":"type-product","3":"status-publish","5":"product_cat-maros-megyei-eletrajzi-lexikon","7":"first","8":"instock","9":"shipping-taxable","10":"product-type-simple"},"_links":{"self":[{"href":"https:\/\/uj.adatbank.ro\/lexikon\/wp-json\/wp\/v2\/product\/4403","targetHints":{"allow":["GET"]}}],"collection":[{"href":"https:\/\/uj.adatbank.ro\/lexikon\/wp-json\/wp\/v2\/product"}],"about":[{"href":"https:\/\/uj.adatbank.ro\/lexikon\/wp-json\/wp\/v2\/types\/product"}],"replies":[{"embeddable":true,"href":"https:\/\/uj.adatbank.ro\/lexikon\/wp-json\/wp\/v2\/comments?post=4403"}],"wp:attachment":[{"href":"https:\/\/uj.adatbank.ro\/lexikon\/wp-json\/wp\/v2\/media?parent=4403"}],"wp:term":[{"taxonomy":"product_brand","embeddable":true,"href":"https:\/\/uj.adatbank.ro\/lexikon\/wp-json\/wp\/v2\/product_brand?post=4403"},{"taxonomy":"product_cat","embeddable":true,"href":"https:\/\/uj.adatbank.ro\/lexikon\/wp-json\/wp\/v2\/product_cat?post=4403"},{"taxonomy":"product_tag","embeddable":true,"href":"https:\/\/uj.adatbank.ro\/lexikon\/wp-json\/wp\/v2\/product_tag?post=4403"}],"curies":[{"name":"wp","href":"https:\/\/api.w.org\/{rel}","templated":true}]}}