{"id":4404,"date":"2025-06-28T16:40:29","date_gmt":"2025-06-28T14:40:29","guid":{"rendered":"https:\/\/uj.adatbank.ro\/lexikon\/termek\/benko-zsuzsanna-%c2%a7-arkosi-bolyai-farkasne\/"},"modified":"2025-06-28T16:40:29","modified_gmt":"2025-06-28T14:40:29","slug":"benko-zsuzsanna-%c2%a7-arkosi-bolyai-farkasne","status":"publish","type":"product","link":"https:\/\/uj.adatbank.ro\/lexikon\/termek\/benko-zsuzsanna-%c2%a7-arkosi-bolyai-farkasne\/","title":{"rendered":"BENK\u0150 Zsuzsanna, \u00a7 \u00e1rkosi, Bolyai Farkasn\u00e9"},"content":{"rendered":"<p>Kv., 1777, 1780. a dom\u00e1ldi kopjaf\u00e1n, \u2020 Mv., 1821. szept. 18. Dom\u00e1ldon temett\u00e9k el. \u2013 Apja kv.-i kirurgus. Bolyai Farkas els\u0151 feles\u00e9ge, h\u00e1zass\u00e1got Dom\u00e1ldon k\u00f6t\u00f6ttek (1801. szept. 28.). Bolyai J\u00e1nos anyja. Rokoni sz\u00e1lak f\u00fazt\u00e9k Hint Elek dr. csal\u00e1dj\u00e1hoz. \u2013 Mv.-re k\u00f6lt\u00f6ztek (1804). Eml\u00e9k\u00e9re a sz\u00e9kelykereszt\u00fari Orb\u00e1n Bal\u00e1zs Gimn.-ban (1973\u201374-es tan\u00e9vben) kopjaf\u00e1t faragtak, amit Weszely Tibor mv.-i Bolyai- kutat\u00f3 saj\u00e1t k\u00f6lts\u00e9g\u00e9n \u00e1ll\u00edtatta fel Dom\u00e1ldon (1982). A mv.-i Elektromaros L\u00edc. \u00e9s a domaldi iskol\u00e1sok megjav\u00edtott\u00e1k a csat\u00f3falvi (egykori Dom\u00e1ld) dombtet\u0151n, a hajdani Bolyai-birtokon \u00e1ll\u00f3 kopjafa k\u00f6r\u00fcli ker\u00edt\u00e9st (2009. ny\u00e1r). Hal\u00e1l\u00e1nak 190. \u00e9vfordul\u00f3ja alkalm\u00e1val, k\u00e9t di\u00e1k a Bolyai Farkas L\u00edc.-b\u00f3l fel\u00faj\u00edtotta a s\u00edrja hely\u00e9t jel\u00f6l\u0151 kopjaf\u00e1t (2011). <br \/><strong>Irod.:<\/strong> Apa \u00e9s fi\u00fa k\u00fczdelme a k\u00f3rokkal (Mv., 2005); Apor \u2013 Ol\u00e1h-G\u00e1l; Bak\u00f3 Zolt\u00e1n, Kily\u00e9n Attila: Kopjafa ny\u00falik az \u00e9g fel\u00e9 (N\u00fa., 1997. febr. 6.); Bak\u00f3 Zolt\u00e1n: 188 \u00e9ves s\u00edron 35 \u00e9ves kopjafa (V\u00e1s\u00e1rhelyi H\u00edrlap, 2009. szept. 16.); Bak\u00f3 Zolt\u00e1n: Fel\u00faj\u00edtott\u00e1k Bolyai J\u00e1nos \u00e9desanyj\u00e1nak eml\u00e9khely\u00e9t (N\u00fa., 2016. \u00e1pr. 5, ); Bolyai-levelek; Bolyaiak nyom\u00e1ban; Id\u0151t\u00e1r 4; Ol\u00e1h-G. R.: Bolyai \u2013 somm\u00e1zat<\/br><\/p>\n","protected":false},"excerpt":{"rendered":"<p>Kv., 1777, 1780. a dom\u00e1ldi kopjaf\u00e1n, \u2020 Mv., 1821. szept. 18. Dom\u00e1ldon temett\u00e9k el. \u2013 Apja kv.-i kirurgus. Bolyai Farkas els\u0151 feles\u00e9ge, h\u00e1zass\u00e1got Dom\u00e1ldon k\u00f6t\u00f6ttek (1801. szept. 28.). Bolyai J\u00e1nos anyja. Rokoni sz\u00e1lak f\u00fazt\u00e9k Hint Elek dr. csal\u00e1dj\u00e1hoz. \u2013 Mv.-re k\u00f6lt\u00f6ztek (1804). Eml\u00e9k\u00e9re a sz\u00e9kelykereszt\u00fari Orb\u00e1n Bal\u00e1zs Gimn.-ban (1973\u201374-es tan\u00e9vben) kopjaf\u00e1t faragtak, amit Weszely Tibor [&hellip;]<\/p>\n","protected":false},"featured_media":0,"comment_status":"open","ping_status":"closed","template":"","meta":[],"product_brand":[],"product_cat":[137],"product_tag":[],"class_list":{"0":"post-4404","1":"product","2":"type-product","3":"status-publish","5":"product_cat-maros-megyei-eletrajzi-lexikon","7":"first","8":"instock","9":"shipping-taxable","10":"product-type-simple"},"_links":{"self":[{"href":"https:\/\/uj.adatbank.ro\/lexikon\/wp-json\/wp\/v2\/product\/4404","targetHints":{"allow":["GET"]}}],"collection":[{"href":"https:\/\/uj.adatbank.ro\/lexikon\/wp-json\/wp\/v2\/product"}],"about":[{"href":"https:\/\/uj.adatbank.ro\/lexikon\/wp-json\/wp\/v2\/types\/product"}],"replies":[{"embeddable":true,"href":"https:\/\/uj.adatbank.ro\/lexikon\/wp-json\/wp\/v2\/comments?post=4404"}],"wp:attachment":[{"href":"https:\/\/uj.adatbank.ro\/lexikon\/wp-json\/wp\/v2\/media?parent=4404"}],"wp:term":[{"taxonomy":"product_brand","embeddable":true,"href":"https:\/\/uj.adatbank.ro\/lexikon\/wp-json\/wp\/v2\/product_brand?post=4404"},{"taxonomy":"product_cat","embeddable":true,"href":"https:\/\/uj.adatbank.ro\/lexikon\/wp-json\/wp\/v2\/product_cat?post=4404"},{"taxonomy":"product_tag","embeddable":true,"href":"https:\/\/uj.adatbank.ro\/lexikon\/wp-json\/wp\/v2\/product_tag?post=4404"}],"curies":[{"name":"wp","href":"https:\/\/api.w.org\/{rel}","templated":true}]}}