{"id":4405,"date":"2025-06-28T16:40:30","date_gmt":"2025-06-28T14:40:30","guid":{"rendered":"https:\/\/uj.adatbank.ro\/lexikon\/termek\/beno-jozsef\/"},"modified":"2025-06-28T16:40:30","modified_gmt":"2025-06-28T14:40:30","slug":"beno-jozsef","status":"publish","type":"product","link":"https:\/\/uj.adatbank.ro\/lexikon\/termek\/beno-jozsef\/","title":{"rendered":"BEN\u0150 J\u00f3zsef"},"content":{"rendered":"<p>Sz\u00e9kelyhodos, 1757. m\u00e1rc. 13., \u2020 1818. m\u00e1j. 7.: r. k. pap. \u2013 Tanult Kv.-on (1772\u201378) \u00e9s B\u00e9csben P\u00e1zm\u00e1neumban v\u00e9gzett (1779\u201381). Papp\u00e1 szentelt\u00e9k B\u00e9csben (1780. j\u00fal. 23.). Tan\u00e1r Sz\u00e9kelyudvarhelyen (1782), k\u00e1pl\u00e1n Egrest\u0151n (1788\u2013), pl\u00e9b\u00e1nos Verespatakon (1798\u2013), k\u00e1ptalani k\u00e1pl\u00e1n (1799\u2013), pl\u00e9b\u00e1nos Bodz\u00e1n (1800\u2013) \u00e9s Gyimesb\u00fckk\u00f6n (1805\u2013). <br \/><strong>Irod.:<\/strong> Ferenczi S\u00e1ndor 2009<\/br><\/p>\n","protected":false},"excerpt":{"rendered":"<p>Sz\u00e9kelyhodos, 1757. m\u00e1rc. 13., \u2020 1818. m\u00e1j. 7.: r. k. pap. \u2013 Tanult Kv.-on (1772\u201378) \u00e9s B\u00e9csben P\u00e1zm\u00e1neumban v\u00e9gzett (1779\u201381). Papp\u00e1 szentelt\u00e9k B\u00e9csben (1780. j\u00fal. 23.). Tan\u00e1r Sz\u00e9kelyudvarhelyen (1782), k\u00e1pl\u00e1n Egrest\u0151n (1788\u2013), pl\u00e9b\u00e1nos Verespatakon (1798\u2013), k\u00e1ptalani k\u00e1pl\u00e1n (1799\u2013), pl\u00e9b\u00e1nos Bodz\u00e1n (1800\u2013) \u00e9s Gyimesb\u00fckk\u00f6n (1805\u2013). Irod.: Ferenczi S\u00e1ndor 2009<\/p>\n","protected":false},"featured_media":0,"comment_status":"open","ping_status":"closed","template":"","meta":[],"product_brand":[],"product_cat":[137],"product_tag":[],"class_list":{"0":"post-4405","1":"product","2":"type-product","3":"status-publish","5":"product_cat-maros-megyei-eletrajzi-lexikon","7":"first","8":"instock","9":"shipping-taxable","10":"product-type-simple"},"_links":{"self":[{"href":"https:\/\/uj.adatbank.ro\/lexikon\/wp-json\/wp\/v2\/product\/4405","targetHints":{"allow":["GET"]}}],"collection":[{"href":"https:\/\/uj.adatbank.ro\/lexikon\/wp-json\/wp\/v2\/product"}],"about":[{"href":"https:\/\/uj.adatbank.ro\/lexikon\/wp-json\/wp\/v2\/types\/product"}],"replies":[{"embeddable":true,"href":"https:\/\/uj.adatbank.ro\/lexikon\/wp-json\/wp\/v2\/comments?post=4405"}],"wp:attachment":[{"href":"https:\/\/uj.adatbank.ro\/lexikon\/wp-json\/wp\/v2\/media?parent=4405"}],"wp:term":[{"taxonomy":"product_brand","embeddable":true,"href":"https:\/\/uj.adatbank.ro\/lexikon\/wp-json\/wp\/v2\/product_brand?post=4405"},{"taxonomy":"product_cat","embeddable":true,"href":"https:\/\/uj.adatbank.ro\/lexikon\/wp-json\/wp\/v2\/product_cat?post=4405"},{"taxonomy":"product_tag","embeddable":true,"href":"https:\/\/uj.adatbank.ro\/lexikon\/wp-json\/wp\/v2\/product_tag?post=4405"}],"curies":[{"name":"wp","href":"https:\/\/api.w.org\/{rel}","templated":true}]}}