{"id":4413,"date":"2025-06-28T16:40:44","date_gmt":"2025-06-28T14:40:44","guid":{"rendered":"https:\/\/uj.adatbank.ro\/lexikon\/termek\/bercsenyi-imre-szekesi-br\/"},"modified":"2025-06-28T16:40:44","modified_gmt":"2025-06-28T14:40:44","slug":"bercsenyi-imre-szekesi-br","status":"publish","type":"product","link":"https:\/\/uj.adatbank.ro\/lexikon\/termek\/bercsenyi-imre-szekesi-br\/","title":{"rendered":"BERCS\u00c9NYI Imre, sz\u00e9kesi br."},"content":{"rendered":"<p>1590., \u2020 Pr\u00e1ga, 1639. szept. 24\/25.: katonatiszt. \u2013 B. L\u00e1szl\u00f3 \u00e9s Bal\u00e1sffy Borb\u00e1la fia. Feles\u00e9ge: Lugossy J\u00e1nos lippai f\u0151kapit\u00e1ny le\u00e1nya, vele S\u00f3lymos v\u00e1r\u00e1t, H\u00f3dmez\u0151v\u00e1s\u00e1rhelyt s t\u00f6bb nagy puszt\u00e1t kapott hozom\u00e1nyul. \u2013 Vall\u00e1sos nevel\u00e9sben r\u00e9szes\u00fclt. K\u00fclf\u00f6ldi egyetemeken tanult, hazat\u00e9r\u00e9se ut\u00e1n R\u00f3m\u00e1ba zar\u00e1ndokolt (1616\u201317), majd a Szentf\u00f6ldre zar\u00e1ndokolt, ez\u00e9rt a jeruzs\u00e1lemi p\u00e1tri\u00e1rk\u00e1t\u00f3l a \u201eszent s\u00edr lovagja&#8221; c.-t kapta \u00e9s enged\u00e9lyt, hogy Jeruzs\u00e1lem c\u00edmer\u00e9t saj\u00e1t c\u00edmer\u00e9be illeszthesse. Visszat\u00e9rve Erd\u00e9lybe, Bethlen G\u00e1bor fejedelem szolg\u00e1lat\u00e1ba l\u00e9pett, megb\u00edz\u00e1s\u00e1b\u00f3l k\u00f6vets\u00e9gben j\u00e1rt a budai pas\u00e1n\u00e1l (1625\u2013), de kegyvesztett lett, josz\u00e1gait lefoglalt\u00e1k. II. Ferdin\u00e1ndnak aj\u00e1nlotta fel szolg\u00e1lat\u00e1t, s a m. udvari kamara tan\u00e1csosa lett, aranysarkanyty\u00fas vit\u00e9z. Ferdin\u00e1nd k\u00f6vetek\u00e9nt I. R\u00e1k\u00f3czi Gy\u00f6rgy fejedelemn\u00e9l j\u00e1rt (1634). N\u00f3gr\u00e1d v\u00e1r\u00e1nak kapit\u00e1nya (1638\u2013), amikor Banner sv\u00e9d gener\u00e1lis csapatai Pr\u00e1g\u00e1t ostromolt\u00e1k, tekint\u00e9lyes l\u00e9tsz\u00e1m\u00fa husz\u00e1rcsapattal sietett a kir\u00e1ly megseg\u00edt\u00e9s\u00e9re, ez\u00e9rt jutalmul b\u00e1r\u00f3i m\u00e9lt\u00f3s\u00e1got (1633\u2013) \u00e9s t\u00e1bornoki rangot kapott (1639). Husz\u00e1rjai \u00e9l\u00e9n a sv\u00e9d neh\u00e9zlovass\u00e1ggal v\u00edvott Pr\u00e1ga melletti csat\u00e1ban esett el. <br \/><strong>Irod.:<\/strong> Kempelen; Kraus: Erd\u00e9lyi kr\u00f3nika; P\u00e1lmay; R\u00e1k\u00f3czi-t\u00e1r (Pest, 1866\u201368); \u00daM\u00c9L<\/br><\/p>\n","protected":false},"excerpt":{"rendered":"<p>1590., \u2020 Pr\u00e1ga, 1639. szept. 24\/25.: katonatiszt. \u2013 B. L\u00e1szl\u00f3 \u00e9s Bal\u00e1sffy Borb\u00e1la fia. Feles\u00e9ge: Lugossy J\u00e1nos lippai f\u0151kapit\u00e1ny le\u00e1nya, vele S\u00f3lymos v\u00e1r\u00e1t, H\u00f3dmez\u0151v\u00e1s\u00e1rhelyt s t\u00f6bb nagy puszt\u00e1t kapott hozom\u00e1nyul. \u2013 Vall\u00e1sos nevel\u00e9sben r\u00e9szes\u00fclt. K\u00fclf\u00f6ldi egyetemeken tanult, hazat\u00e9r\u00e9se ut\u00e1n R\u00f3m\u00e1ba zar\u00e1ndokolt (1616\u201317), majd a Szentf\u00f6ldre zar\u00e1ndokolt, ez\u00e9rt a jeruzs\u00e1lemi p\u00e1tri\u00e1rk\u00e1t\u00f3l a \u201eszent s\u00edr lovagja&#8221; c.-t [&hellip;]<\/p>\n","protected":false},"featured_media":0,"comment_status":"open","ping_status":"closed","template":"","meta":[],"product_brand":[],"product_cat":[137],"product_tag":[],"class_list":{"0":"post-4413","1":"product","2":"type-product","3":"status-publish","5":"product_cat-maros-megyei-eletrajzi-lexikon","7":"first","8":"instock","9":"shipping-taxable","10":"product-type-simple"},"_links":{"self":[{"href":"https:\/\/uj.adatbank.ro\/lexikon\/wp-json\/wp\/v2\/product\/4413","targetHints":{"allow":["GET"]}}],"collection":[{"href":"https:\/\/uj.adatbank.ro\/lexikon\/wp-json\/wp\/v2\/product"}],"about":[{"href":"https:\/\/uj.adatbank.ro\/lexikon\/wp-json\/wp\/v2\/types\/product"}],"replies":[{"embeddable":true,"href":"https:\/\/uj.adatbank.ro\/lexikon\/wp-json\/wp\/v2\/comments?post=4413"}],"wp:attachment":[{"href":"https:\/\/uj.adatbank.ro\/lexikon\/wp-json\/wp\/v2\/media?parent=4413"}],"wp:term":[{"taxonomy":"product_brand","embeddable":true,"href":"https:\/\/uj.adatbank.ro\/lexikon\/wp-json\/wp\/v2\/product_brand?post=4413"},{"taxonomy":"product_cat","embeddable":true,"href":"https:\/\/uj.adatbank.ro\/lexikon\/wp-json\/wp\/v2\/product_cat?post=4413"},{"taxonomy":"product_tag","embeddable":true,"href":"https:\/\/uj.adatbank.ro\/lexikon\/wp-json\/wp\/v2\/product_tag?post=4413"}],"curies":[{"name":"wp","href":"https:\/\/api.w.org\/{rel}","templated":true}]}}