{"id":4414,"date":"2025-06-28T16:40:47","date_gmt":"2025-06-28T14:40:47","guid":{"rendered":"https:\/\/uj.adatbank.ro\/lexikon\/termek\/bercsenyi-imre-szekesi-gr\/"},"modified":"2025-06-28T16:40:47","modified_gmt":"2025-06-28T14:40:47","slug":"bercsenyi-imre-szekesi-gr","status":"publish","type":"product","link":"https:\/\/uj.adatbank.ro\/lexikon\/termek\/bercsenyi-imre-szekesi-gr\/","title":{"rendered":"BERCS\u00c9NYI Imre, sz\u00e9kesi gr."},"content":{"rendered":"<p>? \u2020 Mikh\u00e1za, 1601, a Ferenc-rendiek s\u00edrboltj\u00e1ba temett\u00e9k. \u2013 Sz\u00e9kes \u00e9s Kend\u0151 k\u00f6zs\u00e9gekre nyert adom\u00e1nyt B\u00e1thori Krist\u00f3ft\u00f3l (1577. jan. 6.). Sz\u00e9kesen k\u00e1poln\u00e1t \u00e9p\u00edtetett (1590), m\u00e1ra m\u00e1r elt\u0171nt csak mint elnevez\u00e9s maradt fent. Az udvarh\u00e1zat a s\u00f3falvi Illy\u00e9s csal\u00e1d \u00f6r\u00f6k\u00f6lte. A s\u00f3falvi Illy\u00e9s Gerzson neje, Vajda M\u00e1ria, gr. B. Imre n\u00f6v\u00e9r\u00e9nek, Zs\u00f3fi\u00e1nak, lesz\u00e1rmazottjak\u00e9nt \u00f6r\u00f6k\u00f6lte a m\u00e1r elz\u00e1lagos\u00edtott Bercs\u00e9nyi birtokot \u00e9s ez\u00e9rt k\u00f6lt\u00f6z\u00f6tt az Illy\u00e9s csal\u00e1d a Marosszentgy\u00f6rgy melletti Sz\u00e9kesre. <br \/><strong>Irod.:<\/strong> J\u00f3zsa Andr\u00e1s: S\u00f3falvi Illy\u00e9s Lajos a modern Szov\u00e1taf\u00fcrd\u0151 megalap\u00edt\u00f3ja [5. p., k\u00e9zirat]; L\u00e9sty\u00e1n \u2013 templomok 1.; P\u00e1lmay; Pesty 2014<\/br><\/p>\n","protected":false},"excerpt":{"rendered":"<p>? \u2020 Mikh\u00e1za, 1601, a Ferenc-rendiek s\u00edrboltj\u00e1ba temett\u00e9k. \u2013 Sz\u00e9kes \u00e9s Kend\u0151 k\u00f6zs\u00e9gekre nyert adom\u00e1nyt B\u00e1thori Krist\u00f3ft\u00f3l (1577. jan. 6.). Sz\u00e9kesen k\u00e1poln\u00e1t \u00e9p\u00edtetett (1590), m\u00e1ra m\u00e1r elt\u0171nt csak mint elnevez\u00e9s maradt fent. Az udvarh\u00e1zat a s\u00f3falvi Illy\u00e9s csal\u00e1d \u00f6r\u00f6k\u00f6lte. A s\u00f3falvi Illy\u00e9s Gerzson neje, Vajda M\u00e1ria, gr. B. Imre n\u00f6v\u00e9r\u00e9nek, Zs\u00f3fi\u00e1nak, lesz\u00e1rmazottjak\u00e9nt \u00f6r\u00f6k\u00f6lte a m\u00e1r [&hellip;]<\/p>\n","protected":false},"featured_media":0,"comment_status":"open","ping_status":"closed","template":"","meta":[],"product_brand":[],"product_cat":[137],"product_tag":[],"class_list":{"0":"post-4414","1":"product","2":"type-product","3":"status-publish","5":"product_cat-maros-megyei-eletrajzi-lexikon","7":"first","8":"instock","9":"shipping-taxable","10":"product-type-simple"},"_links":{"self":[{"href":"https:\/\/uj.adatbank.ro\/lexikon\/wp-json\/wp\/v2\/product\/4414","targetHints":{"allow":["GET"]}}],"collection":[{"href":"https:\/\/uj.adatbank.ro\/lexikon\/wp-json\/wp\/v2\/product"}],"about":[{"href":"https:\/\/uj.adatbank.ro\/lexikon\/wp-json\/wp\/v2\/types\/product"}],"replies":[{"embeddable":true,"href":"https:\/\/uj.adatbank.ro\/lexikon\/wp-json\/wp\/v2\/comments?post=4414"}],"wp:attachment":[{"href":"https:\/\/uj.adatbank.ro\/lexikon\/wp-json\/wp\/v2\/media?parent=4414"}],"wp:term":[{"taxonomy":"product_brand","embeddable":true,"href":"https:\/\/uj.adatbank.ro\/lexikon\/wp-json\/wp\/v2\/product_brand?post=4414"},{"taxonomy":"product_cat","embeddable":true,"href":"https:\/\/uj.adatbank.ro\/lexikon\/wp-json\/wp\/v2\/product_cat?post=4414"},{"taxonomy":"product_tag","embeddable":true,"href":"https:\/\/uj.adatbank.ro\/lexikon\/wp-json\/wp\/v2\/product_tag?post=4414"}],"curies":[{"name":"wp","href":"https:\/\/api.w.org\/{rel}","templated":true}]}}