{"id":4416,"date":"2025-06-28T16:40:51","date_gmt":"2025-06-28T14:40:51","guid":{"rendered":"https:\/\/uj.adatbank.ro\/lexikon\/termek\/bercsenyi-miklos-szekesi-gr\/"},"modified":"2025-06-28T16:40:51","modified_gmt":"2025-06-28T14:40:51","slug":"bercsenyi-miklos-szekesi-gr","status":"publish","type":"product","link":"https:\/\/uj.adatbank.ro\/lexikon\/termek\/bercsenyi-miklos-szekesi-gr\/","title":{"rendered":"BERCS\u00c9NYI Mikl\u00f3s, sz\u00e9kesi gr."},"content":{"rendered":"<p>1665. dec. 6., \u2020 Rodost\u00f3, 1725. nov. 25. 1726. nov. 6: f\u0151hadvez\u00e9r, kuruc t\u00e1bornok \u00e9s fejedelmi helytart\u00f3. A Bercs\u00e9nyi csal\u00e1d B\u00e1thori Krist\u00f3ft\u00f3l kapta a sz\u00e9kesi birtokot. Aranysarkanyty\u00fas vit\u00e9z, cs. kir. tan\u00e1csos \u00e9s kamar\u00e1s, Szeged v\u00e1r\u00e1nak f\u0151kapit\u00e1nya \u00e9s Ungv\u00e1rmegye \u00f6r\u00f6k\u00f6s f\u0151isp\u00e1nja; gr. (1689). Vez\u00e9re volt a R\u00e1k\u00f3czi-f\u00e9le szabads\u00e1gharcnak \u00e9s a magyaro.-i \u00e9s erd\u00e9lyi sz\u00f6vetkezett rendek eln\u00f6ke; a szatm\u00e1ri b\u00e9ke ut\u00e1n (1711) T\u00f6r\u00f6ko.-ba ment \u00e9s Rodost\u00f3ban halt meg. Hamvait haza hozt\u00e1k (1906). Mv.-en utca viselte a nev\u00e9t. \u2013 <strong>F. m.:<\/strong> Sz\u00e9kesi gr\u00f3f B. M. levelei K\u00e1rolyi S\u00e1ndorhoz. 1703\u20131711. Kiad. Thaly K\u00e1lm\u00e1n (Pest, 1868); B. M. f\u0151hadvez\u00e9r \u00e9s fejedelmi helytart\u00f3 leve\u00adlei R\u00e1k\u00f3czi fejedelemhez 1704\u20131712, I-IV. Kiad. Thaly K\u00e1lm\u00e1n (Bp., 1875\u201379); B. M. f\u0151hadvez\u00e9r \u00e9s fejedelmi helytart\u00f3 leveles\u00adk\u00f6nyvei \u00e9s m\u00e1s eml\u00e9kezetre m\u00e9lt\u00f3 iratai. Kiad. Thaly K\u00e1lm\u00e1n (Bp., 1882). Bercs\u00e9nyi Mikl\u00f3s v\u00e1logatott levelei (Bp., 2004). <br \/><strong>Irod.:<\/strong> D\u00f6rnyei 2005; Kempelen; M\u00e1th\u00e9 Levente; MCK; P\u00e1lmay; R\u00e1k\u00f3czi \u2013t\u00e1r (Pest, 1866\u201368); R\u00e1k\u00f3czi album (Mv., s. a.); II. R\u00e1k\u00f3czi Ferenc eml\u00e9kiratai (Gy\u0151r, 1861); Szentgy\u00f6rgyi; Thaly K\u00e1lm\u00e1n: A sz\u00e9kesi gr\u00f3f. Bercs\u00e9nyi csal\u00e1d (Bp., 1885\u201392); \u00daM\u00c9L<\/br><\/p>\n","protected":false},"excerpt":{"rendered":"<p>1665. dec. 6., \u2020 Rodost\u00f3, 1725. nov. 25. 1726. nov. 6: f\u0151hadvez\u00e9r, kuruc t\u00e1bornok \u00e9s fejedelmi helytart\u00f3. A Bercs\u00e9nyi csal\u00e1d B\u00e1thori Krist\u00f3ft\u00f3l kapta a sz\u00e9kesi birtokot. Aranysarkanyty\u00fas vit\u00e9z, cs. kir. tan\u00e1csos \u00e9s kamar\u00e1s, Szeged v\u00e1r\u00e1nak f\u0151kapit\u00e1nya \u00e9s Ungv\u00e1rmegye \u00f6r\u00f6k\u00f6s f\u0151isp\u00e1nja; gr. (1689). Vez\u00e9re volt a R\u00e1k\u00f3czi-f\u00e9le szabads\u00e1gharcnak \u00e9s a magyaro.-i \u00e9s erd\u00e9lyi sz\u00f6vetkezett rendek eln\u00f6ke; [&hellip;]<\/p>\n","protected":false},"featured_media":0,"comment_status":"open","ping_status":"closed","template":"","meta":[],"product_brand":[],"product_cat":[137],"product_tag":[],"class_list":{"0":"post-4416","1":"product","2":"type-product","3":"status-publish","5":"product_cat-maros-megyei-eletrajzi-lexikon","7":"first","8":"instock","9":"shipping-taxable","10":"product-type-simple"},"_links":{"self":[{"href":"https:\/\/uj.adatbank.ro\/lexikon\/wp-json\/wp\/v2\/product\/4416","targetHints":{"allow":["GET"]}}],"collection":[{"href":"https:\/\/uj.adatbank.ro\/lexikon\/wp-json\/wp\/v2\/product"}],"about":[{"href":"https:\/\/uj.adatbank.ro\/lexikon\/wp-json\/wp\/v2\/types\/product"}],"replies":[{"embeddable":true,"href":"https:\/\/uj.adatbank.ro\/lexikon\/wp-json\/wp\/v2\/comments?post=4416"}],"wp:attachment":[{"href":"https:\/\/uj.adatbank.ro\/lexikon\/wp-json\/wp\/v2\/media?parent=4416"}],"wp:term":[{"taxonomy":"product_brand","embeddable":true,"href":"https:\/\/uj.adatbank.ro\/lexikon\/wp-json\/wp\/v2\/product_brand?post=4416"},{"taxonomy":"product_cat","embeddable":true,"href":"https:\/\/uj.adatbank.ro\/lexikon\/wp-json\/wp\/v2\/product_cat?post=4416"},{"taxonomy":"product_tag","embeddable":true,"href":"https:\/\/uj.adatbank.ro\/lexikon\/wp-json\/wp\/v2\/product_tag?post=4416"}],"curies":[{"name":"wp","href":"https:\/\/api.w.org\/{rel}","templated":true}]}}