{"id":4418,"date":"2025-06-28T16:40:54","date_gmt":"2025-06-28T14:40:54","guid":{"rendered":"https:\/\/uj.adatbank.ro\/lexikon\/termek\/berczi-mihaly-berczy-mihaly\/"},"modified":"2025-06-28T16:40:54","modified_gmt":"2025-06-28T14:40:54","slug":"berczi-mihaly-berczy-mihaly","status":"publish","type":"product","link":"https:\/\/uj.adatbank.ro\/lexikon\/termek\/berczi-mihaly-berczy-mihaly\/","title":{"rendered":"B\u00c9RCZI Mih\u00e1ly; B\u00e9rczy Mih\u00e1ly"},"content":{"rendered":"<p>Tam\u00e1sfalva, 1890. m\u00e1rc. 10., \u2020\u00a0Mv., 1958.: \u00e9nekes, sz\u00edn\u00e9sz, igazgat\u00f3, sz\u00ednh\u00e1zi titk\u00e1r. \u2013 P\u00e1ly\u00e1j\u00e1t 1907-ben kezdte. Kv.-on volt szerz\u0151d\u00e9se (1919\u201320; 1923\u201326; 1929\u201330; 1936\u201337 ). V\u00e1ndort\u00e1rsulatok igazgat\u00f3ja (1930\u201332). Kv.-on eleinte oper\u00e1kban, k\u00e9s\u0151bb pr\u00f3zai darabokban is j\u00e1tszott. P\u00e1lyafut\u00e1sa 30. \u00e9vfordul\u00f3j\u00e1t Kucsuk Ali basa szerep\u00e9vel \u00fcnnepelte ( 1937, Huszka: G\u00fcl baba ). A mv.-i Sz\u00e9kely Sz\u00ednh\u00e1z tagja (1946\u201357), majd adminisztrativ beoszt\u00e1sban dolgozott. A sz\u00ednh\u00e1zt\u00f6rt\u00e9netbe mint sz\u00ednh\u00e1zi titk\u00e1r \u00edrta be a nev\u00e9t nagyszer\u0171 szervez\u0151k\u00e9szs\u00e9g\u00e9vel. \u2013 <strong>F. sz.:<\/strong> Marullo (Verdi: Rigoletto); Benoit (Puccini: Boh\u00e9m\u00e9let); F\u0151eunuch (Leh\u00e1r Ferenc: A mosoly orsz\u00e1ga); Igazgat\u00f3 (Moln\u00e1r Ferenc: A doktor \u00far); Pavlovics (Leh\u00e1r Ferenc: Luxemburg gr\u00f3fja); Wilbur (Jaques Deval: Francia szobal\u00e1ny); Hanek (Zilahy Lajos: Hazaj\u00e1r\u00f3 l\u00e9lek); K\u00f6v\u00e9r \u00far (Paul Laurent: Szerelmes di\u00e1kok); Pali, cig\u00e1ny (Johann Strauss: A cig\u00e1nyb\u00e1r\u00f3); Port\u00e1s (Jakobi Viktor: Sybill); Michon (Eisemann Mih\u00e1ly: Fekete P\u00e9ter); Dudgeon Titusz (G. B. Shaw: Az \u00f6rd\u00f6g cimbor\u00e1ja); Pascu, vid\u00e9ki keresked\u0151 (Mihail Sebastian: N\u00e9vtelen csillag); Czene, cig\u00e1nypr\u00edm\u00e1s (T\u00f3th Ede: A falu rossza); Szeg\u0151 ( Vaszary G\u00e1bor: Mondj igazat); Stingel, p\u00e9kmester (Schubert- Bert\u00e9: H\u00e1rom a kisl\u00e1ny); Chesnel, orvos (Alexandre Bisson: A n\u00e9vtelen asszony); Myska b\u00e1n (Katona J\u00f3zsef: B\u00e1nk b\u00e1n); Jakab mester (Moliere. A f\u00f6sv\u00e9ny); Mister Jacobs senior, aggasty\u00e1n (Evgenij Petrov: A b\u00e9ke szigete); Cseh, tan\u00fa (Gergely S\u00e1ndor: Vit\u00e9zek \u00e9s h\u0151s\u00f6k); Szentg\u00e1li, kanonok (Miksz\u00e1th K\u00e1lm\u00e1n: K\u00fcl\u0151n\u00f6s h\u00e1zass\u00e1g); Lyulyukov, nyugalmazott hivatalnok (Gogol: Revizor); Wieintraub (Kodol\u00e1nyi J\u00e1nos: F\u00f6ldindul\u00e1s); K\u00f6v\u00e9r Mih\u00e1ly gazda (Kis-Kov\u00e1ts: Vihar a havason). <br \/><strong>Irod.:<\/strong> Enyedi; Horv\u00e1th Bea; K\u00f6t\u0151; N\u00fa (1998. nov. 2) BEREKM\u00c9RI Istv\u00e1n Andr\u00e1s\u00e9, \u00a7 *S\u00e1romberke, 1877. \u00e1pr. 23., \u2020\u00a0S\u00e1romberke, 1953. jan. 6.: gazd\u00e1lkod\u00f3, sz\u00f6vetkezeti k\u00f6nyvel\u0151. \u2013 B. Andr\u00e1s Istv\u00e1n\u00e9 (\u2020S\u00e1romberke, 1889. febr. 20.) \u00e9s Berekm\u00e9ri Zsuzs\u00e1nna fia. Feles\u00e9ge: Sz\u0151cs M\u00e1rici (1899. m\u00e1rc. 7. \u2013), gyermekeik: Erzs\u00e9bet (1901), Andr\u00e1s (1903), Istv\u00e1n (1904), Anna (1906), Domokos (1907), Ferenc (1910), M\u00e1ria (1911), Ilona (1914). \u2013 Iskol\u00e1i elv\u00e9gz\u00e9se ut\u00e1n \u00e9desapj\u00e1t\u00f3l tanult gazd\u00e1lkodni, majd \u00f6n\u00e1ll\u00f3 lett \u00e9s saj\u00e1t f\u00f6ldj\u00e9n gazd\u00e1lkodott. Kv.-on Zeyk J\u00f3zsef br. inasa lett (1895. jan. 1\u20131899). A falu kisb\u00edr\u00f3ja (1902\u2013), err\u0151l lemondott, amikor a k\u00f6nyvel\u00e9st Mv.-en tanfolyamon megtanulta \u00e9s visszat\u00e9rt S\u00e1romberk\u00e9re, ahol a hitelsz\u00f6vetkezet k\u00f6nyvel\u0151je lett (1904. nov. 13. \u2013 1924). Nagy szerepe volt a \u201eHangya\u201d fogyaszt\u00e1si sz\u00f6vetkezet megalak\u00edt\u00e1s\u00e1ban (1910), amelynek szint\u00e9n a k\u00f6nyvel\u0151je (1910\u201347). R\u00e9szt vett az I. vh. harcaiban, a 22. gy. e. \u2013ben az orosz fronton orosz fogs\u00e1gba esett (1914. okt. 3. \u2013 1918. febr.). Kelet-Szib\u00e9ri\u00e1ba, Vladivosztok mell\u00e9 hurcolt\u00e1k, majd a Don vid\u00e9k\u00e9n sz\u00e9nb\u00e1ny\u00e1kban volt k\u00e9nyszermunk\u00e1n, ahonnan siker\u00fclt megsz\u00f6knie \u00e9s neh\u00e9zs\u00e9gek \u00e1r\u00e1n hazat\u00e9rt (1918. j\u00fan. 13). Hazat\u00e9r\u00e9se ut\u00e1n ism\u00e9t a sz\u00f6vetkezet \u00fcgyvezet\u0151 k\u00f6nyvel\u0151je. Ref. egyh\u00e1zi presbiterr\u00e9 v\u00e1lasztott\u00e1k (1906\u201348). Meg\u00edrta \u00e9lete t\u00f6rt\u00e9net\u00e9t. \u2013 <strong>F. m.:<\/strong> Minden poklokon kereszt\u00fcl: Egy let\u00fcnt \u00e9let k\u00fczdelmei (Mv., 2008). <br \/><strong>Irod.:<\/strong> MMK; Sz\u00e9kelyf\u00f6ld \u00ed. k.<\/br><\/p>\n","protected":false},"excerpt":{"rendered":"<p>Tam\u00e1sfalva, 1890. m\u00e1rc. 10., \u2020\u00a0Mv., 1958.: \u00e9nekes, sz\u00edn\u00e9sz, igazgat\u00f3, sz\u00ednh\u00e1zi titk\u00e1r. \u2013 P\u00e1ly\u00e1j\u00e1t 1907-ben kezdte. Kv.-on volt szerz\u0151d\u00e9se (1919\u201320; 1923\u201326; 1929\u201330; 1936\u201337 ). V\u00e1ndort\u00e1rsulatok igazgat\u00f3ja (1930\u201332). Kv.-on eleinte oper\u00e1kban, k\u00e9s\u0151bb pr\u00f3zai darabokban is j\u00e1tszott. P\u00e1lyafut\u00e1sa 30. \u00e9vfordul\u00f3j\u00e1t Kucsuk Ali basa szerep\u00e9vel \u00fcnnepelte ( 1937, Huszka: G\u00fcl baba ). A mv.-i Sz\u00e9kely Sz\u00ednh\u00e1z tagja (1946\u201357), majd [&hellip;]<\/p>\n","protected":false},"featured_media":0,"comment_status":"open","ping_status":"closed","template":"","meta":[],"product_brand":[],"product_cat":[137],"product_tag":[],"class_list":{"0":"post-4418","1":"product","2":"type-product","3":"status-publish","5":"product_cat-maros-megyei-eletrajzi-lexikon","7":"first","8":"instock","9":"shipping-taxable","10":"product-type-simple"},"_links":{"self":[{"href":"https:\/\/uj.adatbank.ro\/lexikon\/wp-json\/wp\/v2\/product\/4418","targetHints":{"allow":["GET"]}}],"collection":[{"href":"https:\/\/uj.adatbank.ro\/lexikon\/wp-json\/wp\/v2\/product"}],"about":[{"href":"https:\/\/uj.adatbank.ro\/lexikon\/wp-json\/wp\/v2\/types\/product"}],"replies":[{"embeddable":true,"href":"https:\/\/uj.adatbank.ro\/lexikon\/wp-json\/wp\/v2\/comments?post=4418"}],"wp:attachment":[{"href":"https:\/\/uj.adatbank.ro\/lexikon\/wp-json\/wp\/v2\/media?parent=4418"}],"wp:term":[{"taxonomy":"product_brand","embeddable":true,"href":"https:\/\/uj.adatbank.ro\/lexikon\/wp-json\/wp\/v2\/product_brand?post=4418"},{"taxonomy":"product_cat","embeddable":true,"href":"https:\/\/uj.adatbank.ro\/lexikon\/wp-json\/wp\/v2\/product_cat?post=4418"},{"taxonomy":"product_tag","embeddable":true,"href":"https:\/\/uj.adatbank.ro\/lexikon\/wp-json\/wp\/v2\/product_tag?post=4418"}],"curies":[{"name":"wp","href":"https:\/\/api.w.org\/{rel}","templated":true}]}}