{"id":4420,"date":"2025-06-28T16:40:58","date_gmt":"2025-06-28T14:40:58","guid":{"rendered":"https:\/\/uj.adatbank.ro\/lexikon\/termek\/berde-karoly-laborfalvi-vitez-1924-45\/"},"modified":"2025-06-28T16:40:58","modified_gmt":"2025-06-28T14:40:58","slug":"berde-karoly-laborfalvi-vitez-1924-45","status":"publish","type":"product","link":"https:\/\/uj.adatbank.ro\/lexikon\/termek\/berde-karoly-laborfalvi-vitez-1924-45\/","title":{"rendered":"BERDE K\u00e1roly, laborfalvi, vit\u00e9z (1924\u201345)"},"content":{"rendered":"<p>Nagyenyed, 1891. m\u00e1rc. 6., \u2020 Kv., 1971. j\u00fal. 4.: orvos, b\u0151rgy\u00f3gy\u00e1sz. \u2013 B. M\u00e1ria \u00edr\u00f3n\u0151 \u00f6ccse. Feles\u00e9ge Jeney Erzs\u00e9bet. \u2013 Tanulm\u00e1nyait Nagyenyeden v\u00e9gezte. Egyetemi tan\u00e1rseg\u00e9d (1921\u2013), egyetemi tan\u00e1r a szegedi b\u0151rklinik\u00e1n (1930\u2013). Csak hal\u00e1la ut\u00e1n jelent meg Bolyai J\u00e1nos b\u0151rbetegs\u00e9g\u00e9vel foglalkoz\u00f3 tanulm\u00e1ny Volt-e Bolyai J\u00e1nosnak syphilise? c. \u2013 <strong>F. m.:<\/strong> A Mikrosporiasisr\u00f3l (Cluj-Kv., 1925); Adatok Nagyenyed szellemi n\u00e9prajz\u00e1hoz az 1870\u20131920-as \u00e9vekb\u0151l\u00a0(Mv., 2005). <br \/><strong>Irod.:<\/strong> Apa \u00e9s fi\u00fa k\u00fczdelme a k\u00f3rokkal: Ol\u00e1h Anna: Bolyai Farkas gy\u00f3gy\u00e1szati munk\u00e1ss\u00e1ga; Jeney csal\u00e1di inf.; Vofkori J\u00f3zsef: Bolyai J\u00e1nos betegs\u00e9gei kordokumentumok \u00e9s a modern orvostudom\u00e1ny t\u00fckr\u00e9ben (Mv., 2005); MMK Az \u00daM\u00c9L szerint semmi k\u00f6ze nincs hozz\u00e1nk!!<\/br><\/p>\n","protected":false},"excerpt":{"rendered":"<p>Nagyenyed, 1891. m\u00e1rc. 6., \u2020 Kv., 1971. j\u00fal. 4.: orvos, b\u0151rgy\u00f3gy\u00e1sz. \u2013 B. M\u00e1ria \u00edr\u00f3n\u0151 \u00f6ccse. Feles\u00e9ge Jeney Erzs\u00e9bet. \u2013 Tanulm\u00e1nyait Nagyenyeden v\u00e9gezte. Egyetemi tan\u00e1rseg\u00e9d (1921\u2013), egyetemi tan\u00e1r a szegedi b\u0151rklinik\u00e1n (1930\u2013). Csak hal\u00e1la ut\u00e1n jelent meg Bolyai J\u00e1nos b\u0151rbetegs\u00e9g\u00e9vel foglalkoz\u00f3 tanulm\u00e1ny Volt-e Bolyai J\u00e1nosnak syphilise? c. \u2013 F. m.: A Mikrosporiasisr\u00f3l (Cluj-Kv., 1925); Adatok [&hellip;]<\/p>\n","protected":false},"featured_media":0,"comment_status":"open","ping_status":"closed","template":"","meta":[],"product_brand":[],"product_cat":[137],"product_tag":[],"class_list":{"0":"post-4420","1":"product","2":"type-product","3":"status-publish","5":"product_cat-maros-megyei-eletrajzi-lexikon","7":"first","8":"instock","9":"shipping-taxable","10":"product-type-simple"},"_links":{"self":[{"href":"https:\/\/uj.adatbank.ro\/lexikon\/wp-json\/wp\/v2\/product\/4420","targetHints":{"allow":["GET"]}}],"collection":[{"href":"https:\/\/uj.adatbank.ro\/lexikon\/wp-json\/wp\/v2\/product"}],"about":[{"href":"https:\/\/uj.adatbank.ro\/lexikon\/wp-json\/wp\/v2\/types\/product"}],"replies":[{"embeddable":true,"href":"https:\/\/uj.adatbank.ro\/lexikon\/wp-json\/wp\/v2\/comments?post=4420"}],"wp:attachment":[{"href":"https:\/\/uj.adatbank.ro\/lexikon\/wp-json\/wp\/v2\/media?parent=4420"}],"wp:term":[{"taxonomy":"product_brand","embeddable":true,"href":"https:\/\/uj.adatbank.ro\/lexikon\/wp-json\/wp\/v2\/product_brand?post=4420"},{"taxonomy":"product_cat","embeddable":true,"href":"https:\/\/uj.adatbank.ro\/lexikon\/wp-json\/wp\/v2\/product_cat?post=4420"},{"taxonomy":"product_tag","embeddable":true,"href":"https:\/\/uj.adatbank.ro\/lexikon\/wp-json\/wp\/v2\/product_tag?post=4420"}],"curies":[{"name":"wp","href":"https:\/\/api.w.org\/{rel}","templated":true}]}}