{"id":4427,"date":"2025-06-28T16:41:13","date_gmt":"2025-06-28T14:41:13","guid":{"rendered":"https:\/\/uj.adatbank.ro\/lexikon\/termek\/bereczki-ferenc\/"},"modified":"2025-06-28T16:41:13","modified_gmt":"2025-06-28T14:41:13","slug":"bereczki-ferenc","status":"publish","type":"product","link":"https:\/\/uj.adatbank.ro\/lexikon\/termek\/bereczki-ferenc\/","title":{"rendered":"BERECZKI Ferenc"},"content":{"rendered":"<p>? \u2020\u00a0? : f\u00f6ldbirtokos. \u2013 Feles\u00e9ge: Szil\u00e1gyi Borb\u00e1la. \u2013 Az els\u0151 egyh\u00e1zi vagyonlelt\u00e1r szerint (1756), hozz\u00e1j\u00e1rultak a torboszl\u00f3i ref. egyh\u00e1z fenntart\u00e1s\u00e1hoz, klenodiumokat aj\u00e1nd\u00e9koztak. <br \/><strong>Irod.:<\/strong> Torboszl\u00f3<\/br><\/p>\n","protected":false},"excerpt":{"rendered":"<p>? \u2020\u00a0? : f\u00f6ldbirtokos. \u2013 Feles\u00e9ge: Szil\u00e1gyi Borb\u00e1la. \u2013 Az els\u0151 egyh\u00e1zi vagyonlelt\u00e1r szerint (1756), hozz\u00e1j\u00e1rultak a torboszl\u00f3i ref. egyh\u00e1z fenntart\u00e1s\u00e1hoz, klenodiumokat aj\u00e1nd\u00e9koztak. Irod.: Torboszl\u00f3<\/p>\n","protected":false},"featured_media":0,"comment_status":"open","ping_status":"closed","template":"","meta":[],"product_brand":[],"product_cat":[137],"product_tag":[],"class_list":{"0":"post-4427","1":"product","2":"type-product","3":"status-publish","5":"product_cat-maros-megyei-eletrajzi-lexikon","7":"first","8":"instock","9":"shipping-taxable","10":"product-type-simple"},"_links":{"self":[{"href":"https:\/\/uj.adatbank.ro\/lexikon\/wp-json\/wp\/v2\/product\/4427","targetHints":{"allow":["GET"]}}],"collection":[{"href":"https:\/\/uj.adatbank.ro\/lexikon\/wp-json\/wp\/v2\/product"}],"about":[{"href":"https:\/\/uj.adatbank.ro\/lexikon\/wp-json\/wp\/v2\/types\/product"}],"replies":[{"embeddable":true,"href":"https:\/\/uj.adatbank.ro\/lexikon\/wp-json\/wp\/v2\/comments?post=4427"}],"wp:attachment":[{"href":"https:\/\/uj.adatbank.ro\/lexikon\/wp-json\/wp\/v2\/media?parent=4427"}],"wp:term":[{"taxonomy":"product_brand","embeddable":true,"href":"https:\/\/uj.adatbank.ro\/lexikon\/wp-json\/wp\/v2\/product_brand?post=4427"},{"taxonomy":"product_cat","embeddable":true,"href":"https:\/\/uj.adatbank.ro\/lexikon\/wp-json\/wp\/v2\/product_cat?post=4427"},{"taxonomy":"product_tag","embeddable":true,"href":"https:\/\/uj.adatbank.ro\/lexikon\/wp-json\/wp\/v2\/product_tag?post=4427"}],"curies":[{"name":"wp","href":"https:\/\/api.w.org\/{rel}","templated":true}]}}