{"id":4433,"date":"2025-06-28T16:41:25","date_gmt":"2025-06-28T14:41:25","guid":{"rendered":"https:\/\/uj.adatbank.ro\/lexikon\/termek\/bereczki-laszlo-torboszloi-beretzky-laszlo\/"},"modified":"2025-06-28T16:41:25","modified_gmt":"2025-06-28T14:41:25","slug":"bereczki-laszlo-torboszloi-beretzky-laszlo","status":"publish","type":"product","link":"https:\/\/uj.adatbank.ro\/lexikon\/termek\/bereczki-laszlo-torboszloi-beretzky-laszlo\/","title":{"rendered":"BERECZKI L\u00e1szl\u00f3, torboszl\u00f3i, Beretzky L\u00e1szl\u00f3"},"content":{"rendered":"<p>1812.? \u2020\u00a0Torboszl\u00f3, 1885. okt. 7.: f\u00f6ldbirtokos, honv\u00e9d. f\u0151szolgab\u00edr\u00f3, korm\u00e1nybiztos. \u2013 Testv\u00e9re: S\u00e1ndor, akivel a szabads\u00e1gharc \u00fcgy\u00e9nek t\u00e1mogat\u00f3ja volt. Gyermekei: B. Am\u00e1lia Gy\u0151rfi Pet\u0151n\u00e9; B. Gyula, feles\u00e9ge Nyit\u00f3 \u00c1gnes; B. Eszter gegesi Kiss J\u00f3zsefn\u00e9; B. Roland, feles\u00e9ge Tam\u00e1sy Zsuzsa; B. G\u00e1bor; B. Mikl\u00f3s, feles\u00e9ge B\u00edr\u00f3 J\u00falia; B. Arnold, feles\u00e9ge M\u00e1rton Lina; B. Ilona. \u2013 1848. honv\u00e9d, k\u00f6z\u00fcgyek szolg\u00e1ja. Maros megye Marosi j\u00e1r\u00e1s\u00e1ban f\u0151szolgab\u00edr\u00f3 volt, Bem nevezte ki korm\u00e1nybiztosnak Mv.-re (1849. jan.). <br \/><strong>Irod.:<\/strong> Benk\u0151 K.: Mv.; Gy\u00e1szjelent\u0151; P\u00e1l-Antal 2002; P\u00e1l-Antal 2004; Torboszl\u00f3<\/br><\/p>\n","protected":false},"excerpt":{"rendered":"<p>1812.? \u2020\u00a0Torboszl\u00f3, 1885. okt. 7.: f\u00f6ldbirtokos, honv\u00e9d. f\u0151szolgab\u00edr\u00f3, korm\u00e1nybiztos. \u2013 Testv\u00e9re: S\u00e1ndor, akivel a szabads\u00e1gharc \u00fcgy\u00e9nek t\u00e1mogat\u00f3ja volt. Gyermekei: B. Am\u00e1lia Gy\u0151rfi Pet\u0151n\u00e9; B. Gyula, feles\u00e9ge Nyit\u00f3 \u00c1gnes; B. Eszter gegesi Kiss J\u00f3zsefn\u00e9; B. Roland, feles\u00e9ge Tam\u00e1sy Zsuzsa; B. G\u00e1bor; B. Mikl\u00f3s, feles\u00e9ge B\u00edr\u00f3 J\u00falia; B. Arnold, feles\u00e9ge M\u00e1rton Lina; B. Ilona. \u2013 1848. honv\u00e9d, [&hellip;]<\/p>\n","protected":false},"featured_media":0,"comment_status":"open","ping_status":"closed","template":"","meta":[],"product_brand":[],"product_cat":[137],"product_tag":[],"class_list":{"0":"post-4433","1":"product","2":"type-product","3":"status-publish","5":"product_cat-maros-megyei-eletrajzi-lexikon","7":"first","8":"instock","9":"shipping-taxable","10":"product-type-simple"},"_links":{"self":[{"href":"https:\/\/uj.adatbank.ro\/lexikon\/wp-json\/wp\/v2\/product\/4433","targetHints":{"allow":["GET"]}}],"collection":[{"href":"https:\/\/uj.adatbank.ro\/lexikon\/wp-json\/wp\/v2\/product"}],"about":[{"href":"https:\/\/uj.adatbank.ro\/lexikon\/wp-json\/wp\/v2\/types\/product"}],"replies":[{"embeddable":true,"href":"https:\/\/uj.adatbank.ro\/lexikon\/wp-json\/wp\/v2\/comments?post=4433"}],"wp:attachment":[{"href":"https:\/\/uj.adatbank.ro\/lexikon\/wp-json\/wp\/v2\/media?parent=4433"}],"wp:term":[{"taxonomy":"product_brand","embeddable":true,"href":"https:\/\/uj.adatbank.ro\/lexikon\/wp-json\/wp\/v2\/product_brand?post=4433"},{"taxonomy":"product_cat","embeddable":true,"href":"https:\/\/uj.adatbank.ro\/lexikon\/wp-json\/wp\/v2\/product_cat?post=4433"},{"taxonomy":"product_tag","embeddable":true,"href":"https:\/\/uj.adatbank.ro\/lexikon\/wp-json\/wp\/v2\/product_tag?post=4433"}],"curies":[{"name":"wp","href":"https:\/\/api.w.org\/{rel}","templated":true}]}}