{"id":4434,"date":"2025-06-28T16:41:26","date_gmt":"2025-06-28T14:41:26","guid":{"rendered":"https:\/\/uj.adatbank.ro\/lexikon\/termek\/bereczki-lazarne-kovacs-agnes\/"},"modified":"2025-06-28T16:41:26","modified_gmt":"2025-06-28T14:41:26","slug":"bereczki-lazarne-kovacs-agnes","status":"publish","type":"product","link":"https:\/\/uj.adatbank.ro\/lexikon\/termek\/bereczki-lazarne-kovacs-agnes\/","title":{"rendered":"BERECZKI L\u00e1z\u00e1rn\u00e9, Kov\u00e1cs \u00c1gnes"},"content":{"rendered":"<p>Dem\u00e9nyh\u00e1za, 1880., \u2020\u00a0?\u00a0: k\u00f6zs\u00e9gi sz\u00fcl\u00e9szn\u0151. \u2013 Iskol\u00e1it sz\u00fcl\u0151hely\u00e9n, a sz\u00fcl\u00e9szeti tanfolyamot Nagyszebenben v\u00e9gezte (1907). Sz\u00e9kelyszentistv\u00e1nra, Atosfalv\u00e1ra, Cs\u00f3kfalv\u00e1ra \u00e9s Dem\u00e9nyh\u00e1z\u00e1ra (1913\u2013) ker\u00fclt, \u00e9s v\u00e9gezte hivat\u00e1s\u00e1t. <br \/><strong>Irod.:<\/strong> Sz\u00e9kelyf\u00f6ld \u00ed. k.<\/br><\/p>\n","protected":false},"excerpt":{"rendered":"<p>Dem\u00e9nyh\u00e1za, 1880., \u2020\u00a0?\u00a0: k\u00f6zs\u00e9gi sz\u00fcl\u00e9szn\u0151. \u2013 Iskol\u00e1it sz\u00fcl\u0151hely\u00e9n, a sz\u00fcl\u00e9szeti tanfolyamot Nagyszebenben v\u00e9gezte (1907). Sz\u00e9kelyszentistv\u00e1nra, Atosfalv\u00e1ra, Cs\u00f3kfalv\u00e1ra \u00e9s Dem\u00e9nyh\u00e1z\u00e1ra (1913\u2013) ker\u00fclt, \u00e9s v\u00e9gezte hivat\u00e1s\u00e1t. Irod.: Sz\u00e9kelyf\u00f6ld \u00ed. k.<\/p>\n","protected":false},"featured_media":0,"comment_status":"open","ping_status":"closed","template":"","meta":[],"product_brand":[],"product_cat":[137],"product_tag":[],"class_list":{"0":"post-4434","1":"product","2":"type-product","3":"status-publish","5":"product_cat-maros-megyei-eletrajzi-lexikon","7":"first","8":"instock","9":"shipping-taxable","10":"product-type-simple"},"_links":{"self":[{"href":"https:\/\/uj.adatbank.ro\/lexikon\/wp-json\/wp\/v2\/product\/4434","targetHints":{"allow":["GET"]}}],"collection":[{"href":"https:\/\/uj.adatbank.ro\/lexikon\/wp-json\/wp\/v2\/product"}],"about":[{"href":"https:\/\/uj.adatbank.ro\/lexikon\/wp-json\/wp\/v2\/types\/product"}],"replies":[{"embeddable":true,"href":"https:\/\/uj.adatbank.ro\/lexikon\/wp-json\/wp\/v2\/comments?post=4434"}],"wp:attachment":[{"href":"https:\/\/uj.adatbank.ro\/lexikon\/wp-json\/wp\/v2\/media?parent=4434"}],"wp:term":[{"taxonomy":"product_brand","embeddable":true,"href":"https:\/\/uj.adatbank.ro\/lexikon\/wp-json\/wp\/v2\/product_brand?post=4434"},{"taxonomy":"product_cat","embeddable":true,"href":"https:\/\/uj.adatbank.ro\/lexikon\/wp-json\/wp\/v2\/product_cat?post=4434"},{"taxonomy":"product_tag","embeddable":true,"href":"https:\/\/uj.adatbank.ro\/lexikon\/wp-json\/wp\/v2\/product_tag?post=4434"}],"curies":[{"name":"wp","href":"https:\/\/api.w.org\/{rel}","templated":true}]}}