{"id":4438,"date":"2025-06-28T16:41:38","date_gmt":"2025-06-28T14:41:38","guid":{"rendered":"https:\/\/uj.adatbank.ro\/lexikon\/termek\/bereczki-romuald-jozsef-p\/"},"modified":"2025-06-28T16:41:38","modified_gmt":"2025-06-28T14:41:38","slug":"bereczki-romuald-jozsef-p","status":"publish","type":"product","link":"https:\/\/uj.adatbank.ro\/lexikon\/termek\/bereczki-romuald-jozsef-p\/","title":{"rendered":"BERECZKI Romuald J\u00f3zsef, P."},"content":{"rendered":"<p>Zetelaka, 1722., \u2020\u00a0Makfalva, 1786. dec. 8. Mikh\u00e1z\u00e1n temett\u00e9k, : r. k. szerzetes, k\u00f6lt\u0151. \u2013 Ferencrendi szerzetes, be\u00f6lt\u00f6z\u00f6tt (1742. okt. 1.), felszentelt\u00e9k (1746. nov. 20.). A kidei par\u00f3kia l\u00e9tes\u00edt\u0151je, a makfalvi par\u00f3kia els\u0151 adminisztr\u00e1tora. <br \/><strong>Irod.:<\/strong> Gy\u00f6rgy: A ferencrendiek<\/br><\/p>\n","protected":false},"excerpt":{"rendered":"<p>Zetelaka, 1722., \u2020\u00a0Makfalva, 1786. dec. 8. Mikh\u00e1z\u00e1n temett\u00e9k, : r. k. szerzetes, k\u00f6lt\u0151. \u2013 Ferencrendi szerzetes, be\u00f6lt\u00f6z\u00f6tt (1742. okt. 1.), felszentelt\u00e9k (1746. nov. 20.). A kidei par\u00f3kia l\u00e9tes\u00edt\u0151je, a makfalvi par\u00f3kia els\u0151 adminisztr\u00e1tora. Irod.: Gy\u00f6rgy: A ferencrendiek<\/p>\n","protected":false},"featured_media":0,"comment_status":"open","ping_status":"closed","template":"","meta":[],"product_brand":[],"product_cat":[137],"product_tag":[],"class_list":{"0":"post-4438","1":"product","2":"type-product","3":"status-publish","5":"product_cat-maros-megyei-eletrajzi-lexikon","7":"first","8":"instock","9":"shipping-taxable","10":"product-type-simple"},"_links":{"self":[{"href":"https:\/\/uj.adatbank.ro\/lexikon\/wp-json\/wp\/v2\/product\/4438","targetHints":{"allow":["GET"]}}],"collection":[{"href":"https:\/\/uj.adatbank.ro\/lexikon\/wp-json\/wp\/v2\/product"}],"about":[{"href":"https:\/\/uj.adatbank.ro\/lexikon\/wp-json\/wp\/v2\/types\/product"}],"replies":[{"embeddable":true,"href":"https:\/\/uj.adatbank.ro\/lexikon\/wp-json\/wp\/v2\/comments?post=4438"}],"wp:attachment":[{"href":"https:\/\/uj.adatbank.ro\/lexikon\/wp-json\/wp\/v2\/media?parent=4438"}],"wp:term":[{"taxonomy":"product_brand","embeddable":true,"href":"https:\/\/uj.adatbank.ro\/lexikon\/wp-json\/wp\/v2\/product_brand?post=4438"},{"taxonomy":"product_cat","embeddable":true,"href":"https:\/\/uj.adatbank.ro\/lexikon\/wp-json\/wp\/v2\/product_cat?post=4438"},{"taxonomy":"product_tag","embeddable":true,"href":"https:\/\/uj.adatbank.ro\/lexikon\/wp-json\/wp\/v2\/product_tag?post=4438"}],"curies":[{"name":"wp","href":"https:\/\/api.w.org\/{rel}","templated":true}]}}