{"id":4444,"date":"2025-06-28T16:41:55","date_gmt":"2025-06-28T14:41:55","guid":{"rendered":"https:\/\/uj.adatbank.ro\/lexikon\/termek\/bereczky-laszlo-torboszloi-es-szentrontasi\/"},"modified":"2025-06-28T16:41:55","modified_gmt":"2025-06-28T14:41:55","slug":"bereczky-laszlo-torboszloi-es-szentrontasi","status":"publish","type":"product","link":"https:\/\/uj.adatbank.ro\/lexikon\/termek\/bereczky-laszlo-torboszloi-es-szentrontasi\/","title":{"rendered":"BERECZKY L\u00e1szl\u00f3, torboszl\u00f3i \u00e9s szentront\u00e1si"},"content":{"rendered":"<p>? \u2020\u00a0? : hivatalnok. \u2013 Tesv\u00e9re: S\u00e1ndor. \u2013 Mindkette marossz\u00e9ki hivatalnokok voltak (1854). A csal\u00e1d sz\u00e1mos tagja \u00e9lt Rigm\u00e1nyban, Jobb\u00e1gytelk\u00e9n, Malomfalv\u00e1n. <br \/><strong>Irod.:<\/strong> Nagy Iv\u00e1n<\/br><\/p>\n","protected":false},"excerpt":{"rendered":"<p>? \u2020\u00a0? : hivatalnok. \u2013 Tesv\u00e9re: S\u00e1ndor. \u2013 Mindkette marossz\u00e9ki hivatalnokok voltak (1854). A csal\u00e1d sz\u00e1mos tagja \u00e9lt Rigm\u00e1nyban, Jobb\u00e1gytelk\u00e9n, Malomfalv\u00e1n. Irod.: Nagy Iv\u00e1n<\/p>\n","protected":false},"featured_media":0,"comment_status":"open","ping_status":"closed","template":"","meta":[],"product_brand":[],"product_cat":[137],"product_tag":[],"class_list":{"0":"post-4444","1":"product","2":"type-product","3":"status-publish","5":"product_cat-maros-megyei-eletrajzi-lexikon","7":"first","8":"instock","9":"shipping-taxable","10":"product-type-simple"},"_links":{"self":[{"href":"https:\/\/uj.adatbank.ro\/lexikon\/wp-json\/wp\/v2\/product\/4444","targetHints":{"allow":["GET"]}}],"collection":[{"href":"https:\/\/uj.adatbank.ro\/lexikon\/wp-json\/wp\/v2\/product"}],"about":[{"href":"https:\/\/uj.adatbank.ro\/lexikon\/wp-json\/wp\/v2\/types\/product"}],"replies":[{"embeddable":true,"href":"https:\/\/uj.adatbank.ro\/lexikon\/wp-json\/wp\/v2\/comments?post=4444"}],"wp:attachment":[{"href":"https:\/\/uj.adatbank.ro\/lexikon\/wp-json\/wp\/v2\/media?parent=4444"}],"wp:term":[{"taxonomy":"product_brand","embeddable":true,"href":"https:\/\/uj.adatbank.ro\/lexikon\/wp-json\/wp\/v2\/product_brand?post=4444"},{"taxonomy":"product_cat","embeddable":true,"href":"https:\/\/uj.adatbank.ro\/lexikon\/wp-json\/wp\/v2\/product_cat?post=4444"},{"taxonomy":"product_tag","embeddable":true,"href":"https:\/\/uj.adatbank.ro\/lexikon\/wp-json\/wp\/v2\/product_tag?post=4444"}],"curies":[{"name":"wp","href":"https:\/\/api.w.org\/{rel}","templated":true}]}}