{"id":4445,"date":"2025-06-28T16:41:58","date_gmt":"2025-06-28T14:41:58","guid":{"rendered":"https:\/\/uj.adatbank.ro\/lexikon\/termek\/bereczky-magda-szentes-ferencne\/"},"modified":"2025-06-28T16:41:58","modified_gmt":"2025-06-28T14:41:58","slug":"bereczky-magda-szentes-ferencne","status":"publish","type":"product","link":"https:\/\/uj.adatbank.ro\/lexikon\/termek\/bereczky-magda-szentes-ferencne\/","title":{"rendered":"BERECZKY Magda; Szentes Ferencn\u00e9"},"content":{"rendered":"<p>Nagyteremi, 1920. m\u00e1j. 15., \u2020 Kv., 1987. aug. 23.: sz\u00edn\u00e9szn\u0151. \u2013 A kv.-i sz\u00ednh\u00e1z (1937\u2013), majd a kv.-i \u00c1llami M. Opera tagja (1949). F\u0151leg operettekben l\u00e9pett fel. Humor\u00e9rz\u00e9k\u00e9r\u0151l \u00e9s karikir\u00f3z\u00f3 k\u00e9szs\u00e9g\u00e9r\u0151l volt nevezetes. \u2013 <strong>F. sz.:<\/strong> Arz\u00e9na (Strauss: Cig\u00e1nyb\u00e1r\u00f3); Pepita (Dunajevszkij: Szabad sz\u00e9l); Jol\u00e1n (Leh\u00e1r: Cig\u00e1nyszerelem); Gonosz mostoha (Kacs\u00f3h: J\u00e1nos vit\u00e9z), Francia cs\u00e1sz\u00e1rn\u00e9 (Kod\u00e1ly: H\u00e1ry J\u00e1nos), Zulejka (Huszka: G\u00fcl baba); R\u00e9szeg asszony (Szigligeti Ede: Csik\u00f3s); Klotild gr\u00f3fn\u0151 (K\u00e1lm\u00e1n Imre: Marica gr\u00f3fn\u0151). Kisebb szerepet kapott a Sz\u00ednh\u00e1z szerelmese c. filmben. <br \/><strong>Irod.:<\/strong> Enyedi; A H\u00e9t \u00e9vk. (1982); K\u00f6t\u0151<\/br><\/p>\n","protected":false},"excerpt":{"rendered":"<p>Nagyteremi, 1920. m\u00e1j. 15., \u2020 Kv., 1987. aug. 23.: sz\u00edn\u00e9szn\u0151. \u2013 A kv.-i sz\u00ednh\u00e1z (1937\u2013), majd a kv.-i \u00c1llami M. Opera tagja (1949). F\u0151leg operettekben l\u00e9pett fel. Humor\u00e9rz\u00e9k\u00e9r\u0151l \u00e9s karikir\u00f3z\u00f3 k\u00e9szs\u00e9g\u00e9r\u0151l volt nevezetes. \u2013 F. sz.: Arz\u00e9na (Strauss: Cig\u00e1nyb\u00e1r\u00f3); Pepita (Dunajevszkij: Szabad sz\u00e9l); Jol\u00e1n (Leh\u00e1r: Cig\u00e1nyszerelem); Gonosz mostoha (Kacs\u00f3h: J\u00e1nos vit\u00e9z), Francia cs\u00e1sz\u00e1rn\u00e9 (Kod\u00e1ly: H\u00e1ry [&hellip;]<\/p>\n","protected":false},"featured_media":0,"comment_status":"open","ping_status":"closed","template":"","meta":[],"product_brand":[],"product_cat":[137],"product_tag":[],"class_list":{"0":"post-4445","1":"product","2":"type-product","3":"status-publish","5":"product_cat-maros-megyei-eletrajzi-lexikon","7":"first","8":"instock","9":"shipping-taxable","10":"product-type-simple"},"_links":{"self":[{"href":"https:\/\/uj.adatbank.ro\/lexikon\/wp-json\/wp\/v2\/product\/4445","targetHints":{"allow":["GET"]}}],"collection":[{"href":"https:\/\/uj.adatbank.ro\/lexikon\/wp-json\/wp\/v2\/product"}],"about":[{"href":"https:\/\/uj.adatbank.ro\/lexikon\/wp-json\/wp\/v2\/types\/product"}],"replies":[{"embeddable":true,"href":"https:\/\/uj.adatbank.ro\/lexikon\/wp-json\/wp\/v2\/comments?post=4445"}],"wp:attachment":[{"href":"https:\/\/uj.adatbank.ro\/lexikon\/wp-json\/wp\/v2\/media?parent=4445"}],"wp:term":[{"taxonomy":"product_brand","embeddable":true,"href":"https:\/\/uj.adatbank.ro\/lexikon\/wp-json\/wp\/v2\/product_brand?post=4445"},{"taxonomy":"product_cat","embeddable":true,"href":"https:\/\/uj.adatbank.ro\/lexikon\/wp-json\/wp\/v2\/product_cat?post=4445"},{"taxonomy":"product_tag","embeddable":true,"href":"https:\/\/uj.adatbank.ro\/lexikon\/wp-json\/wp\/v2\/product_tag?post=4445"}],"curies":[{"name":"wp","href":"https:\/\/api.w.org\/{rel}","templated":true}]}}