{"id":4447,"date":"2025-06-28T16:42:01","date_gmt":"2025-06-28T14:42:01","guid":{"rendered":"https:\/\/uj.adatbank.ro\/lexikon\/termek\/bereczky-mihaly-torboszloi-es-szentrontasi-bereczki-mihaly\/"},"modified":"2025-06-28T16:42:01","modified_gmt":"2025-06-28T14:42:01","slug":"bereczky-mihaly-torboszloi-es-szentrontasi-bereczki-mihaly","status":"publish","type":"product","link":"https:\/\/uj.adatbank.ro\/lexikon\/termek\/bereczky-mihaly-torboszloi-es-szentrontasi-bereczki-mihaly\/","title":{"rendered":"BERECZKY Mih\u00e1ly, torboszl\u00f3i \u00e9s szentront\u00e1si, Bereczki Mih\u00e1ly"},"content":{"rendered":"<p>Szenth\u00e1roms\u00e1g, ? \u2020\u00a0? : f\u0151kir\u00e1lyb\u00edr\u00f3, birtokos. \u2013 Szentront\u00e1si birtokos, Bethlen G\u00e1bort\u00f3l nyert 3 jobb\u00e1gyot (1627). Erd\u00e9ly alkir\u00e1lyb\u00edr\u00f3i tiszts\u00e9g\u00e9t t\u00f6lt\u00f6tte be (1640; 1647\u201349). <br \/><strong>Irod.:<\/strong> P\u00e1lmay; Szenth\u00e1roms\u00e1g<\/br><\/p>\n","protected":false},"excerpt":{"rendered":"<p>Szenth\u00e1roms\u00e1g, ? \u2020\u00a0? : f\u0151kir\u00e1lyb\u00edr\u00f3, birtokos. \u2013 Szentront\u00e1si birtokos, Bethlen G\u00e1bort\u00f3l nyert 3 jobb\u00e1gyot (1627). Erd\u00e9ly alkir\u00e1lyb\u00edr\u00f3i tiszts\u00e9g\u00e9t t\u00f6lt\u00f6tte be (1640; 1647\u201349). Irod.: P\u00e1lmay; Szenth\u00e1roms\u00e1g<\/p>\n","protected":false},"featured_media":0,"comment_status":"open","ping_status":"closed","template":"","meta":[],"product_brand":[],"product_cat":[137],"product_tag":[],"class_list":{"0":"post-4447","1":"product","2":"type-product","3":"status-publish","5":"product_cat-maros-megyei-eletrajzi-lexikon","7":"first","8":"instock","9":"shipping-taxable","10":"product-type-simple"},"_links":{"self":[{"href":"https:\/\/uj.adatbank.ro\/lexikon\/wp-json\/wp\/v2\/product\/4447","targetHints":{"allow":["GET"]}}],"collection":[{"href":"https:\/\/uj.adatbank.ro\/lexikon\/wp-json\/wp\/v2\/product"}],"about":[{"href":"https:\/\/uj.adatbank.ro\/lexikon\/wp-json\/wp\/v2\/types\/product"}],"replies":[{"embeddable":true,"href":"https:\/\/uj.adatbank.ro\/lexikon\/wp-json\/wp\/v2\/comments?post=4447"}],"wp:attachment":[{"href":"https:\/\/uj.adatbank.ro\/lexikon\/wp-json\/wp\/v2\/media?parent=4447"}],"wp:term":[{"taxonomy":"product_brand","embeddable":true,"href":"https:\/\/uj.adatbank.ro\/lexikon\/wp-json\/wp\/v2\/product_brand?post=4447"},{"taxonomy":"product_cat","embeddable":true,"href":"https:\/\/uj.adatbank.ro\/lexikon\/wp-json\/wp\/v2\/product_cat?post=4447"},{"taxonomy":"product_tag","embeddable":true,"href":"https:\/\/uj.adatbank.ro\/lexikon\/wp-json\/wp\/v2\/product_tag?post=4447"}],"curies":[{"name":"wp","href":"https:\/\/api.w.org\/{rel}","templated":true}]}}