{"id":4450,"date":"2025-06-28T16:42:08","date_gmt":"2025-06-28T14:42:08","guid":{"rendered":"https:\/\/uj.adatbank.ro\/lexikon\/termek\/bereczky-sandor-torboszloi\/"},"modified":"2025-06-28T16:42:08","modified_gmt":"2025-06-28T14:42:08","slug":"bereczky-sandor-torboszloi","status":"publish","type":"product","link":"https:\/\/uj.adatbank.ro\/lexikon\/termek\/bereczky-sandor-torboszloi\/","title":{"rendered":"BERECZKY S\u00e1ndor, torboszl\u00f3i"},"content":{"rendered":"<p>Sepr\u0151d, 1867. nov. 16., \u2020 ? : jog\u00e1sz, M\u00c1V f\u0151fel\u00fcgyel\u0151. \u2013 Elemi iskol\u00e1it Mv.-en, a gimn.-ot Losoncon v\u00e9gezte. Az \u00e1llamvasutak szolg\u00e1lat\u00e1ba l\u00e9pett (1885\u20131930) Miskolcon, Kass\u00e1n, Mv.-en, Nagyszebenben, Brass\u00f3ban, Kv.-on az \u00fczletvezet\u0151s\u00e9gn\u00e9l dolgozott, ott elv\u00e9gezte a jogot (1894\u201398), majd doktor\u00e1lt (1899). Bp.-re ker\u00fclt (1920\u201330), az igazgat\u00f3s\u00e1g k\u00e1rt\u00e9r\u00edt\u00e9si oszt\u00e1ly\u00e1n m\u0171k\u00f6d\u00f6tt mint \u00fczletvezet\u0151 helyettes majd szakoszt\u00e1lyf\u00f6n\u00f6k. A kv.-i Keresk. Akad.-\u00e1n el\u0151adta (1903\u201311) a vas\u00fati fuvarjogot. Versek, t\u00e1rc\u00e1k, t\u00e1rsadalmi \u00e9s vas\u00fati szakcikkei a Kassai Szemle, Marosvid\u00e9k, Brass\u00f3i Lapok, Vas\u00fati Lapok, Erd\u00e9lyi H\u00edrad\u00f3, Sz\u00e1rnyasker\u00e9k (1903\/04 f\u0151szerkeszt\u0151), Vasuti \u00e9s haj\u00f3z\u00e1si Hetilap-ban. \u2013 <strong>F. m.:<\/strong> Eml\u00e9kalbum a kolozsv\u00e1ri M\u00c1V m\u0171hely \u00d6sszhang \u00f6nk\u00e9pz\u0151&#8230; egylet\u00e9nek&#8230; z\u00e1szl\u00f3 szentel\u00e9si \u00fcnnep\u00e9lye alkalm\u00e1val (Kv., 1903); Magyar polg\u00e1ri t\u00f6rv\u00e9nykez\u00e9si jog (Kv., 1903); M. Vas\u00fati \u00e9s Haj\u00f3z\u00e1si Klub konstantin\u00e1polyi kir\u00e1ndul\u00e1s\u00e1r\u00f3l (Kv., 1904); H\u00e9t orsz\u00e1gon kereszt\u00fcl (Bp., 1914); Irjunk magyarosan (Bp., 1916); A vas\u00fat k\u00e1rt\u00e9r\u00edt\u00e9si felel\u0151ss\u00e9ge sz\u00e1ll\u00edt\u00e1si k\u00e1rok\u00e9rt (Bp., 1918). <br \/><strong>Irod.:<\/strong> Guly\u00e1s<\/br><\/p>\n","protected":false},"excerpt":{"rendered":"<p>Sepr\u0151d, 1867. nov. 16., \u2020 ? : jog\u00e1sz, M\u00c1V f\u0151fel\u00fcgyel\u0151. \u2013 Elemi iskol\u00e1it Mv.-en, a gimn.-ot Losoncon v\u00e9gezte. Az \u00e1llamvasutak szolg\u00e1lat\u00e1ba l\u00e9pett (1885\u20131930) Miskolcon, Kass\u00e1n, Mv.-en, Nagyszebenben, Brass\u00f3ban, Kv.-on az \u00fczletvezet\u0151s\u00e9gn\u00e9l dolgozott, ott elv\u00e9gezte a jogot (1894\u201398), majd doktor\u00e1lt (1899). Bp.-re ker\u00fclt (1920\u201330), az igazgat\u00f3s\u00e1g k\u00e1rt\u00e9r\u00edt\u00e9si oszt\u00e1ly\u00e1n m\u0171k\u00f6d\u00f6tt mint \u00fczletvezet\u0151 helyettes majd szakoszt\u00e1lyf\u00f6n\u00f6k. A kv.-i [&hellip;]<\/p>\n","protected":false},"featured_media":0,"comment_status":"open","ping_status":"closed","template":"","meta":[],"product_brand":[],"product_cat":[137],"product_tag":[],"class_list":{"0":"post-4450","1":"product","2":"type-product","3":"status-publish","5":"product_cat-maros-megyei-eletrajzi-lexikon","7":"first","8":"instock","9":"shipping-taxable","10":"product-type-simple"},"_links":{"self":[{"href":"https:\/\/uj.adatbank.ro\/lexikon\/wp-json\/wp\/v2\/product\/4450","targetHints":{"allow":["GET"]}}],"collection":[{"href":"https:\/\/uj.adatbank.ro\/lexikon\/wp-json\/wp\/v2\/product"}],"about":[{"href":"https:\/\/uj.adatbank.ro\/lexikon\/wp-json\/wp\/v2\/types\/product"}],"replies":[{"embeddable":true,"href":"https:\/\/uj.adatbank.ro\/lexikon\/wp-json\/wp\/v2\/comments?post=4450"}],"wp:attachment":[{"href":"https:\/\/uj.adatbank.ro\/lexikon\/wp-json\/wp\/v2\/media?parent=4450"}],"wp:term":[{"taxonomy":"product_brand","embeddable":true,"href":"https:\/\/uj.adatbank.ro\/lexikon\/wp-json\/wp\/v2\/product_brand?post=4450"},{"taxonomy":"product_cat","embeddable":true,"href":"https:\/\/uj.adatbank.ro\/lexikon\/wp-json\/wp\/v2\/product_cat?post=4450"},{"taxonomy":"product_tag","embeddable":true,"href":"https:\/\/uj.adatbank.ro\/lexikon\/wp-json\/wp\/v2\/product_tag?post=4450"}],"curies":[{"name":"wp","href":"https:\/\/api.w.org\/{rel}","templated":true}]}}