{"id":4455,"date":"2025-06-28T16:42:18","date_gmt":"2025-06-28T14:42:18","guid":{"rendered":"https:\/\/uj.adatbank.ro\/lexikon\/termek\/berei-ferenc\/"},"modified":"2025-06-28T16:42:18","modified_gmt":"2025-06-28T14:42:18","slug":"berei-ferenc","status":"publish","type":"product","link":"https:\/\/uj.adatbank.ro\/lexikon\/termek\/berei-ferenc\/","title":{"rendered":"BEREI Ferenc"},"content":{"rendered":"<p>? \u2020 ? : v\u00e1rosi szen\u00e1tor, utcakapit\u00e1ny. \u2013 Mv.-i Szentgy\u00f6rgyutcai k\u00f6rzetfel\u00fcgyel\u0151 (1739), akinek h\u00e1z\u00e1ban sz\u00e1llt meg zilahi Sebess Andr\u00e1s tan\u00e1r, a gyulafeh\u00e9rv\u00e1ri ref. koll. menek\u00fcltjeinek vezet\u0151je. <br \/><strong>Irod.:<\/strong> Kr\u00f3n. F\u00fcz. (1940. 4\/10); P\u00e1l-Antal 2006; P\u00e1l-Antal 2009<\/br><\/p>\n","protected":false},"excerpt":{"rendered":"<p>? \u2020 ? : v\u00e1rosi szen\u00e1tor, utcakapit\u00e1ny. \u2013 Mv.-i Szentgy\u00f6rgyutcai k\u00f6rzetfel\u00fcgyel\u0151 (1739), akinek h\u00e1z\u00e1ban sz\u00e1llt meg zilahi Sebess Andr\u00e1s tan\u00e1r, a gyulafeh\u00e9rv\u00e1ri ref. koll. menek\u00fcltjeinek vezet\u0151je. Irod.: Kr\u00f3n. F\u00fcz. (1940. 4\/10); P\u00e1l-Antal 2006; P\u00e1l-Antal 2009<\/p>\n","protected":false},"featured_media":0,"comment_status":"open","ping_status":"closed","template":"","meta":[],"product_brand":[],"product_cat":[137],"product_tag":[],"class_list":{"0":"post-4455","1":"product","2":"type-product","3":"status-publish","5":"product_cat-maros-megyei-eletrajzi-lexikon","7":"first","8":"instock","9":"shipping-taxable","10":"product-type-simple"},"_links":{"self":[{"href":"https:\/\/uj.adatbank.ro\/lexikon\/wp-json\/wp\/v2\/product\/4455","targetHints":{"allow":["GET"]}}],"collection":[{"href":"https:\/\/uj.adatbank.ro\/lexikon\/wp-json\/wp\/v2\/product"}],"about":[{"href":"https:\/\/uj.adatbank.ro\/lexikon\/wp-json\/wp\/v2\/types\/product"}],"replies":[{"embeddable":true,"href":"https:\/\/uj.adatbank.ro\/lexikon\/wp-json\/wp\/v2\/comments?post=4455"}],"wp:attachment":[{"href":"https:\/\/uj.adatbank.ro\/lexikon\/wp-json\/wp\/v2\/media?parent=4455"}],"wp:term":[{"taxonomy":"product_brand","embeddable":true,"href":"https:\/\/uj.adatbank.ro\/lexikon\/wp-json\/wp\/v2\/product_brand?post=4455"},{"taxonomy":"product_cat","embeddable":true,"href":"https:\/\/uj.adatbank.ro\/lexikon\/wp-json\/wp\/v2\/product_cat?post=4455"},{"taxonomy":"product_tag","embeddable":true,"href":"https:\/\/uj.adatbank.ro\/lexikon\/wp-json\/wp\/v2\/product_tag?post=4455"}],"curies":[{"name":"wp","href":"https:\/\/api.w.org\/{rel}","templated":true}]}}