{"id":4459,"date":"2025-06-28T16:42:25","date_gmt":"2025-06-28T14:42:25","guid":{"rendered":"https:\/\/uj.adatbank.ro\/lexikon\/termek\/berekmeri-bela\/"},"modified":"2025-06-28T16:42:25","modified_gmt":"2025-06-28T14:42:25","slug":"berekmeri-bela","status":"publish","type":"product","link":"https:\/\/uj.adatbank.ro\/lexikon\/termek\/berekmeri-bela\/","title":{"rendered":"BEREKM\u00c9RI B\u00e9la"},"content":{"rendered":"<p>1926. szept. 26. \u2020\u00a0Mv., 2022. j\u00fal. 15.: Mez\u0151gazdas\u00e1gi alm\u00e9rn\u00f6k, tan\u00e1r. A mv.-i v\u00e1rtemplomi egyh\u00e1zk\u00f6zs\u00e9g gondnoka. <br \/><strong>Irod.:<\/strong> EMKK2010<\/br><\/p>\n","protected":false},"excerpt":{"rendered":"<p>1926. szept. 26. \u2020\u00a0Mv., 2022. j\u00fal. 15.: Mez\u0151gazdas\u00e1gi alm\u00e9rn\u00f6k, tan\u00e1r. A mv.-i v\u00e1rtemplomi egyh\u00e1zk\u00f6zs\u00e9g gondnoka. Irod.: EMKK2010<\/p>\n","protected":false},"featured_media":0,"comment_status":"open","ping_status":"closed","template":"","meta":[],"product_brand":[],"product_cat":[137],"product_tag":[],"class_list":{"0":"post-4459","1":"product","2":"type-product","3":"status-publish","5":"product_cat-maros-megyei-eletrajzi-lexikon","7":"first","8":"instock","9":"shipping-taxable","10":"product-type-simple"},"_links":{"self":[{"href":"https:\/\/uj.adatbank.ro\/lexikon\/wp-json\/wp\/v2\/product\/4459","targetHints":{"allow":["GET"]}}],"collection":[{"href":"https:\/\/uj.adatbank.ro\/lexikon\/wp-json\/wp\/v2\/product"}],"about":[{"href":"https:\/\/uj.adatbank.ro\/lexikon\/wp-json\/wp\/v2\/types\/product"}],"replies":[{"embeddable":true,"href":"https:\/\/uj.adatbank.ro\/lexikon\/wp-json\/wp\/v2\/comments?post=4459"}],"wp:attachment":[{"href":"https:\/\/uj.adatbank.ro\/lexikon\/wp-json\/wp\/v2\/media?parent=4459"}],"wp:term":[{"taxonomy":"product_brand","embeddable":true,"href":"https:\/\/uj.adatbank.ro\/lexikon\/wp-json\/wp\/v2\/product_brand?post=4459"},{"taxonomy":"product_cat","embeddable":true,"href":"https:\/\/uj.adatbank.ro\/lexikon\/wp-json\/wp\/v2\/product_cat?post=4459"},{"taxonomy":"product_tag","embeddable":true,"href":"https:\/\/uj.adatbank.ro\/lexikon\/wp-json\/wp\/v2\/product_tag?post=4459"}],"curies":[{"name":"wp","href":"https:\/\/api.w.org\/{rel}","templated":true}]}}