{"id":4460,"date":"2025-06-28T16:42:27","date_gmt":"2025-06-28T14:42:27","guid":{"rendered":"https:\/\/uj.adatbank.ro\/lexikon\/termek\/berekmeri-ferenc\/"},"modified":"2025-06-28T16:42:27","modified_gmt":"2025-06-28T14:42:27","slug":"berekmeri-ferenc","status":"publish","type":"product","link":"https:\/\/uj.adatbank.ro\/lexikon\/termek\/berekmeri-ferenc\/","title":{"rendered":"BEREKM\u00c9RI Ferenc"},"content":{"rendered":"<p>S\u00e1romberke, 1898., \u2020\u00a0? : birtokos, k\u00f6zs\u00e9gi b\u00edr\u00f3. \u2013 Feles\u00e9ge: F\u00fcl\u00f6p M\u00e1ria. \u2013 Az iskol\u00e1i elv\u00e9gz\u00e9se ut\u00e1n gazd\u00e1lkodni kezdett. Az I. vh.-ban az 5. honv\u00e9d t\u00fcz\u00e9rezredben, majd a 8-as t\u00fcz\u00e9rekn\u00e9l harcolt, betegen ker\u00fclt haza. A bronz vit. \u00e9. \u00e9s a K\u00e1roly Csapatkereszt kit\u00fcntet\u00e9st kapta. A ref. egyh\u00e1z presbitere, a Hitelsz\u00f6vetkezet p\u00e9nzt\u00e1rosa, a Gazdak\u00f6r v\u00e1l. tagja, a k\u00f6zs\u00e9g b\u00edr\u00f3ja (1940\u2013). <br \/><strong>Irod.:<\/strong> Erd\u00e9lyi ezredek; Erd\u00e9lyi v\u00e1rmegy\u00e9k; Sz\u00e9kelyf\u00f6ld \u00ed. k<\/br><\/p>\n","protected":false},"excerpt":{"rendered":"<p>S\u00e1romberke, 1898., \u2020\u00a0? : birtokos, k\u00f6zs\u00e9gi b\u00edr\u00f3. \u2013 Feles\u00e9ge: F\u00fcl\u00f6p M\u00e1ria. \u2013 Az iskol\u00e1i elv\u00e9gz\u00e9se ut\u00e1n gazd\u00e1lkodni kezdett. Az I. vh.-ban az 5. honv\u00e9d t\u00fcz\u00e9rezredben, majd a 8-as t\u00fcz\u00e9rekn\u00e9l harcolt, betegen ker\u00fclt haza. A bronz vit. \u00e9. \u00e9s a K\u00e1roly Csapatkereszt kit\u00fcntet\u00e9st kapta. A ref. egyh\u00e1z presbitere, a Hitelsz\u00f6vetkezet p\u00e9nzt\u00e1rosa, a Gazdak\u00f6r v\u00e1l. tagja, a [&hellip;]<\/p>\n","protected":false},"featured_media":0,"comment_status":"open","ping_status":"closed","template":"","meta":[],"product_brand":[],"product_cat":[137],"product_tag":[],"class_list":{"0":"post-4460","1":"product","2":"type-product","3":"status-publish","5":"product_cat-maros-megyei-eletrajzi-lexikon","7":"first","8":"instock","9":"shipping-taxable","10":"product-type-simple"},"_links":{"self":[{"href":"https:\/\/uj.adatbank.ro\/lexikon\/wp-json\/wp\/v2\/product\/4460","targetHints":{"allow":["GET"]}}],"collection":[{"href":"https:\/\/uj.adatbank.ro\/lexikon\/wp-json\/wp\/v2\/product"}],"about":[{"href":"https:\/\/uj.adatbank.ro\/lexikon\/wp-json\/wp\/v2\/types\/product"}],"replies":[{"embeddable":true,"href":"https:\/\/uj.adatbank.ro\/lexikon\/wp-json\/wp\/v2\/comments?post=4460"}],"wp:attachment":[{"href":"https:\/\/uj.adatbank.ro\/lexikon\/wp-json\/wp\/v2\/media?parent=4460"}],"wp:term":[{"taxonomy":"product_brand","embeddable":true,"href":"https:\/\/uj.adatbank.ro\/lexikon\/wp-json\/wp\/v2\/product_brand?post=4460"},{"taxonomy":"product_cat","embeddable":true,"href":"https:\/\/uj.adatbank.ro\/lexikon\/wp-json\/wp\/v2\/product_cat?post=4460"},{"taxonomy":"product_tag","embeddable":true,"href":"https:\/\/uj.adatbank.ro\/lexikon\/wp-json\/wp\/v2\/product_tag?post=4460"}],"curies":[{"name":"wp","href":"https:\/\/api.w.org\/{rel}","templated":true}]}}