{"id":4462,"date":"2025-06-28T16:42:31","date_gmt":"2025-06-28T14:42:31","guid":{"rendered":"https:\/\/uj.adatbank.ro\/lexikon\/termek\/berekmeri-jozsef-berekmery-jozsef\/"},"modified":"2025-06-28T16:42:31","modified_gmt":"2025-06-28T14:42:31","slug":"berekmeri-jozsef-berekmery-jozsef","status":"publish","type":"product","link":"https:\/\/uj.adatbank.ro\/lexikon\/termek\/berekmeri-jozsef-berekmery-jozsef\/","title":{"rendered":"BEREKM\u00c9RI J\u00f3zsef, Berekm\u00e9ry J\u00f3zsef"},"content":{"rendered":"<p>Gernyeszeg, 1892., \u2020\u00a0?\u00a0: kert\u00e9sz. \u2013 Iskol\u00e1it sz\u00fcl\u0151faluj\u00e1ban v\u00e9gezte, majd kert\u00e9szeti szakk\u00e9pes\u00edt\u00e9st nyert, \u00f6n\u00e1ll\u00f3 kert\u00e9szete volt Mv.-en (1932\u2013). Az els\u0151 vh.-ban a 62. gy. e.-ben harcolt az orosz, szerb, olasz fronton, megsebes\u00fclt. A seb. \u00e9., a szolg. \u00e9., a bronz vit.-\u00e9. \u00e9s a K\u00e1roly Csapatkereszt kit\u00fcntetettje. <br \/><strong>Irod.:<\/strong> Sz\u00e9kelyf\u00f6ld \u00ed. k<\/br><\/p>\n","protected":false},"excerpt":{"rendered":"<p>Gernyeszeg, 1892., \u2020\u00a0?\u00a0: kert\u00e9sz. \u2013 Iskol\u00e1it sz\u00fcl\u0151faluj\u00e1ban v\u00e9gezte, majd kert\u00e9szeti szakk\u00e9pes\u00edt\u00e9st nyert, \u00f6n\u00e1ll\u00f3 kert\u00e9szete volt Mv.-en (1932\u2013). Az els\u0151 vh.-ban a 62. gy. e.-ben harcolt az orosz, szerb, olasz fronton, megsebes\u00fclt. A seb. \u00e9., a szolg. \u00e9., a bronz vit.-\u00e9. \u00e9s a K\u00e1roly Csapatkereszt kit\u00fcntetettje. Irod.: Sz\u00e9kelyf\u00f6ld \u00ed. k<\/p>\n","protected":false},"featured_media":0,"comment_status":"open","ping_status":"closed","template":"","meta":[],"product_brand":[],"product_cat":[137],"product_tag":[],"class_list":{"0":"post-4462","1":"product","2":"type-product","3":"status-publish","5":"product_cat-maros-megyei-eletrajzi-lexikon","7":"first","8":"instock","9":"shipping-taxable","10":"product-type-simple"},"_links":{"self":[{"href":"https:\/\/uj.adatbank.ro\/lexikon\/wp-json\/wp\/v2\/product\/4462","targetHints":{"allow":["GET"]}}],"collection":[{"href":"https:\/\/uj.adatbank.ro\/lexikon\/wp-json\/wp\/v2\/product"}],"about":[{"href":"https:\/\/uj.adatbank.ro\/lexikon\/wp-json\/wp\/v2\/types\/product"}],"replies":[{"embeddable":true,"href":"https:\/\/uj.adatbank.ro\/lexikon\/wp-json\/wp\/v2\/comments?post=4462"}],"wp:attachment":[{"href":"https:\/\/uj.adatbank.ro\/lexikon\/wp-json\/wp\/v2\/media?parent=4462"}],"wp:term":[{"taxonomy":"product_brand","embeddable":true,"href":"https:\/\/uj.adatbank.ro\/lexikon\/wp-json\/wp\/v2\/product_brand?post=4462"},{"taxonomy":"product_cat","embeddable":true,"href":"https:\/\/uj.adatbank.ro\/lexikon\/wp-json\/wp\/v2\/product_cat?post=4462"},{"taxonomy":"product_tag","embeddable":true,"href":"https:\/\/uj.adatbank.ro\/lexikon\/wp-json\/wp\/v2\/product_tag?post=4462"}],"curies":[{"name":"wp","href":"https:\/\/api.w.org\/{rel}","templated":true}]}}