{"id":4463,"date":"2025-06-28T16:42:33","date_gmt":"2025-06-28T14:42:33","guid":{"rendered":"https:\/\/uj.adatbank.ro\/lexikon\/termek\/berekmeri-zoltan-berekmery-zoltan\/"},"modified":"2025-06-28T16:42:33","modified_gmt":"2025-06-28T14:42:33","slug":"berekmeri-zoltan-berekmery-zoltan","status":"publish","type":"product","link":"https:\/\/uj.adatbank.ro\/lexikon\/termek\/berekmeri-zoltan-berekmery-zoltan\/","title":{"rendered":"BEREKM\u00c9RI Zolt\u00e1n, Berekm\u00e9ry Zolt\u00e1n"},"content":{"rendered":"<p>Mv., 1908., \u2020\u00a0? : m\u0171b\u00fatorasztalos. \u2013 Iskol\u00e1it elv\u00e9gezve a m\u0171asztalos ipart tanulta ki, seg\u00e9d, \u00f6n\u00e1ll\u00f3 mester lett Mv.-en (1932\u2013). Az Ipartest\u00fclet asztalos szakoszt\u00e1ly\u00e1nak \u00fcgyvezet\u0151 aleln\u00f6ke, a M. Iparos Egyes\u00fclet v\u00e1lasztm\u00e1nyi tagja. <br \/><strong>Irod.:<\/strong> Sz\u00e9kelyf\u00f6ld \u00ed. k.<\/br><\/p>\n","protected":false},"excerpt":{"rendered":"<p>Mv., 1908., \u2020\u00a0? : m\u0171b\u00fatorasztalos. \u2013 Iskol\u00e1it elv\u00e9gezve a m\u0171asztalos ipart tanulta ki, seg\u00e9d, \u00f6n\u00e1ll\u00f3 mester lett Mv.-en (1932\u2013). Az Ipartest\u00fclet asztalos szakoszt\u00e1ly\u00e1nak \u00fcgyvezet\u0151 aleln\u00f6ke, a M. Iparos Egyes\u00fclet v\u00e1lasztm\u00e1nyi tagja. Irod.: Sz\u00e9kelyf\u00f6ld \u00ed. k.<\/p>\n","protected":false},"featured_media":0,"comment_status":"open","ping_status":"closed","template":"","meta":[],"product_brand":[],"product_cat":[137],"product_tag":[],"class_list":{"0":"post-4463","1":"product","2":"type-product","3":"status-publish","5":"product_cat-maros-megyei-eletrajzi-lexikon","7":"first","8":"instock","9":"shipping-taxable","10":"product-type-simple"},"_links":{"self":[{"href":"https:\/\/uj.adatbank.ro\/lexikon\/wp-json\/wp\/v2\/product\/4463","targetHints":{"allow":["GET"]}}],"collection":[{"href":"https:\/\/uj.adatbank.ro\/lexikon\/wp-json\/wp\/v2\/product"}],"about":[{"href":"https:\/\/uj.adatbank.ro\/lexikon\/wp-json\/wp\/v2\/types\/product"}],"replies":[{"embeddable":true,"href":"https:\/\/uj.adatbank.ro\/lexikon\/wp-json\/wp\/v2\/comments?post=4463"}],"wp:attachment":[{"href":"https:\/\/uj.adatbank.ro\/lexikon\/wp-json\/wp\/v2\/media?parent=4463"}],"wp:term":[{"taxonomy":"product_brand","embeddable":true,"href":"https:\/\/uj.adatbank.ro\/lexikon\/wp-json\/wp\/v2\/product_brand?post=4463"},{"taxonomy":"product_cat","embeddable":true,"href":"https:\/\/uj.adatbank.ro\/lexikon\/wp-json\/wp\/v2\/product_cat?post=4463"},{"taxonomy":"product_tag","embeddable":true,"href":"https:\/\/uj.adatbank.ro\/lexikon\/wp-json\/wp\/v2\/product_tag?post=4463"}],"curies":[{"name":"wp","href":"https:\/\/api.w.org\/{rel}","templated":true}]}}