{"id":4465,"date":"2025-06-28T16:42:35","date_gmt":"2025-06-28T14:42:35","guid":{"rendered":"https:\/\/uj.adatbank.ro\/lexikon\/termek\/berenyi-laszlo-malomfalvi\/"},"modified":"2025-06-28T16:42:35","modified_gmt":"2025-06-28T14:42:35","slug":"berenyi-laszlo-malomfalvi","status":"publish","type":"product","link":"https:\/\/uj.adatbank.ro\/lexikon\/termek\/berenyi-laszlo-malomfalvi\/","title":{"rendered":"BER\u00c9NYI L\u00e1szl\u00f3, malomfalvi"},"content":{"rendered":"<p>? \u2020\u00a0? : Marossz\u00e9k f\u0151kir\u00e1lyb\u00edr\u00e1ja volt (1580). A csal\u00e1d kast\u00e9lya Csittfalv\u00e1n \/ Csittszentiv\u00e1nyban volt, romjai l\u00e1tszottak m\u00e9g (1750). <br \/><strong>Irod.:<\/strong> Keresztes Gyula: \u00d6r\u00f6ks\u00e9g\u00fcnk 70.: Udvarh\u00e1zak Mv.-t\u0151l d\u00e9lre (N\u00fa., 1995. jan. 7.); P\u00e1lmay<\/br><\/p>\n","protected":false},"excerpt":{"rendered":"<p>? \u2020\u00a0? : Marossz\u00e9k f\u0151kir\u00e1lyb\u00edr\u00e1ja volt (1580). A csal\u00e1d kast\u00e9lya Csittfalv\u00e1n \/ Csittszentiv\u00e1nyban volt, romjai l\u00e1tszottak m\u00e9g (1750). Irod.: Keresztes Gyula: \u00d6r\u00f6ks\u00e9g\u00fcnk 70.: Udvarh\u00e1zak Mv.-t\u0151l d\u00e9lre (N\u00fa., 1995. jan. 7.); P\u00e1lmay<\/p>\n","protected":false},"featured_media":0,"comment_status":"open","ping_status":"closed","template":"","meta":[],"product_brand":[],"product_cat":[137],"product_tag":[],"class_list":{"0":"post-4465","1":"product","2":"type-product","3":"status-publish","5":"product_cat-maros-megyei-eletrajzi-lexikon","7":"first","8":"instock","9":"shipping-taxable","10":"product-type-simple"},"_links":{"self":[{"href":"https:\/\/uj.adatbank.ro\/lexikon\/wp-json\/wp\/v2\/product\/4465","targetHints":{"allow":["GET"]}}],"collection":[{"href":"https:\/\/uj.adatbank.ro\/lexikon\/wp-json\/wp\/v2\/product"}],"about":[{"href":"https:\/\/uj.adatbank.ro\/lexikon\/wp-json\/wp\/v2\/types\/product"}],"replies":[{"embeddable":true,"href":"https:\/\/uj.adatbank.ro\/lexikon\/wp-json\/wp\/v2\/comments?post=4465"}],"wp:attachment":[{"href":"https:\/\/uj.adatbank.ro\/lexikon\/wp-json\/wp\/v2\/media?parent=4465"}],"wp:term":[{"taxonomy":"product_brand","embeddable":true,"href":"https:\/\/uj.adatbank.ro\/lexikon\/wp-json\/wp\/v2\/product_brand?post=4465"},{"taxonomy":"product_cat","embeddable":true,"href":"https:\/\/uj.adatbank.ro\/lexikon\/wp-json\/wp\/v2\/product_cat?post=4465"},{"taxonomy":"product_tag","embeddable":true,"href":"https:\/\/uj.adatbank.ro\/lexikon\/wp-json\/wp\/v2\/product_tag?post=4465"}],"curies":[{"name":"wp","href":"https:\/\/api.w.org\/{rel}","templated":true}]}}