{"id":4467,"date":"2025-06-28T16:42:43","date_gmt":"2025-06-28T14:42:43","guid":{"rendered":"https:\/\/uj.adatbank.ro\/lexikon\/termek\/beres-gabor\/"},"modified":"2025-06-28T16:42:43","modified_gmt":"2025-06-28T14:42:43","slug":"beres-gabor","status":"publish","type":"product","link":"https:\/\/uj.adatbank.ro\/lexikon\/termek\/beres-gabor\/","title":{"rendered":"B\u00c9RES G\u00e1bor"},"content":{"rendered":"<p>1924 ? \u2020\u00a0Ny\u00e1r\u00e1dszereda, 2006. j\u00fan. 8.: ref. lelkip\u00e1sztor. \u2013 Szolg\u00e1lt Maroscsap\u00f3n (?), Csejden (1964\u201371). <br \/><strong>Irod.:<\/strong> Csejd-T\u00f3falva; S\u00e1romberke<\/br><\/p>\n","protected":false},"excerpt":{"rendered":"<p>1924 ? \u2020\u00a0Ny\u00e1r\u00e1dszereda, 2006. j\u00fan. 8.: ref. lelkip\u00e1sztor. \u2013 Szolg\u00e1lt Maroscsap\u00f3n (?), Csejden (1964\u201371). Irod.: Csejd-T\u00f3falva; S\u00e1romberke<\/p>\n","protected":false},"featured_media":0,"comment_status":"open","ping_status":"closed","template":"","meta":[],"product_brand":[],"product_cat":[137],"product_tag":[],"class_list":{"0":"post-4467","1":"product","2":"type-product","3":"status-publish","5":"product_cat-maros-megyei-eletrajzi-lexikon","7":"first","8":"instock","9":"shipping-taxable","10":"product-type-simple"},"_links":{"self":[{"href":"https:\/\/uj.adatbank.ro\/lexikon\/wp-json\/wp\/v2\/product\/4467","targetHints":{"allow":["GET"]}}],"collection":[{"href":"https:\/\/uj.adatbank.ro\/lexikon\/wp-json\/wp\/v2\/product"}],"about":[{"href":"https:\/\/uj.adatbank.ro\/lexikon\/wp-json\/wp\/v2\/types\/product"}],"replies":[{"embeddable":true,"href":"https:\/\/uj.adatbank.ro\/lexikon\/wp-json\/wp\/v2\/comments?post=4467"}],"wp:attachment":[{"href":"https:\/\/uj.adatbank.ro\/lexikon\/wp-json\/wp\/v2\/media?parent=4467"}],"wp:term":[{"taxonomy":"product_brand","embeddable":true,"href":"https:\/\/uj.adatbank.ro\/lexikon\/wp-json\/wp\/v2\/product_brand?post=4467"},{"taxonomy":"product_cat","embeddable":true,"href":"https:\/\/uj.adatbank.ro\/lexikon\/wp-json\/wp\/v2\/product_cat?post=4467"},{"taxonomy":"product_tag","embeddable":true,"href":"https:\/\/uj.adatbank.ro\/lexikon\/wp-json\/wp\/v2\/product_tag?post=4467"}],"curies":[{"name":"wp","href":"https:\/\/api.w.org\/{rel}","templated":true}]}}