{"id":4473,"date":"2025-06-28T16:43:00","date_gmt":"2025-06-28T14:43:00","guid":{"rendered":"https:\/\/uj.adatbank.ro\/lexikon\/termek\/berger-bela\/"},"modified":"2025-06-28T16:43:00","modified_gmt":"2025-06-28T14:43:00","slug":"berger-bela","status":"publish","type":"product","link":"https:\/\/uj.adatbank.ro\/lexikon\/termek\/berger-bela\/","title":{"rendered":"BERGER B\u00e9la"},"content":{"rendered":"<p>1918., \u2020 Mv., 1992. j\u00fal. 1.: f\u0151orvos. \u2013 Az orvostudom\u00e1ny dr., tan\u00e1rseg\u00e9d volt a MOGYI \u2013n; f\u0151orvos a N\u0151gy\u00f3gy\u00e1szati-Sz\u00fcl\u00e9szeti Klinik\u00e1n. \u2013 <strong>F. m.:<\/strong> <strong>t\u00e1rssz.:<\/strong> N\u0151gy\u00f3gy\u00e1szati jegyzet. 2. k\u00f6t. (Mv., 1954\u201355); Sz\u00fcl\u00e9szeti jegyzet (Mv., 1954, 1959). <br \/><strong>Irod.:<\/strong> Barab\u00e1s-P\u00e9ter M.-P\u00e9ter H. M ; Genersich; Kiss Cs. M 3.; Todea\u2013F\u00fcl\u00f6p\u2013Avram<\/br><\/p>\n","protected":false},"excerpt":{"rendered":"<p>1918., \u2020 Mv., 1992. j\u00fal. 1.: f\u0151orvos. \u2013 Az orvostudom\u00e1ny dr., tan\u00e1rseg\u00e9d volt a MOGYI \u2013n; f\u0151orvos a N\u0151gy\u00f3gy\u00e1szati-Sz\u00fcl\u00e9szeti Klinik\u00e1n. \u2013 F. m.: t\u00e1rssz.: N\u0151gy\u00f3gy\u00e1szati jegyzet. 2. k\u00f6t. (Mv., 1954\u201355); Sz\u00fcl\u00e9szeti jegyzet (Mv., 1954, 1959). Irod.: Barab\u00e1s-P\u00e9ter M.-P\u00e9ter H. M ; Genersich; Kiss Cs. M 3.; Todea\u2013F\u00fcl\u00f6p\u2013Avram<\/p>\n","protected":false},"featured_media":0,"comment_status":"open","ping_status":"closed","template":"","meta":[],"product_brand":[],"product_cat":[137],"product_tag":[],"class_list":{"0":"post-4473","1":"product","2":"type-product","3":"status-publish","5":"product_cat-maros-megyei-eletrajzi-lexikon","7":"first","8":"instock","9":"shipping-taxable","10":"product-type-simple"},"_links":{"self":[{"href":"https:\/\/uj.adatbank.ro\/lexikon\/wp-json\/wp\/v2\/product\/4473","targetHints":{"allow":["GET"]}}],"collection":[{"href":"https:\/\/uj.adatbank.ro\/lexikon\/wp-json\/wp\/v2\/product"}],"about":[{"href":"https:\/\/uj.adatbank.ro\/lexikon\/wp-json\/wp\/v2\/types\/product"}],"replies":[{"embeddable":true,"href":"https:\/\/uj.adatbank.ro\/lexikon\/wp-json\/wp\/v2\/comments?post=4473"}],"wp:attachment":[{"href":"https:\/\/uj.adatbank.ro\/lexikon\/wp-json\/wp\/v2\/media?parent=4473"}],"wp:term":[{"taxonomy":"product_brand","embeddable":true,"href":"https:\/\/uj.adatbank.ro\/lexikon\/wp-json\/wp\/v2\/product_brand?post=4473"},{"taxonomy":"product_cat","embeddable":true,"href":"https:\/\/uj.adatbank.ro\/lexikon\/wp-json\/wp\/v2\/product_cat?post=4473"},{"taxonomy":"product_tag","embeddable":true,"href":"https:\/\/uj.adatbank.ro\/lexikon\/wp-json\/wp\/v2\/product_tag?post=4473"}],"curies":[{"name":"wp","href":"https:\/\/api.w.org\/{rel}","templated":true}]}}