{"id":4474,"date":"2025-06-28T16:43:04","date_gmt":"2025-06-28T14:43:04","guid":{"rendered":"https:\/\/uj.adatbank.ro\/lexikon\/termek\/berger-duci-sz\/"},"modified":"2025-06-28T16:43:04","modified_gmt":"2025-06-28T14:43:04","slug":"berger-duci-sz","status":"publish","type":"product","link":"https:\/\/uj.adatbank.ro\/lexikon\/termek\/berger-duci-sz\/","title":{"rendered":"BERGER Duci, Sz."},"content":{"rendered":"<p>1923., \u2020\u00a0? : karnagy, zeneszerz\u0151, zongorista. \u2013 Horv\u00e1th L\u00e1szl\u00f3 t\u00e1rsulat\u00e1n\u00e1l volt Brass\u00f3ban (1935\u201336); Deport\u00e1lt\u00e1k. A mv.-i Sz\u00e9kely Sz\u00ednh\u00e1z tagja (1946\u2013) mint zongorista, de karmesterkedett, korrepet\u00e1lt \u00e9s rendezett is. R\u00e9szt vett a mv.-i B\u00e1bsz\u00ednh\u00e1z szervez\u00e9s\u00e9ben (1949). A Nagyv\u00e1radi b\u00e1bsz\u00ednh\u00e1zban mutatt\u00e1k be darabjait. Zen\u00e9j\u00e9t szerezte: Az erd\u0151 hangja (1950); A ny\u00fal \u00e9s a kandur (1951). Szatm\u00e1rn\u00e9metib\u0151l Tel Avivba telep\u00fclt. Az ottani m. nyelv\u0171 \u00fajs\u00e1gokban \u00e9s foly\u00f3iratokban k\u00f6z\u00f6lte novell\u00e1it, verseit. \u2013 <strong>F. m.:<\/strong> jelmez: Kov\u00e1ts Dezs\u0151: Egyiptomi legenda; Az \u00e9neksz\u00e1mokat betan\u00edtotta, korrepetitor : Leh\u00e1r F.: A mosoly orsz\u00e1ga (1946); Paul Laurent: Szerelmes di\u00e1kok (1946); Eisemann Mih\u00e1ly: Egy cs\u00f3k \u00e9s m\u00e1s semmi (1947); Schubert-Bert\u00e9: H\u00e1rom a kisl\u00e1ny (1947); vez\u00e9nyelt: Komj\u00e1thy K\u00e1roly Em\u0151d \u2013Tam\u00e1s T\u00f6r\u00f6k Rezs\u0151: A harap\u00f3s f\u00e9rj (1947); Kov\u00e1ts Dezs\u0151: Egyiptomi legenda (1947); Eisemann Mih\u00e1ly: Vadvir\u00e1g (1947); Eric Kastner \u2013 Gy\u00f6rgy P\u00e1l: H\u00e1rom ember a h\u00f3ban (1947); Vid\u00e1m ny\u00e1ri m\u0171sor (1951); zeneszerz\u0151: B\u00f3kay J\u00e1nos: Szak\u00edts helyettem., Steinbeck: Egerek \u00e9s emberek; Vid\u00e1m ny\u00e1ri m\u0171sor (1951); Szab\u00f3 Ern\u0151: A vez\u00e9r; \u00dcgyviteli sorrend; Szab\u00f3 Ern\u0151: Vid\u00e1m vak\u00e1ci\u00f3; zenei <strong>szerk.:<\/strong> Domby Imre: A s\u00e1t\u00e1nfi\u00f3ka. <br \/><strong>Irod.:<\/strong> Ariel; Hotv\u00e1th Bea; K\u00e1ntor-K\u00f6t\u0151; Kov\u00e1cs Levente; K\u00f6t\u0151<\/br><\/p>\n","protected":false},"excerpt":{"rendered":"<p>1923., \u2020\u00a0? : karnagy, zeneszerz\u0151, zongorista. \u2013 Horv\u00e1th L\u00e1szl\u00f3 t\u00e1rsulat\u00e1n\u00e1l volt Brass\u00f3ban (1935\u201336); Deport\u00e1lt\u00e1k. A mv.-i Sz\u00e9kely Sz\u00ednh\u00e1z tagja (1946\u2013) mint zongorista, de karmesterkedett, korrepet\u00e1lt \u00e9s rendezett is. R\u00e9szt vett a mv.-i B\u00e1bsz\u00ednh\u00e1z szervez\u00e9s\u00e9ben (1949). A Nagyv\u00e1radi b\u00e1bsz\u00ednh\u00e1zban mutatt\u00e1k be darabjait. Zen\u00e9j\u00e9t szerezte: Az erd\u0151 hangja (1950); A ny\u00fal \u00e9s a kandur (1951). Szatm\u00e1rn\u00e9metib\u0151l Tel [&hellip;]<\/p>\n","protected":false},"featured_media":0,"comment_status":"open","ping_status":"closed","template":"","meta":[],"product_brand":[],"product_cat":[137],"product_tag":[],"class_list":{"0":"post-4474","1":"product","2":"type-product","3":"status-publish","5":"product_cat-maros-megyei-eletrajzi-lexikon","7":"first","8":"instock","9":"shipping-taxable","10":"product-type-simple"},"_links":{"self":[{"href":"https:\/\/uj.adatbank.ro\/lexikon\/wp-json\/wp\/v2\/product\/4474","targetHints":{"allow":["GET"]}}],"collection":[{"href":"https:\/\/uj.adatbank.ro\/lexikon\/wp-json\/wp\/v2\/product"}],"about":[{"href":"https:\/\/uj.adatbank.ro\/lexikon\/wp-json\/wp\/v2\/types\/product"}],"replies":[{"embeddable":true,"href":"https:\/\/uj.adatbank.ro\/lexikon\/wp-json\/wp\/v2\/comments?post=4474"}],"wp:attachment":[{"href":"https:\/\/uj.adatbank.ro\/lexikon\/wp-json\/wp\/v2\/media?parent=4474"}],"wp:term":[{"taxonomy":"product_brand","embeddable":true,"href":"https:\/\/uj.adatbank.ro\/lexikon\/wp-json\/wp\/v2\/product_brand?post=4474"},{"taxonomy":"product_cat","embeddable":true,"href":"https:\/\/uj.adatbank.ro\/lexikon\/wp-json\/wp\/v2\/product_cat?post=4474"},{"taxonomy":"product_tag","embeddable":true,"href":"https:\/\/uj.adatbank.ro\/lexikon\/wp-json\/wp\/v2\/product_tag?post=4474"}],"curies":[{"name":"wp","href":"https:\/\/api.w.org\/{rel}","templated":true}]}}