{"id":4477,"date":"2025-06-28T16:43:10","date_gmt":"2025-06-28T14:43:10","guid":{"rendered":"https:\/\/uj.adatbank.ro\/lexikon\/termek\/berger-gyorgy\/"},"modified":"2025-06-28T16:43:10","modified_gmt":"2025-06-28T14:43:10","slug":"berger-gyorgy","status":"publish","type":"product","link":"https:\/\/uj.adatbank.ro\/lexikon\/termek\/berger-gyorgy\/","title":{"rendered":"BERGER Gy\u00f6rgy"},"content":{"rendered":"<p>? \u2020\u00a0? : sz\u00edn\u00e9sz. \u2013 Fell\u00e9pett a mv.-i Sz\u00e9kely Sz\u00ednh\u00e1zban. \u2013 <strong>F. sz.:<\/strong> Bandi alvez\u00e9r (Szab\u00f3 Ern\u0151: A vez\u00e9r = Vid\u00e1m ny\u00e1ri m\u0171sor (1950). <br \/><strong>Irod.:<\/strong> Horv\u00e1th Bea<\/br><\/p>\n","protected":false},"excerpt":{"rendered":"<p>? \u2020\u00a0? : sz\u00edn\u00e9sz. \u2013 Fell\u00e9pett a mv.-i Sz\u00e9kely Sz\u00ednh\u00e1zban. \u2013 F. sz.: Bandi alvez\u00e9r (Szab\u00f3 Ern\u0151: A vez\u00e9r = Vid\u00e1m ny\u00e1ri m\u0171sor (1950). Irod.: Horv\u00e1th Bea<\/p>\n","protected":false},"featured_media":0,"comment_status":"open","ping_status":"closed","template":"","meta":[],"product_brand":[],"product_cat":[137],"product_tag":[],"class_list":{"0":"post-4477","1":"product","2":"type-product","3":"status-publish","5":"product_cat-maros-megyei-eletrajzi-lexikon","7":"first","8":"instock","9":"shipping-taxable","10":"product-type-simple"},"_links":{"self":[{"href":"https:\/\/uj.adatbank.ro\/lexikon\/wp-json\/wp\/v2\/product\/4477","targetHints":{"allow":["GET"]}}],"collection":[{"href":"https:\/\/uj.adatbank.ro\/lexikon\/wp-json\/wp\/v2\/product"}],"about":[{"href":"https:\/\/uj.adatbank.ro\/lexikon\/wp-json\/wp\/v2\/types\/product"}],"replies":[{"embeddable":true,"href":"https:\/\/uj.adatbank.ro\/lexikon\/wp-json\/wp\/v2\/comments?post=4477"}],"wp:attachment":[{"href":"https:\/\/uj.adatbank.ro\/lexikon\/wp-json\/wp\/v2\/media?parent=4477"}],"wp:term":[{"taxonomy":"product_brand","embeddable":true,"href":"https:\/\/uj.adatbank.ro\/lexikon\/wp-json\/wp\/v2\/product_brand?post=4477"},{"taxonomy":"product_cat","embeddable":true,"href":"https:\/\/uj.adatbank.ro\/lexikon\/wp-json\/wp\/v2\/product_cat?post=4477"},{"taxonomy":"product_tag","embeddable":true,"href":"https:\/\/uj.adatbank.ro\/lexikon\/wp-json\/wp\/v2\/product_tag?post=4477"}],"curies":[{"name":"wp","href":"https:\/\/api.w.org\/{rel}","templated":true}]}}