{"id":4480,"date":"2025-06-28T16:43:16","date_gmt":"2025-06-28T14:43:16","guid":{"rendered":"https:\/\/uj.adatbank.ro\/lexikon\/termek\/berger-samuel\/"},"modified":"2025-06-28T16:43:16","modified_gmt":"2025-06-28T14:43:16","slug":"berger-samuel","status":"publish","type":"product","link":"https:\/\/uj.adatbank.ro\/lexikon\/termek\/berger-samuel\/","title":{"rendered":"BERGER S\u00e1muel"},"content":{"rendered":"<p>1878? \u2020\u00a0?\u00a0: gondnok. \u2013 A mv.-i ortodox hitk\u00f6zs\u00e9g gondnoka, a szef\u00e1rd besz-midr\u00e1s hitk\u00f6zs\u00e9g eln\u00f6ke. <br \/><strong>Irod.:<\/strong> Mv. zsid\u00f3s\u00e1ga<\/br><\/p>\n","protected":false},"excerpt":{"rendered":"<p>1878? \u2020\u00a0?\u00a0: gondnok. \u2013 A mv.-i ortodox hitk\u00f6zs\u00e9g gondnoka, a szef\u00e1rd besz-midr\u00e1s hitk\u00f6zs\u00e9g eln\u00f6ke. Irod.: Mv. zsid\u00f3s\u00e1ga<\/p>\n","protected":false},"featured_media":0,"comment_status":"open","ping_status":"closed","template":"","meta":[],"product_brand":[],"product_cat":[137],"product_tag":[],"class_list":{"0":"post-4480","1":"product","2":"type-product","3":"status-publish","5":"product_cat-maros-megyei-eletrajzi-lexikon","7":"first","8":"instock","9":"shipping-taxable","10":"product-type-simple"},"_links":{"self":[{"href":"https:\/\/uj.adatbank.ro\/lexikon\/wp-json\/wp\/v2\/product\/4480","targetHints":{"allow":["GET"]}}],"collection":[{"href":"https:\/\/uj.adatbank.ro\/lexikon\/wp-json\/wp\/v2\/product"}],"about":[{"href":"https:\/\/uj.adatbank.ro\/lexikon\/wp-json\/wp\/v2\/types\/product"}],"replies":[{"embeddable":true,"href":"https:\/\/uj.adatbank.ro\/lexikon\/wp-json\/wp\/v2\/comments?post=4480"}],"wp:attachment":[{"href":"https:\/\/uj.adatbank.ro\/lexikon\/wp-json\/wp\/v2\/media?parent=4480"}],"wp:term":[{"taxonomy":"product_brand","embeddable":true,"href":"https:\/\/uj.adatbank.ro\/lexikon\/wp-json\/wp\/v2\/product_brand?post=4480"},{"taxonomy":"product_cat","embeddable":true,"href":"https:\/\/uj.adatbank.ro\/lexikon\/wp-json\/wp\/v2\/product_cat?post=4480"},{"taxonomy":"product_tag","embeddable":true,"href":"https:\/\/uj.adatbank.ro\/lexikon\/wp-json\/wp\/v2\/product_tag?post=4480"}],"curies":[{"name":"wp","href":"https:\/\/api.w.org\/{rel}","templated":true}]}}