{"id":4488,"date":"2025-06-28T16:43:30","date_gmt":"2025-06-28T14:43:30","guid":{"rendered":"https:\/\/uj.adatbank.ro\/lexikon\/termek\/berman-marcus\/"},"modified":"2025-06-28T16:43:30","modified_gmt":"2025-06-28T14:43:30","slug":"berman-marcus","status":"publish","type":"product","link":"https:\/\/uj.adatbank.ro\/lexikon\/termek\/berman-marcus\/","title":{"rendered":"BERMAN Marcus"},"content":{"rendered":"<p>T\u00f6lgyes, 1898. aug. 4.? \u2020 ? : keresked\u0151. \u2013 B. Leon \u00e9s \u00c9va fia. Fia: Marcus, Izraelben \u00e9lt. \u2013 Kereskedelmi \u00e9retts\u00e9git tett. Mv.-en \u2013 A cionista Ichud szervezet vezet\u0151je volt. Mv.-en \u00e9lt. A securitate megfigyeltette (1952). <br \/><strong>Irod.:<\/strong> Bartos 2012<\/br><\/p>\n","protected":false},"excerpt":{"rendered":"<p>T\u00f6lgyes, 1898. aug. 4.? \u2020 ? : keresked\u0151. \u2013 B. Leon \u00e9s \u00c9va fia. Fia: Marcus, Izraelben \u00e9lt. \u2013 Kereskedelmi \u00e9retts\u00e9git tett. Mv.-en \u2013 A cionista Ichud szervezet vezet\u0151je volt. Mv.-en \u00e9lt. A securitate megfigyeltette (1952). Irod.: Bartos 2012<\/p>\n","protected":false},"featured_media":0,"comment_status":"open","ping_status":"closed","template":"","meta":[],"product_brand":[],"product_cat":[137],"product_tag":[],"class_list":{"0":"post-4488","1":"product","2":"type-product","3":"status-publish","5":"product_cat-maros-megyei-eletrajzi-lexikon","7":"first","8":"instock","9":"shipping-taxable","10":"product-type-simple"},"_links":{"self":[{"href":"https:\/\/uj.adatbank.ro\/lexikon\/wp-json\/wp\/v2\/product\/4488","targetHints":{"allow":["GET"]}}],"collection":[{"href":"https:\/\/uj.adatbank.ro\/lexikon\/wp-json\/wp\/v2\/product"}],"about":[{"href":"https:\/\/uj.adatbank.ro\/lexikon\/wp-json\/wp\/v2\/types\/product"}],"replies":[{"embeddable":true,"href":"https:\/\/uj.adatbank.ro\/lexikon\/wp-json\/wp\/v2\/comments?post=4488"}],"wp:attachment":[{"href":"https:\/\/uj.adatbank.ro\/lexikon\/wp-json\/wp\/v2\/media?parent=4488"}],"wp:term":[{"taxonomy":"product_brand","embeddable":true,"href":"https:\/\/uj.adatbank.ro\/lexikon\/wp-json\/wp\/v2\/product_brand?post=4488"},{"taxonomy":"product_cat","embeddable":true,"href":"https:\/\/uj.adatbank.ro\/lexikon\/wp-json\/wp\/v2\/product_cat?post=4488"},{"taxonomy":"product_tag","embeddable":true,"href":"https:\/\/uj.adatbank.ro\/lexikon\/wp-json\/wp\/v2\/product_tag?post=4488"}],"curies":[{"name":"wp","href":"https:\/\/api.w.org\/{rel}","templated":true}]}}