{"id":4492,"date":"2025-06-28T16:43:38","date_gmt":"2025-06-28T14:43:38","guid":{"rendered":"https:\/\/uj.adatbank.ro\/lexikon\/termek\/bernady-gyorgy-%c2%a7-magyarlaposi-maramarosszigeti\/"},"modified":"2025-06-28T16:43:38","modified_gmt":"2025-06-28T14:43:38","slug":"bernady-gyorgy-%c2%a7-magyarlaposi-maramarosszigeti","status":"publish","type":"product","link":"https:\/\/uj.adatbank.ro\/lexikon\/termek\/bernady-gyorgy-%c2%a7-magyarlaposi-maramarosszigeti\/","title":{"rendered":"BERN\u00c1DY Gy\u00f6rgy, \u00a7 magyarl\u00e1posi, m\u00e1ramarosszigeti"},"content":{"rendered":"<p>Bethlen, 1864. \u00e1pr. 10., \u2020 Mv., 1938. okt. 22 s\u00edrja a mv.-i Ref. temet\u0151 s\u00edrk\u0151m\u00fazeum\u00e1ban: gy\u00f3gyszer\u00e9sz, v\u00e1rosi tan\u00e1csos, rend\u0151rf\u0151n\u00f6k, polg\u00e1rmester, f\u0151isp\u00e1n, parlamenti k\u00e9pvisel\u0151, politikus. \u201eEl\u0151deink s\u00edrhantja ir\u00e1nti kegyelet itten tartott\u201d. \u2013 B. D\u00e1niel gy\u00f3gyszer\u00e9sz \u00e9s Mike J\u00falianna (1843\u20131864. \u00e1pr. 29.) fia. (Anyja sz\u00fclet\u00e9se ut\u00e1n p\u00e1r napra meghalt), apja m\u00e1sodik feles\u00e9ge bikfalvi M\u00e1th\u00e9 Johanna volt. F\u00e9ltestv\u00e9rei: D\u00e1niel, Margit \u00e9s Lajos. Feles\u00e9ge: 1. Heged\u0171s Roz\u00e1lia (esk. Mv., 1886. okt. 16., elv\u00e1ltak 1890. j\u00fal. 19.); 2. Madar\u00e1sz Erzs\u00e9bet (Nagyv\u00e1rad, 1872\u2013), cig\u00e1ny sz\u00e1rmaz\u00e1s\u00fa bp.-i sz\u00edn\u00e9szn\u0151, 24 \u00e9vi h\u00e1zass\u00e1g ut\u00e1n (Nagyv\u00e1rad, 1890. j\u00fal. 26.- Mv., 1913) v\u00e1ltak el. M. E. apja hal\u00e1la ut\u00e1n, \u00e9desanyja, Orgov\u00e1ny Veronika is a csal\u00e1d tagja lett. \u00d6r\u00f6kbe fogadtak (1893) egy kisl\u00e1nyt, Glauber Margitk\u00e1t, egy zsid\u00f3 p\u00e9k h\u00e1rom \u00e1rv\u00e1ja k\u00f6z\u00fcl a legkisebbet, a csecsem\u0151t. 3. Kle\u00e9 Erzs\u00e9bet Auguszta Maria, d\u00fasgazdag, nagy m\u0171velts\u00e9g\u0171 osztr\u00e1k sz\u00e1rmaz\u00e1s\u00fa asszony, a volt bp.-i f\u0151polg\u00e1rmester, Heltai Ferenc (1861\u20131913) \u00f6zvegye. H\u00e1zass\u00e1guk nagyon r\u00f6vid, f\u00e9l \u00e9vet sem tartott (1915. \u00e1pr. 21.- ); 4. Kelemen Margit (Mv., 1882.- Mv., 1961., esk.: 1916), \u00e9lete v\u00e9g\u00e9ig t\u00e1rsa maradt. Egyetlen le\u00e1nyuk, Gy\u00f6rgyike, Baba (1919\u20131936. \u00e1pr. 6.). \u2013 A gimn.-ot Beszterc\u00e9n kezdte, majd Mv.-en Ref. Koll.-ban folytatta (v. oszt., 1878. szept. 3.) \u00e9s jeles \u00e1ltal\u00e1nossal \u00e9retts\u00e9gizett (1878\u201382). Apja korai hal\u00e1la ut\u00e1n nagykor\u00fav\u00e1 nyilv\u00e1n\u00edtott\u00e1k (1885. \u00e1pr. 8.). A Term\u00e9szettudom\u00e1nyi T\u00e1rsulat tagj\u00e1v\u00e1 v\u00e1lasztott\u00e1k (1885. okt. 21.). Gy\u00f3gyszer\u00e9sz gyakornok az apja gy\u00f3gyszert\u00e1r\u00e1ban, a kv.-i FJTE-en \u00e9s bp.-i TE-en tanult, az orvosi kar\u00e1n nyert gy\u00f3gyszer\u00e9szmesteri oklevelet kapott (1885. nov. 18.), gy\u00f3gyszer\u00e9szdoktor (Adatok a k\u00e9nhidrog\u00e9ng\u00e1z vegyi saj\u00e1ts\u00e1gaihoz dolgozat\u00e1val, 1888. dec. 22.). \u00c1tvette apja gy\u00f3gyszert\u00e1r\u00e1t (1889\u20131896), r\u00f6vid ideig vezette, majd b\u00e9rbe adta Hints Zolt\u00e1n gy\u00f3gyszer\u00e9sznek (1896\u2013), k\u00e9s\u0151bb eladta fel\u00e9t (1901) \u00e9s a m\u00e1sik fel\u00e9t (1908). A Kos\u00e1rdombon h\u00e1za \u00e9p\u00fclt (Bern\u00e1dy-Tischler villa, 1889\u20131900, ma Tr\u00e9bely u. 7.), ma a Gyermekek h\u00e1za, ebben lakott 24 \u00e9vig m\u00e1sodik feles\u00e9g\u00e9vel, Madar\u00e1sz Erzs\u00e9bettel. A vill\u00e1t B\u00fcrger Albert s\u00f6rgy\u00e1ros vette meg (1936). Vend\u00e9gl\u0151t \u00e9s l\u00f6v\u00f6ld\u00e9t \u00e9p\u00edtettett a Somostet\u0151re \u00e9s csatorn\u00e1ztatta a teraszt, szeretett volna TBC-szanat\u00f3riumot \u00e9p\u00edtettni oda, de ez nem val\u00f3sult meg. Megrendel\u00e9s\u00e9re, Toroczkai Wigand Ede, a Bethlen G\u00e1bor \u00e9s a Lehel (ma Arge\u015fului) u. sark\u00e1n k\u00e9tsz\u00edntes h\u00e1zat \u00e9p\u00edtett sz\u00e1m\u00e1ra (1907-08), amiben B. sosem lakott, hanem elcser\u00e9lte a v\u00e1ros De\u00e1k Ferenc u.-i , n\u00e9gy parcell\u00e1b\u00f3l \u00e1ll\u00f3 telk\u00e9\u00e9rt (1913. dec. 30.). Rad\u00f3 S\u00e1ndor, m\u00e9rn\u00f6k tervei alapj\u00e1n \u00e9p\u00fclt a Szentgy\u00f6rgy u., ma Forradalom utcai k\u00e9tsz\u00edntes, szecesszi\u00f3s h\u00e1za (1909\u201310). Szov\u00e1t\u00e1n S\u00f3falvi Illy\u00e9s Lajost\u00f3l vill\u00e1t, nyaral\u00f3t v\u00e1s\u00e1rolt (1910 k.), k\u00e9s\u0151bb eladta B\u00fcrger Albertnek. A Marostorda v\u00e1rmegyei \u00e9s a Mv.-i Orvos-Gy\u00f3gyszer\u00e9sz Egylet p\u00e9nzt\u00e1rosa \u00e9s k\u00f6nyvt\u00e1rosa (1890. dec. 20.-\u00e1n alakult meg). R\u00e9szt vett Mv. k\u00f6z\u00fcgyeiben, mint a t\u00f6rv\u00e9nyhat\u00f3s\u00e1gi bizotts\u00e1g tagja (1889\u2013), a mv.-i iskolasz\u00e9k eln\u00f6ke (1893. aug. 21. \u2013). Nagyv\u00e1radon \u00e1llam- \u00e9s jogtudom\u00e1nyi doktori oklevelet szerzett (1896). Fiatalon bel\u00e9pett a szabadk\u0151m\u0171ves p\u00e1holyba (1895), mesterr\u00e9 avatt\u00e1k ( Bp., 1896. okt. 12.) \u00e9s a mv.-i Bethlen G\u00e1bor-p\u00e1holy alap\u00edt\u00f3 nagymestere (1905\u201315. ekkor kil\u00e9pett). Els\u0151\u00edzben az \u00e1ltal\u00e1nos v\u00e1laszt\u00e1sokon szabadelv\u0171 p\u00e1rti programmal a mv.-i II. v\u00e1laszt\u00f3ker. ogy.-i k\u00e9pvisel\u0151je lett (1896\u20131900, lemondott 1901. jan. 14.), ekkor Bp.-re k\u00f6lt\u00f6z\u00f6tt, de megtartotta mv.-i fukci\u00f3it is. A v\u00e1rosi rend\u0151rs\u00e9g f\u0151kap\u00edt\u00e1nya (1900-[felmentve: 1901. febr.-okt. 13. ] \u2013 1902. \u00e1pr. 10.). Felf\u00fcggeszt\u00e9s\u00e9nek oka, hogy id\u0151k\u00f6zi v\u00e1laszt\u00e1son k\u00e9t \u00faj k\u00e9pvisel\u0151t kellett v\u00e1lasztani (1901. febr. 6.), zavarg\u00e1s t\u00f6rt ki, amit a karhatalom szuronyrohammal \u00e9s fegyverl\u0151v\u00e9ssel vert le, v\u00e1dat emeltek B. Gy. \u00e9s Cs\u00edki F. K\u00e1roly ellen, majd felmentett\u00e9k \u0151ket (1901. okt.). A v\u00e1ros megv\u00e1lasztott polg\u00e1rmestere (1902. m\u00e1rc. 8. \u2013 1913. jan. 4.). Tanulm\u00e1ny\u00fatra ment Amerik\u00e1ba (1912. m\u00e1j. 21.-aug. 19.); sz\u00e9kelyf\u00f6ldi iparfejleszt\u00e9si miniszteri biztos (1912), Mv. v\u00e1ros f\u0151isp\u00e1nja (1912. dec. 13. \u2013 1917. j\u00fal.); udvari tan\u00e1csosi c\u00edmet kapott (1917\u2013). Az els\u0151 vh. alatt vezette a mv.-i intern\u00e1l\u00f3 t\u00e1bort, nemcsak feletteseinek, hanem maguknak az intern\u00e1ltaknak h\u00e1l\u00e1j\u00e1t \u00e9s elismer\u00e9s\u00e9t ki\u00e9rdemelve. A rom\u00e1n bet\u0151r\u00e9s okozta felfordul\u00e1s eltakar\u00edt\u00e1s\u00e1ban nagy r\u00e9sze volt, \u00e1llamtitk\u00e1rr\u00e1 val\u00f3 kinevez\u00e9se is sz\u00f3ba ker\u00fclt, de \u0151 ragaszkodott v\u00e1ros\u00e1hoz \u00e9s nyugalomba vonult (1917). A tan\u00e1csk\u00f6zt\u00e1rsas\u00e1g uralma alatt egy \u00e9vi t\u00e1voll\u00e9t ut\u00e1n visszat\u00e9rt v\u00e1ros\u00e1ba (1919. j\u00fal. 16.), \u00e9s ism\u00e9t megkezdte k\u00f6z\u00e9leti szerepl\u00e9s\u00e9t. \u00c9rintkez\u00e9sbe l\u00e9pett a hatalom \u00faj uraival Maniu, Averescu Take Ionescuval, akik a magyars\u00e1g \u00fcgyeinek j\u00f3indulat\u00fa elint\u00e9z\u00e9s\u00e9t helyezt\u00e9k kil\u00e1t\u00e1sba, ha a magyars\u00e1g lojalit\u00e1st tan\u00fas\u00edt. Nyilt lev\u00e9lben \u00e9s eml\u00e9kiratban t\u00e1rta fel a k\u00f6zv\u00e9lem\u00e9ny el\u0151tt az erd\u00e9lyi magyars\u00e1g szomor\u00fa helyzet\u00e9t, \u00e9s a szerveszked\u00e9st s\u00fcrgette (1920). A v\u00e1rosi k\u00f6zigazgat\u00e1si, a p\u00e9nz\u00fcgyi \u00e9s gazdas\u00e1gi bizotts\u00e1g egyik tagj\u00e1nak nevezte ki Adrian Popescu (1920. j\u00fal.). Ezut\u00e1n p\u00e1rtszervez\u0151 munk\u00e1ba kezdett. A Societatea Cele Trei Cri\u015furi eln\u00f6kk\u00e9v\u00e9 v\u00e1lasztott\u00e1k (1922). Beker\u00fclt a rom\u00e1n parlamentbe Ny\u00e1r\u00e1dszereda (1922\u201326), majd Maros megye (1926\u2013) k\u00e9pvisel\u0151jek\u00e9nt, besz\u00e9de Bukarestben a kamara \u00fcl\u00e9s\u00e9n (1924. dec. 2.), Mv.-en kork\u00e9p a rom\u00e1niai magyars\u00e1g \u00e9let\u00e9b\u0151l (1925. m\u00e1rc. 25.). Kit\u00fcntett\u00e9k a Rom\u00e1n Koronarend parancsnoki fokozat\u00e1val, a tiszti keresztj\u00e9vel t\u00fcntette ki Ferdin\u00e1nd kir. \u00dajra Mv. \u00e9l\u00e9re ker\u00fclt, mint kinevezett polg\u00e1rmester (1926\u20131929 v\u00e9g\u00e9ig) \u00e9s \u00fajra parlamenti k\u00e9pvisel\u0151v\u00e9 v\u00e1lasztott\u00e1k. A mv.-i Erd\u00e9lyi v\u00e1lt\u00f3 Bank (Cassa de schimb Ardeleana) igazgat\u00f3s\u00e1gi tagja (1924). F\u0151gondnoka a Ref. Koll.-nak (1915\u201317; 1923\u201338). Vezet\u0151s\u00e9gi tagja lett a MP-nak, de kil\u00e9pett a kisebbs\u00e9g \u00e9rdekeit rosszul szolg\u00e1l\u00f3 p\u00e1rtb\u00f3l (\u20131927), liber\u00e1lis orient\u00e1ci\u00f3val, az Orsz\u00e1gos M. P\u00e1rt (OMP) egyik megalap\u00edt\u00f3ja, K\u00f3s K\u00e1roly b\u00edztat\u00e1sa: \u201e A m\u00falt volt, a j\u00f6v\u0151t kell munk\u00e1lnunk\u201d. A Polg\u00e1ri \u00e9s Demokrata Blokk alap\u00edt\u00f3ja lett (1930). A Szov\u00e1ta-f\u00fcrd\u0151i Villatulajdonosok Egyes\u00fclet\u00e9nek alap\u00edt\u00f3 tagja, eln\u00f6ke (1930. aug. 31. \u201331. j\u00fan. 1.) \u00e9s a f\u00fcrd\u0151telep gazdas\u00e1gi \u00e9let\u00e9t ellen\u0151rz\u0151 \u00e9s ir\u00e1ny\u00edt\u00f3 F\u00fcrd\u0151 Albizotts\u00e1g eln\u00f6ke (1931\u201338) \u00e9s szorgalmazta a falu ref. templom\u00e1nak \u00e9p\u00edt\u00e9s\u00e9t (1936). A KZST tagja. A M. Kir. Term\u00e9szettudom\u00e1nyi T\u00e1rsulat tagja (1891\u2013). A Mv.-i Kaszin\u00f3 eln\u00f6ke (1927\u201328). Nev\u00e9hez f\u0171z\u0151dik a v\u00e1ros moderniz\u00e1l\u00e1sa, munk\u00e1ja nyom\u00e1n Mv. kis v\u00e1rosb\u00f3l modern v\u00e1ross\u00e1 lett. \u00dajra t\u00e9rk\u00e9peztette a v\u00e1rost, 117 \u00faj utat nyittatott, a parcell\u00e1z\u00e1s r\u00e9v\u00e9n 3000 telket m\u00e9retett ki, ami \u00faj ir\u00e1nyt adott a majdani v\u00e1ros terjed\u00e9s\u00e9nek. Nev\u00e9hez f\u0171z\u0151dik a v\u00e1ros k\u00f6zpontj\u00e1nak kialak\u00edt\u00e1sa, rendezt\u00e9k a v\u00e1r k\u00f6rny\u00e9k\u00e9t, kialak\u00edtott\u00e1k a mai v\u00e1rs\u00e9t\u00e1nyt, a f\u0151t\u00e9r kialakit\u00e1s\u00e1hoz is hozz\u00e1kezdtek. Rendezt\u00e9k a Somostet\u0151t, csatorn\u00e1zt\u00e1k \u00e9s s\u00e9t\u00e1nyokat k\u00e9peztek ki. L\u00e9trehozt\u00e1k szecesszi\u00f3s vill\u00e1kkal a Tisztvisel\u0151telepet. Szab\u00e1lyozt\u00e1k a Marost, \u00faj betong\u00e1tat \u00e9p\u00edtettek, elt\u0171ntett\u00e9k a holtg\u00e1takat, elegend\u0151 vizet b\u00edztos\u00edtottak az \u00fajonnan \u00e9p\u00fclt villanytelep sz\u00e1m\u00e1ra. A Poklos-patakra, a Turbina\u00e1rokra t\u00f6bb hidat \u00e9p\u00edtettek. K\u00fatakat f\u00fartak, fel\u00e9p\u00edtett\u00e9k a v\u00edztelepet \u00e9s a Somostet\u0151 alatti v\u00edzt\u00e1rol\u00f3kat, sz\u00edvatty\u00fah\u00e1zakat. Ekkor \u00e9p\u00fclt fel a v\u00e1rosi t\u00e9glagy\u00e1r, a k\u00f6zv\u00e1g\u00f3h\u00edd, a v\u00e1rosi k\u00f6zf\u00fcrd\u0151, a k\u00f6z\u00fczem, a Nyugd\u00edjpalota, a Kereskedelmi Palota \u00e9s szolg\u00e1lati lak\u00e1sok. Megb\u00edz\u00e1s\u00e1b\u00f3l Komor Marcell \u00e9s Jakab Dezs\u0151 tervei alapj\u00e1n fel\u00e9p\u00edtett\u00e9k a volt v\u00e1rosh\u00e1z\u00e1t, ma a prefekt\u00fara \u00e9p\u00fclete (1907\u20131908), a Kult\u00farpalot\u00e1t (1911\u201313. j\u00fan. 24.); \u00e9p\u00edtettek az \u0151 idej\u00e9ben \u00f6t elemi iskol\u00e1t, az \u00c1llami Polg\u00e1ri Fi\u00faiskol\u00e1t \u00e9s a Gr. Sz\u00e9chenyi Istv\u00e1n Fels\u0151kereskedelmi Iskol\u00e1t (ma mindk\u00e9t \u00e9p\u00fcletben a Petru Maior Egyetem m\u0171k\u00f6dik), az \u00c1llami Le\u00e1nygimn.-ot (ma Papiu Ilarian Nemzeti Koll.), a Katonai Re\u00e1liskol\u00e1t (ma MOGYE), a K\u00f6zigazgat\u00e1si Tanfolyam \u00e9p\u00fclet\u00e9t (Szakszervezeti Sz\u00e9kh\u00e1z); ekkor \u00e9p\u00edtett\u00e9k a ref.-ok a Ref. Koll. F\u0151\u00e9p\u00fclet\u00e9t (ma Bolyai Farkas L\u00edc.), a r. k.-ok a II. R\u00e1k\u00f3czi Ferenc F\u0151gimn.-ot \u00e9s Fi\u00fanevel\u0151t (ma Unirea Nemzeti Koll.), m\u00e1s m\u00e1s d\u00edszes iskol\u00e1kat (pl. 1906-ban a v\u00e1ros rom\u00e1n \u00e9s izraelita k\u00f6z\u00f6ss\u00e9gek gyermekeinek) \u00e9s k\u00f6z\u00e9p\u00fcleteket is emeltetett: a kereskedelmi \u00e9s iparkamar\u00e1t, gyermekmenhelyet. A kall\u00f3d\u00f3 \u00e9s a sz\u00f3rv\u00e1nyban \u00e9l\u0151 gyerekek megment\u00e9s\u00e9re megalakult a Sz\u00e9kelyf\u00f6ldi N\u00e9pintern\u00e1tus Egylet (1917. m\u00e1j. 1.), melynek eln\u00f6ke \u00e9s d\u00edszeln\u00f6ke gr. Mikes \u00c1rminn\u00e9, gr. Bethlen Klementina. A Kult\u00farpalot\u00e1ban l\u00e9tes\u00edtett v\u00e1rosi k\u00f6nyvt\u00e1r (1912) \u00e9s a k\u00e9pt\u00e1r (1913) alap\u00edt\u00e1sa szint\u00e9n a nev\u00e9hez f\u00fcz\u0151dik, adom\u00e1nyaival gyarap\u00edtotta ezeket a gy\u0171jtem\u00e9nyeket. A MT\u00e1rstud. Egyes\u00fclet alap\u00edt\u00f3 tagja (1907). Cikkei: Bp.-i Hirlap, Ellenz\u00e9k, M. Iparm\u0171v. (1913, 16. \u00e9vf.), M. M\u00e9rn. \u00e9s \u00c9p. Egyl. . K\u00f6zl\u00f6ny, Gy\u00f3gyszer\u00e9szi K\u00f6zl\u00f6ny, Nagyv\u00e1rad, Sz\u00e9kelyf\u00f6ld-ben. A ref. temet\u0151ben l\u00e9v\u0151 s\u00edreml\u00e9ke, \u201eB\u201d kateg\u00f3ri\u00e1ba tartoz\u00f3 m\u0171eml\u00e9k. \u00c9rdemei elismer\u00e9sek\u00e9nt a mv.-i Szentgy\u00f6rgy u.-\u00e1t r\u00f3la nevezt\u00e9k el (1940. m\u00e1j.). Eml\u00e9k\u00e9re a h\u00e1l\u00e1s mv.-iek a v\u00e1rosh\u00e1za el\u0151tti kis teret r\u00f3la nevezt\u00e9k el (1944. dec. 2. \u2013 1948), ezt a k\u00e9s\u0151bbi politikai viszonyul\u00e1s megv\u00e1ltoztatta \u00e9s a r\u00e9gi kicsi Bem t\u00e9r kapta a nev\u00e9t. Munk\u00e1ss\u00e1g\u00e1t \u00e9s nev\u00e9t \u0151rzi ma Mv.-en a Maros megyei RMDSZ \u00e1ltal l\u00e9tre hozott B. Gy. K\u00f6zm\u0171vel\u0151d\u00e9si Alap\u00edtv\u00e1ny (1992), amely kult\u00fark\u00f6zpontot l\u00e9tes\u00edtett (1994), \u00e9s dr. B. Gy. M\u0171vel\u0151d\u00e9si K\u00f6zpont n\u00e9ven m\u0171k\u00f6dik (1995\u2013), itt tal\u00e1lhat\u00f3 B. Gy. szobra, B\u00e1lint K\u00e1roly alkot\u00e1sa (1996). A volt Szentgy\u00f6rgyi, ma Forradalom u. 31. sz. alatti h\u00e1z\u00e1n h\u00e1romnyelv\u0171 eml\u00e9kt\u00e1bla (Hunyadi L\u00e1szl\u00f3 \u00e9s Kiss Levente alkot\u00e1sa) h\u00edrdeti (1999. okt. 24. \u00f3ta), hogy ott lakott B. Gy. (1913\u201338). Mv.-en \u00e9vente megrendezik a Bern\u00e1dy Napokat (1998\u2013). A Bern\u00e1dy Napokon adj\u00e1k \u00e1t (1999\u2013) az arra \u00e9rdemes mv.-i polg\u00e1roknak a Bern\u00e1dy Eml\u00e9kplakettet (Gyarmathy J\u00e1nos alkot\u00e1sa). Tisztelet\u00e9re \u00e9s eml\u00e9k\u00e9re eg\u00e9szalakos bronzszobrot \u00e1ll\u00edtottak (Bocskay Vince alkot\u00e1s\u00e1t, 1994. okt. 29-\u00e9n avatt\u00e1k fel a nev\u00e9t visel\u0151 t\u00e9ren); a B\u00e1lint K\u00e1roly alkotta mellszobra a B.-H\u00e1zban tal\u00e1lhat\u00f3 (1996. j\u00fan.); a mellszobr\u00e1t Hunyadi L\u00e1szl\u00f3 alkot\u00e1s\u00e1t a Kult\u00farpalot\u00e1ban, a t\u00fck\u00f6rterem el\u0151tt helyezt\u00e9k el (1998. okt. 16.); B. Gy.-t \u00e1br\u00e1zol\u00f3 domborm\u0171vet, Kolozsv\u00e1ri Pusk\u00e1s S\u00e1ndor alkot\u00e1s\u00e1t, helyeztek el a volt v\u00e1rosh\u00e1za, ma a Maros Megyei Tan\u00e1cs \u00e9p\u00fclet\u00e9ben, polg\u00e1rmesterr\u00e9 v\u00e1laszt\u00e1s\u00e1nak 100. \u00e9vfordul\u00f3j\u00e1ra (2002. okt.). A mv-i Kult\u00farpalot\u00e1ban eml\u00e9kszob\u00e1t avattak tisztelet\u00e9re (2008. m\u00e1j.). Szov\u00e1t\u00e1n r\u00f3la nevezt\u00e9k el a K\u00f6zm\u0171vel\u0151d\u00e9si Egyes\u00fcletet, itt pusztul\u00f3ban van a Bern\u00e1dy-villa (a \u201eB\u201d kateg\u00f3ri\u00e1ba tartoz\u00f3 m\u0171eml\u00e9k; Trandafirilor u. 133.). \u2013 F. m.: Adatok a k\u00e9nhidrog\u00e9ng\u00e1z vegyi saj\u00e1toss\u00e1gaihoz (Bp., 1888); Mv. sz. k. v\u00e1ros szab\u00e1lyrendeleteinek gy\u0171jtem\u00e9nye (Mv., 1905); Az erd\u00e9lyr\u00e9szi f\u00f6ldg\u00e1z k\u00e9rd\u00e9s\u00e9r\u0151l (Mv, 1913); K\u00f6teless\u00e9geink. (Mv., 1914.); Intelmek (Mv., 1916); Z\u00e1rsz\u00e1mad\u00e1s 1917-b\u0151l. Nagym\u00e9lt\u00f3s\u00e1g\u00fa S\u00e1ndor J\u00e1nos bel\u00fcgyminiszter \u00farnak (Mv., 1917); Eml\u00e9kirat (Alexandru Averescu miniszterekn\u00f6kh\u00f6z, Mv., 1920); Ny\u00edltlev\u00e9l (Mv., 1920); El\u0151terjeszt\u00e9s a m. tisztvisel\u0151k \u00e9s \u00fcgyv\u00e9dek esk\u00fct\u00e9tele t\u00e1rgy\u00e1ban (Mv., 1920.); Reflexi\u00f3k (v\u00e1lasz Gy\u00e1rf\u00e1s Elem\u00e9r szen\u00e1tor \u00farnak az \u201eEls\u0151 k\u00eds\u00e9rlet \u201dc. k\u00f6zlem\u00e9ny\u00e9re, (Mv., 1937); B. Gy.-eml\u00e9k\u00edratok (Mv., 2007). \u2013 Irod.: 1924\u20131944 Helikon; Antal Erika: Bern\u00e1dy-ki\u00e1ll\u00edt\u00e1s civilek k\u00f6zrem\u0171k\u00f6d\u00e9s\u00e9vel. (Kr\u00f3nika, 2022. dec. 19.); Bak\u00f3 Zolt\u00e1n: \u00c9lni l\u00e1tt\u00e1k, s meghalni a nagy Bern\u00e1dyt (V\u00e1s\u00e1rhelyi H\u00edrlap, 2009. j\u00fan. 19.); Banner; B\u00e1rdi 2013; Bed\u0151 S\u00e1ndor dr. &#8230; b\u00facs\u00fa besz\u00e9de (Marosv\u00e1s\u00e1rhely, 1913. jan. 1.); Bereczki K\u00e1roly: B. eml\u00e9kiratok; Bern\u00e1dy; B. Eml\u00e9ksorok 70-ik sz\u00fclet\u00e9snapj\u00e1ra (Tg. M., 1934); B. Gy. csillag\u00e1nak ragyog\u00e1sa: Volt egyszer egy Mv. (Polg\u00e1ri \u00c9let, 2009. jan. 16.); B. Gy. eml\u00e9kezete \/ Szerk. Nagy Mikl\u00f3s Kund (Mv., 1999), Dr. B. Gy. polg\u00e1rmester expos\u00e9ja [lemond\u00e1sakor] (Marosv\u00e1s\u00e1rhely, 1912. dec. 15.); B. Gy. eml\u00e9knap (Mv., 1994); Dr. B. Gy. K\u00f6zm\u0171vel\u0151d\u00e9si K\u00f6zpont Mv. \/ Szerk. Nagy Mikl\u00f3s Kund (Mv., 1999 v. 2000); Bern\u00e1dy Gy\u00f6rgy v\u00e1rosa \/ A k\u00f6nyv szerkeszt\u0151je Szepessy L\u00e1szl\u00f3. Felv\u00e9telek, reprodukci\u00f3k. Barab\u00e1s Zsolt. (Mv., 1993); Bi\u00e1s Istv\u00e1n; Bota, Sorina; Csekme; Csepreghy 2010; D\u00f6rnyei 2005; EM; Er\u0151s v\u00e1runk; Fodor-Bal\u00e1s; Fodor J\u00e1nos: B. Gy. tev\u00e9kenys\u00e9ge a rom\u00e1niai Orsz\u00e1gos M. P\u00e1rtban: A p\u00e1rt alakul\u00e1s\u00e1t\u00f3l B. m\u00e1sodik polg\u00e1rmesters\u00e9g\u00e9ig (1922\u20131929)(Korunk, 2. sz., 2013); Fodor J\u00e1nos: A j\u00f6v\u0151be tekint\u0151 v\u00e1rosfejleszt\u0151. = Erd\u00e9lyi Ref. Kalend. ; 160. \u00e9ve sz\u00fcletett Bern\u00e1dy Gy\u00f6rgy; Fodor S\u00e1ndor: J\u00e1rom az utat. . . (N\u00fa., 2005. dec. 8.); Fodor S\u00e1ndor (S.): Eml\u00e9kt\u00e1bla dr. B. Gy.-r\u0151l (N\u00fa., Sz\u00ednes Vil\u00e1g, 2008. m\u00e1j. 31.); F\u00fcl\u00f6p G. D\u00e9nes: Ki k\u00fcldet\u00e9s\u00e9t v\u00e9ghezvitte: B. bibli\u00e1ja. . . (N\u00fa., 1994. okt. 29.); Ga\u00e1l Korn\u00e9lia: Dr. B. Gy. hagyat\u00e9k\u00e1b\u00f3l (N\u00fa., M\u00fazsa, 91. sz., 1993. \u00e1pr. 8. ; N\u00fa., 1996. \u00e1pr. 10.); G\u00e1l Korn\u00e9lia: B.-eml\u00e9kki\u00e1ll\u00edt\u00e1s (N\u00fa., 1994. \u00e1pr. 16.); Guly\u00e1s; Gy\u00e1szjelent\u0151; Gy\u00f6rgy 1926; Gy\u00f6rgy B\u00e9la: Harmadnap: Adal\u00e9kok B. Gy. 1922\u20131938-as p\u00e1lyak\u00e9p\u00e9hez = P\u00e1l-Antal \u2013 Simon 2011 \u00e9s (Sz\u00e9kelyf\u00f6ld, 3. sz., 2011. m\u00e1rc.); Haller Istv\u00e1n: A B. Gy.-szoborr\u00f3l (Erd\u00e9lyi Figyel\u0151, 4. sz., 1995); Helikon 1924\u20131944; Id\u0151t\u00e1r 2; Id\u0151t\u00e1r 3; J\u00f3zsa Andr\u00e1s: A B. csal\u00e1d mv.-i s\u00edreml\u00e9kei (N\u00fa., 2015. febr. 20.); J\u00f3zsa Andr\u00e1s: Dr. B. Gy. els\u0151 feles\u00e9ge (N\u00fa., Sz\u00ednes Vil\u00e1g, 2015. jan. 30.); J\u00f3zsa Andr\u00e1s: Szov\u00e1taf\u00fcrd\u0151 (Korunk, 8. sz., 2009); Kelemen \u00c1rp\u00e1d: A csatorn\u00e1z\u00e1si munk\u00e1latok m\u00e1rv\u00e1nyt\u00e1bl\u00e1i (N\u00fa. \u00e9vk., 2009); Kelemen \u00c1rp\u00e1d: A Turbina (N\u00fa. \u00e9vk. 2009); Keresztes Gyula: A v\u00e1ros\u00e9p\u00edt\u0151 eml\u00e9k\u00e9re (N\u00fa., 2003., okt. 8); Keresztes Gyula: A szecesszi\u00f3 Mv.-en 3. (N\u00fa., 1991. j\u00fal. 20); Keresztes Gyula: \u00c9p\u00fclt dr. B. Gy. polg\u00e1rmesters\u00e9ge idej\u00e9n (N\u00fa., 1994. okt. 8.); Keresztes Gyula: Gondolatok a tornyos v\u00e1rosh\u00e1za k\u00e1lv\u00e1ri\u00e1j\u00e1r\u00f3l (N\u00fa., 1997. nov. 8. ; 1997. nov. 22.); Keresztes Gyula: Dr. B. Gy. Mv. egykori polg\u00e1rmestere. . . (N\u00fa., 2002. febr. 27; m\u00e1rc. 5, m\u00e1rc. 7, m\u00e1rc 9); Keresztes Gyula: Dr. B. Gy. \u00e9s az els\u0151 vil\u00e1gh\u00e1bor\u00fa (N\u00fa., 2002. okt. 24.); Ki kicsoda ?; Kl\u00f3sz-Tolok\u00e1n; KZST1930; L\u00e1t\u00f3 (1999, 1\u20132 sz.); Magyar Erd\u00e9ly; Marosi-Helikon; Marosi Barna: \u00c9p\u00fclt dr. B. Gy. polg\u00e1rmesters\u00e9ge idej\u00e9ben = Megbolygatott vil\u00e1g (Buk., 1974); Marosi Barna: B. Gy. v\u00e1rosa \/ S\u00fct\u0151 A. el\u0151szav\u00e1val (Mv., 1993; b\u0151v., jav. kiad., 2006); Matolcsy; M\u00c9L; M\u00e9sz\u00e1ros J\u00f3zsef: A Palota k\u00f6nyvt\u00e1ra (N\u00fa., M\u00fazsa, 373. sz., 1998. dec. 5.); MMA; Moln\u00e1r; Molter 1. ; Molter: Mv. ; M\u00f3zes Edith: Felavatt\u00e1k B. Gy. bronzszobr\u00e1t [Mv.-en](N\u00fa., 1994. nov. 1.); MT\u00e1rstud. Egyes\u00fclet; Mure\u015f, jude\u0163; Mv. \u00e9s a h\u00e1bor\u00fa; Mv.-Bal\u00e1s; Mv. r\u00e9gi V\u00e1rosh\u00e1za; Mv. V\u00e1rosh\u00e1za; Mv. \u00e9s V\u00e1rtemploma; Mv.-i Almanach, 1912. ; Mv.-i lexikon; Mv.-Bal\u00e1s; Nagyjaink; Nemes; Orb\u00e1n M\u00e1rton: B. (monodr\u00e1ma); Nagy P\u00e1l: Gond; Osv\u00e1th; Nagy Zsolt: M\u0171kert\u00e9szek, kert\u00e9sz-v\u00e1llalkoz\u00f3k a 19\u201320. sz\u00e1zadi Mv.-en = Maros megyei t\u00f6rt. 5. ; Maros megyei t\u00f6rt. ; Orb\u00e1n Zsolt: \u201d\u2026 El\u0151deink s\u00edrhantja ir\u00e1nti kegyelet itten tartott\u2026\u201d= Magyar Erd\u00e9lyben, fot\u00f3; \u00d6tv\u00f6s J\u00f3zsef: Mv.-i szobrok \u00e9s alkot\u00f3ik: B. Gy. (\u00daj Kezdet, 11. sz., 2006. nov.); P\u00e1l-Antal S\u00e1ndor: B. \u00e9s Mv. V\u00edzm\u0171ves\u00edt\u00e9se (N\u00fa., Sz\u00ednes Vil\u00e1g, 16. sz., 2014. \u00e1pr. 26.); P\u00e1l-Antal S\u00e1ndor: Dr. B. Gy. \u00e9s Mv. urbaniz\u00e1ci\u00f3ja (N\u00fa., Sz\u00ednes Vil\u00e1g, 3. sz., 2016. jan. 22; 4. sz., 2016. jan. 29; 5. sz, . 2016. febr. 5. ; 6. sz., 2016. febr. 12. ; 7., 2016. febr. 19. ; 8. sz., 2016. febr. 26. ; 9. sz, 2016. m\u00e1rc. 4. ; 10. sz. 2016. m\u00e1rc. 11, ); Pan\u0103; P\u00e9ter H. M. ; P\u00e9ter H. M.: B. Gy. (1864\u20131938) mint mv.-i gy\u00f3gyszer\u00e9sz = P\u00e1l-Antal \u2013 Simon 2011; Politics and political parties in Roumania (London, 1936); Pomog\u00e1ts 1. ; Popa; Popa, Traian: Tg. M. ; Predescu; Recuil des griefs de la minorit\u00e9 hongroise de Roumanie (Bp., 1922); RMIL; R\u00daL; Sebesty\u00e9n Mih\u00e1ly: M\u00e1snap \u2013 Adal\u00e9kok B. Gy. 1919\u201320-as p\u00e1lyak\u00e9p\u00e9hez = Maros megyei m. 2. . ; P\u00e1l-Antal-Szab\u00f3 2. ; Sebesty\u00e9n Mih\u00e1ly: B. Gy. z\u00e1rsz\u00e1mad\u00e1sa 1917-b\u0151l = P\u00e1l-Antal \u2013 Simon 2011; Sz\u00e1sz Zsombor: Erd\u00e9ly Rom\u00e1ni\u00e1ban (Bp., 1927); Sz\u00e9kely Napt\u00e1r (h\u00edrdet\u00e9sei; 1890); Szov\u00e1ta; Sztupj\u00e1r Samu: Dr. B. Gy. (Marosv\u00e1s\u00e1rhely, 1913. jan. 1.); Sztupj\u00e1r S\u00e1muel: Dr. B. Gy. udv. tan\u00e1csos, f\u0151isp\u00e1n \u00fcdv\u00f6zl\u00e9se (Marosv\u00e1s\u00e1rhely, 1913. febr. 1.); Todea 2013; Turisztikai kalauz; \u00daM\u00c9L; \u00dcnnepi k\u00f6nyv; Valentiny 1936; Valori mure\u015fene de patrimoniu; Visnai<\/br><\/p>\n","protected":false},"excerpt":{"rendered":"<p>Bethlen, 1864. \u00e1pr. 10., \u2020 Mv., 1938. okt. 22 s\u00edrja a mv.-i Ref. temet\u0151 s\u00edrk\u0151m\u00fazeum\u00e1ban: gy\u00f3gyszer\u00e9sz, v\u00e1rosi tan\u00e1csos, rend\u0151rf\u0151n\u00f6k, polg\u00e1rmester, f\u0151isp\u00e1n, parlamenti k\u00e9pvisel\u0151, politikus. \u201eEl\u0151deink s\u00edrhantja ir\u00e1nti kegyelet itten tartott\u201d. \u2013 B. D\u00e1niel gy\u00f3gyszer\u00e9sz \u00e9s Mike J\u00falianna (1843\u20131864. \u00e1pr. 29.) fia. (Anyja sz\u00fclet\u00e9se ut\u00e1n p\u00e1r napra meghalt), apja m\u00e1sodik feles\u00e9ge bikfalvi M\u00e1th\u00e9 Johanna volt. F\u00e9ltestv\u00e9rei: [&hellip;]<\/p>\n","protected":false},"featured_media":0,"comment_status":"open","ping_status":"closed","template":"","meta":[],"product_brand":[],"product_cat":[137],"product_tag":[],"class_list":{"0":"post-4492","1":"product","2":"type-product","3":"status-publish","5":"product_cat-maros-megyei-eletrajzi-lexikon","7":"first","8":"instock","9":"shipping-taxable","10":"product-type-simple"},"_links":{"self":[{"href":"https:\/\/uj.adatbank.ro\/lexikon\/wp-json\/wp\/v2\/product\/4492","targetHints":{"allow":["GET"]}}],"collection":[{"href":"https:\/\/uj.adatbank.ro\/lexikon\/wp-json\/wp\/v2\/product"}],"about":[{"href":"https:\/\/uj.adatbank.ro\/lexikon\/wp-json\/wp\/v2\/types\/product"}],"replies":[{"embeddable":true,"href":"https:\/\/uj.adatbank.ro\/lexikon\/wp-json\/wp\/v2\/comments?post=4492"}],"wp:attachment":[{"href":"https:\/\/uj.adatbank.ro\/lexikon\/wp-json\/wp\/v2\/media?parent=4492"}],"wp:term":[{"taxonomy":"product_brand","embeddable":true,"href":"https:\/\/uj.adatbank.ro\/lexikon\/wp-json\/wp\/v2\/product_brand?post=4492"},{"taxonomy":"product_cat","embeddable":true,"href":"https:\/\/uj.adatbank.ro\/lexikon\/wp-json\/wp\/v2\/product_cat?post=4492"},{"taxonomy":"product_tag","embeddable":true,"href":"https:\/\/uj.adatbank.ro\/lexikon\/wp-json\/wp\/v2\/product_tag?post=4492"}],"curies":[{"name":"wp","href":"https:\/\/api.w.org\/{rel}","templated":true}]}}