{"id":4495,"date":"2025-06-28T16:43:44","date_gmt":"2025-06-28T14:43:44","guid":{"rendered":"https:\/\/uj.adatbank.ro\/lexikon\/termek\/bernath-erno-bernat-erno\/"},"modified":"2025-06-28T16:43:44","modified_gmt":"2025-06-28T14:43:44","slug":"bernath-erno-bernat-erno","status":"publish","type":"product","link":"https:\/\/uj.adatbank.ro\/lexikon\/termek\/bernath-erno-bernat-erno\/","title":{"rendered":"BERN\u00c1TH Ern\u0151, Bern\u00e1t Ern\u0151"},"content":{"rendered":"<p>? \u2020\u00a0? : \u00fajs\u00e1g\u00edr\u00f3. \u2013 Mv.-en a II. vh. el\u0151tt a Sz\u00e9kely Sz\u00f3 c. (1920\u201331) lap szerk.-je, minden demokrata kezdem\u00e9nyez\u00e9s t\u00e1mogat\u00f3ja volt. A h\u00e1bor\u00fa ut\u00e1ni els\u0151 id\u0151kben v\u00e1llalta Mv.-en egy \u00fajabb lap, a Szabad Sz\u00f3 szerkeszt\u00e9s\u00e9t, amelynek \u2013 feles\u00e9ge r\u00e9v\u00e9n- t\u00e1rstulajdonosa is lett. A h\u00e1bor\u00fa viharait\u00f3l megmenek\u00fclt mv.-i Bolyai Nyomda \u00e9s K\u00f6nyvkiad\u00f3 Kft. r\u00e9v\u00e9n anyagi \u00e9s technikai b\u00e1zist is biztos\u00edthatott. \u00cdgy jelent meg a Szabad Sz\u00f3 c. lap, amelynek felel\u0151s szerk.-je Pittner Oliv\u00e9r lett (1944. nov. 4. \u2013 1951. \u00e1pr. 5.). Ez a lap tartalm\u00e1ban, szellemis\u00e9g\u00e9ben, a cikkek b\u00e1tor hangv\u00e9tel\u00e9ben gy\u00f6keres fordulatot hozott az erd\u00e9lyi m. sajt\u00f3 t\u00f6rt\u00e9net\u00e9ben. C\u00e9lja volt Mv. v\u00e1ros, \u00e9s Maros megye, de a nagyvil\u00e1g esem\u00e9nyeit is objekt\u00edven bemutatni. Nagy szerepe volt a rom\u00e1niai m. lapok n\u00e9pszer\u0171s\u00edt\u00e9s\u00e9ben \u00e9s terjeszt\u00e9s\u00e9ben (Brass\u00f3i Lapok, Utunk, Falvak Dolgoz\u00f3 N\u00e9pe). T\u00e1mogatta Nagy Imr\u00e9t a fest\u0151t mv.-i korszak\u00e1ban A Kv.-on megalakult Orsz\u00e1gos Demokrata Arcvonal \u00c9szak-Erd\u00e9lyi K\u00f6zponti Tan\u00e1csad\u00f3 Test\u00fclete jog\u00fcgyi bizotts\u00e1g\u00e1ban az MNSZ sz\u00edneiben k\u00e9pviselte Mv.-et (1945. febr.). Letart\u00f3ztatt\u00e1k \u00e9s csak Petru Groza k\u00f6zbel\u00e9p\u00e9s\u00e9re ker\u00fclt szabadl\u00e1bra, B\u00f6z\u00f6di Gy\u00f6rgy \u00e9s Huzella \u00d6d\u00f6n is ekkor szabadult (1948. m\u00e1rc. 20.). Az \u00daj \u00c9let egyik munkat\u00e1rsa (1964\u201366 k.). A Securitate megfigyeltette (1964 k. \u2013), nacion\u00e1list\u00e1nak b\u00e9lyegezte. <br \/><strong>Irod.:<\/strong> Bartos 2012; Id\u0151t\u00e1r 4.; Katona Szab\u00f3; RMIL<\/br><\/p>\n","protected":false},"excerpt":{"rendered":"<p>? \u2020\u00a0? : \u00fajs\u00e1g\u00edr\u00f3. \u2013 Mv.-en a II. vh. el\u0151tt a Sz\u00e9kely Sz\u00f3 c. (1920\u201331) lap szerk.-je, minden demokrata kezdem\u00e9nyez\u00e9s t\u00e1mogat\u00f3ja volt. A h\u00e1bor\u00fa ut\u00e1ni els\u0151 id\u0151kben v\u00e1llalta Mv.-en egy \u00fajabb lap, a Szabad Sz\u00f3 szerkeszt\u00e9s\u00e9t, amelynek \u2013 feles\u00e9ge r\u00e9v\u00e9n- t\u00e1rstulajdonosa is lett. A h\u00e1bor\u00fa viharait\u00f3l megmenek\u00fclt mv.-i Bolyai Nyomda \u00e9s K\u00f6nyvkiad\u00f3 Kft. r\u00e9v\u00e9n anyagi [&hellip;]<\/p>\n","protected":false},"featured_media":0,"comment_status":"open","ping_status":"closed","template":"","meta":[],"product_brand":[],"product_cat":[137],"product_tag":[],"class_list":{"0":"post-4495","1":"product","2":"type-product","3":"status-publish","5":"product_cat-maros-megyei-eletrajzi-lexikon","7":"first","8":"instock","9":"shipping-taxable","10":"product-type-simple"},"_links":{"self":[{"href":"https:\/\/uj.adatbank.ro\/lexikon\/wp-json\/wp\/v2\/product\/4495","targetHints":{"allow":["GET"]}}],"collection":[{"href":"https:\/\/uj.adatbank.ro\/lexikon\/wp-json\/wp\/v2\/product"}],"about":[{"href":"https:\/\/uj.adatbank.ro\/lexikon\/wp-json\/wp\/v2\/types\/product"}],"replies":[{"embeddable":true,"href":"https:\/\/uj.adatbank.ro\/lexikon\/wp-json\/wp\/v2\/comments?post=4495"}],"wp:attachment":[{"href":"https:\/\/uj.adatbank.ro\/lexikon\/wp-json\/wp\/v2\/media?parent=4495"}],"wp:term":[{"taxonomy":"product_brand","embeddable":true,"href":"https:\/\/uj.adatbank.ro\/lexikon\/wp-json\/wp\/v2\/product_brand?post=4495"},{"taxonomy":"product_cat","embeddable":true,"href":"https:\/\/uj.adatbank.ro\/lexikon\/wp-json\/wp\/v2\/product_cat?post=4495"},{"taxonomy":"product_tag","embeddable":true,"href":"https:\/\/uj.adatbank.ro\/lexikon\/wp-json\/wp\/v2\/product_tag?post=4495"}],"curies":[{"name":"wp","href":"https:\/\/api.w.org\/{rel}","templated":true}]}}