{"id":4498,"date":"2025-06-28T16:43:49","date_gmt":"2025-06-28T14:43:49","guid":{"rendered":"https:\/\/uj.adatbank.ro\/lexikon\/termek\/bernerth-lorenz-christian\/"},"modified":"2025-06-28T16:43:49","modified_gmt":"2025-06-28T14:43:49","slug":"bernerth-lorenz-christian","status":"publish","type":"product","link":"https:\/\/uj.adatbank.ro\/lexikon\/termek\/bernerth-lorenz-christian\/","title":{"rendered":"BERNERTH Lorenz Christian"},"content":{"rendered":"<p>Segesv\u00e1r, 1759., \u2020 Segesv\u00e1r, 1827.: tan\u00e1r. \u2013 Erlagen-ben teol\u00f3gi\u00e1t tanult (1779). Segesv\u00e1ron tan\u00edtott. <br \/><strong>Irod.:<\/strong> Szab\u00f3\u2013Sz\u00f6gi<\/br><\/p>\n","protected":false},"excerpt":{"rendered":"<p>Segesv\u00e1r, 1759., \u2020 Segesv\u00e1r, 1827.: tan\u00e1r. \u2013 Erlagen-ben teol\u00f3gi\u00e1t tanult (1779). Segesv\u00e1ron tan\u00edtott. Irod.: Szab\u00f3\u2013Sz\u00f6gi<\/p>\n","protected":false},"featured_media":0,"comment_status":"open","ping_status":"closed","template":"","meta":[],"product_brand":[],"product_cat":[137],"product_tag":[],"class_list":{"0":"post-4498","1":"product","2":"type-product","3":"status-publish","5":"product_cat-maros-megyei-eletrajzi-lexikon","7":"first","8":"instock","9":"shipping-taxable","10":"product-type-simple"},"_links":{"self":[{"href":"https:\/\/uj.adatbank.ro\/lexikon\/wp-json\/wp\/v2\/product\/4498","targetHints":{"allow":["GET"]}}],"collection":[{"href":"https:\/\/uj.adatbank.ro\/lexikon\/wp-json\/wp\/v2\/product"}],"about":[{"href":"https:\/\/uj.adatbank.ro\/lexikon\/wp-json\/wp\/v2\/types\/product"}],"replies":[{"embeddable":true,"href":"https:\/\/uj.adatbank.ro\/lexikon\/wp-json\/wp\/v2\/comments?post=4498"}],"wp:attachment":[{"href":"https:\/\/uj.adatbank.ro\/lexikon\/wp-json\/wp\/v2\/media?parent=4498"}],"wp:term":[{"taxonomy":"product_brand","embeddable":true,"href":"https:\/\/uj.adatbank.ro\/lexikon\/wp-json\/wp\/v2\/product_brand?post=4498"},{"taxonomy":"product_cat","embeddable":true,"href":"https:\/\/uj.adatbank.ro\/lexikon\/wp-json\/wp\/v2\/product_cat?post=4498"},{"taxonomy":"product_tag","embeddable":true,"href":"https:\/\/uj.adatbank.ro\/lexikon\/wp-json\/wp\/v2\/product_tag?post=4498"}],"curies":[{"name":"wp","href":"https:\/\/api.w.org\/{rel}","templated":true}]}}