{"id":4499,"date":"2025-06-28T16:43:52","date_gmt":"2025-06-28T14:43:52","guid":{"rendered":"https:\/\/uj.adatbank.ro\/lexikon\/termek\/berohn-heinrich\/"},"modified":"2025-06-28T16:43:52","modified_gmt":"2025-06-28T14:43:52","slug":"berohn-heinrich","status":"publish","type":"product","link":"https:\/\/uj.adatbank.ro\/lexikon\/termek\/berohn-heinrich\/","title":{"rendered":"BEROHN Heinrich"},"content":{"rendered":"<p>? \u2020 ? : igazgat\u00f3. \u2013 A Mv.-i Cukorgy\u00e1r igazgat\u00f3ja, aki a gy\u00e1r \u00fajj\u00e1\u00e9p\u00edt\u00e9si munk\u00e1latait, a termel\u00e9s \u00fajraind\u00edt\u00e1s\u00e1t egy \u00fczemi bizotts\u00e1ggal vezette (1945. j\u00fan. 20- 48. j\u00fan. 12). Az \u00e1llamos\u00edt\u00e1skor \u00e1tadta a vezet\u00e9st Veress K\u00e1roly munk\u00e1sigazgat\u00f3nak. <br \/><strong>Irod.:<\/strong> Ferenczi<\/br><\/p>\n","protected":false},"excerpt":{"rendered":"<p>? \u2020 ? : igazgat\u00f3. \u2013 A Mv.-i Cukorgy\u00e1r igazgat\u00f3ja, aki a gy\u00e1r \u00fajj\u00e1\u00e9p\u00edt\u00e9si munk\u00e1latait, a termel\u00e9s \u00fajraind\u00edt\u00e1s\u00e1t egy \u00fczemi bizotts\u00e1ggal vezette (1945. j\u00fan. 20- 48. j\u00fan. 12). Az \u00e1llamos\u00edt\u00e1skor \u00e1tadta a vezet\u00e9st Veress K\u00e1roly munk\u00e1sigazgat\u00f3nak. Irod.: Ferenczi<\/p>\n","protected":false},"featured_media":0,"comment_status":"open","ping_status":"closed","template":"","meta":[],"product_brand":[],"product_cat":[137],"product_tag":[],"class_list":{"0":"post-4499","1":"product","2":"type-product","3":"status-publish","5":"product_cat-maros-megyei-eletrajzi-lexikon","7":"first","8":"instock","9":"shipping-taxable","10":"product-type-simple"},"_links":{"self":[{"href":"https:\/\/uj.adatbank.ro\/lexikon\/wp-json\/wp\/v2\/product\/4499","targetHints":{"allow":["GET"]}}],"collection":[{"href":"https:\/\/uj.adatbank.ro\/lexikon\/wp-json\/wp\/v2\/product"}],"about":[{"href":"https:\/\/uj.adatbank.ro\/lexikon\/wp-json\/wp\/v2\/types\/product"}],"replies":[{"embeddable":true,"href":"https:\/\/uj.adatbank.ro\/lexikon\/wp-json\/wp\/v2\/comments?post=4499"}],"wp:attachment":[{"href":"https:\/\/uj.adatbank.ro\/lexikon\/wp-json\/wp\/v2\/media?parent=4499"}],"wp:term":[{"taxonomy":"product_brand","embeddable":true,"href":"https:\/\/uj.adatbank.ro\/lexikon\/wp-json\/wp\/v2\/product_brand?post=4499"},{"taxonomy":"product_cat","embeddable":true,"href":"https:\/\/uj.adatbank.ro\/lexikon\/wp-json\/wp\/v2\/product_cat?post=4499"},{"taxonomy":"product_tag","embeddable":true,"href":"https:\/\/uj.adatbank.ro\/lexikon\/wp-json\/wp\/v2\/product_tag?post=4499"}],"curies":[{"name":"wp","href":"https:\/\/api.w.org\/{rel}","templated":true}]}}