{"id":4500,"date":"2025-06-28T16:43:54","date_gmt":"2025-06-28T14:43:54","guid":{"rendered":"https:\/\/uj.adatbank.ro\/lexikon\/termek\/bersan-aurel\/"},"modified":"2025-06-28T16:43:54","modified_gmt":"2025-06-28T14:43:54","slug":"bersan-aurel","status":"publish","type":"product","link":"https:\/\/uj.adatbank.ro\/lexikon\/termek\/bersan-aurel\/","title":{"rendered":"BERSAN Aurel"},"content":{"rendered":"<p>H\u00e1tszeg, 1871., \u2020 ? : Mv.-i t\u00e1blai eln\u00f6k.-Egyetemet Kv.-on v\u00e9gzett (1893), majd uo. \u00e1llamtudom\u00e1nyi (1895) \u00e9s b\u00edr\u00f3i vizsg\u00e1t tett (1899). Dolgozott mint t\u00f6rv. sz\u00e9ki joggyakornok, aljegyz\u0151 K\u00e9zdiv\u00e1s\u00e1rhelyen, Zsomboly\u00e1n, Szegeden, Battony\u00e1n \u00e9s Top\u00e1nfalv\u00e1n alb\u00edr\u00f3, j\u00e1r\u00e1sb\u00edr\u00f3 (1908), b\u00edr\u00f3 t\u00e1blab\u00edr\u00f3i rangban (1919); t\u00e1blab\u00edr\u00f3 Nagyv\u00e1radon, v\u00e9g\u00fcl semmit\u0151sz\u00e9ki ranggal Mv.-en tan\u00e1cseln\u00f6k, t\u00f6rv\u00e9nysz\u00e9ki eln\u00f6k (1920\u2013). A rom\u00e1n koronarend parancsnoki kit\u00fcntet\u00e9s\u00e9t kapta (1924). <br \/><strong>Irod.:<\/strong> Ki kicsoda ?<\/br><\/p>\n","protected":false},"excerpt":{"rendered":"<p>H\u00e1tszeg, 1871., \u2020 ? : Mv.-i t\u00e1blai eln\u00f6k.-Egyetemet Kv.-on v\u00e9gzett (1893), majd uo. \u00e1llamtudom\u00e1nyi (1895) \u00e9s b\u00edr\u00f3i vizsg\u00e1t tett (1899). Dolgozott mint t\u00f6rv. sz\u00e9ki joggyakornok, aljegyz\u0151 K\u00e9zdiv\u00e1s\u00e1rhelyen, Zsomboly\u00e1n, Szegeden, Battony\u00e1n \u00e9s Top\u00e1nfalv\u00e1n alb\u00edr\u00f3, j\u00e1r\u00e1sb\u00edr\u00f3 (1908), b\u00edr\u00f3 t\u00e1blab\u00edr\u00f3i rangban (1919); t\u00e1blab\u00edr\u00f3 Nagyv\u00e1radon, v\u00e9g\u00fcl semmit\u0151sz\u00e9ki ranggal Mv.-en tan\u00e1cseln\u00f6k, t\u00f6rv\u00e9nysz\u00e9ki eln\u00f6k (1920\u2013). A rom\u00e1n koronarend parancsnoki kit\u00fcntet\u00e9s\u00e9t kapta [&hellip;]<\/p>\n","protected":false},"featured_media":0,"comment_status":"open","ping_status":"closed","template":"","meta":[],"product_brand":[],"product_cat":[137],"product_tag":[],"class_list":{"0":"post-4500","1":"product","2":"type-product","3":"status-publish","5":"product_cat-maros-megyei-eletrajzi-lexikon","7":"first","8":"instock","9":"shipping-taxable","10":"product-type-simple"},"_links":{"self":[{"href":"https:\/\/uj.adatbank.ro\/lexikon\/wp-json\/wp\/v2\/product\/4500","targetHints":{"allow":["GET"]}}],"collection":[{"href":"https:\/\/uj.adatbank.ro\/lexikon\/wp-json\/wp\/v2\/product"}],"about":[{"href":"https:\/\/uj.adatbank.ro\/lexikon\/wp-json\/wp\/v2\/types\/product"}],"replies":[{"embeddable":true,"href":"https:\/\/uj.adatbank.ro\/lexikon\/wp-json\/wp\/v2\/comments?post=4500"}],"wp:attachment":[{"href":"https:\/\/uj.adatbank.ro\/lexikon\/wp-json\/wp\/v2\/media?parent=4500"}],"wp:term":[{"taxonomy":"product_brand","embeddable":true,"href":"https:\/\/uj.adatbank.ro\/lexikon\/wp-json\/wp\/v2\/product_brand?post=4500"},{"taxonomy":"product_cat","embeddable":true,"href":"https:\/\/uj.adatbank.ro\/lexikon\/wp-json\/wp\/v2\/product_cat?post=4500"},{"taxonomy":"product_tag","embeddable":true,"href":"https:\/\/uj.adatbank.ro\/lexikon\/wp-json\/wp\/v2\/product_tag?post=4500"}],"curies":[{"name":"wp","href":"https:\/\/api.w.org\/{rel}","templated":true}]}}