{"id":4502,"date":"2025-06-28T16:43:58","date_gmt":"2025-06-28T14:43:58","guid":{"rendered":"https:\/\/uj.adatbank.ro\/lexikon\/termek\/bertalan-2\/"},"modified":"2025-06-28T16:43:58","modified_gmt":"2025-06-28T14:43:58","slug":"bertalan-2","status":"publish","type":"product","link":"https:\/\/uj.adatbank.ro\/lexikon\/termek\/bertalan-2\/","title":{"rendered":"BERTALAN"},"content":{"rendered":"<p>? \u2020 ? : r. k. pap. \u2013 L\u0151rincfalva papja, fizette a p\u00e1pai tizedet (1334). <br \/><strong>Irod.:<\/strong> Ferenczi S\u00e1ndor 2009<\/br><\/p>\n","protected":false},"excerpt":{"rendered":"<p>? \u2020 ? : r. k. pap. \u2013 L\u0151rincfalva papja, fizette a p\u00e1pai tizedet (1334). Irod.: Ferenczi S\u00e1ndor 2009<\/p>\n","protected":false},"featured_media":0,"comment_status":"open","ping_status":"closed","template":"","meta":[],"product_brand":[],"product_cat":[137],"product_tag":[],"class_list":{"0":"post-4502","1":"product","2":"type-product","3":"status-publish","5":"product_cat-maros-megyei-eletrajzi-lexikon","7":"first","8":"instock","9":"shipping-taxable","10":"product-type-simple"},"_links":{"self":[{"href":"https:\/\/uj.adatbank.ro\/lexikon\/wp-json\/wp\/v2\/product\/4502","targetHints":{"allow":["GET"]}}],"collection":[{"href":"https:\/\/uj.adatbank.ro\/lexikon\/wp-json\/wp\/v2\/product"}],"about":[{"href":"https:\/\/uj.adatbank.ro\/lexikon\/wp-json\/wp\/v2\/types\/product"}],"replies":[{"embeddable":true,"href":"https:\/\/uj.adatbank.ro\/lexikon\/wp-json\/wp\/v2\/comments?post=4502"}],"wp:attachment":[{"href":"https:\/\/uj.adatbank.ro\/lexikon\/wp-json\/wp\/v2\/media?parent=4502"}],"wp:term":[{"taxonomy":"product_brand","embeddable":true,"href":"https:\/\/uj.adatbank.ro\/lexikon\/wp-json\/wp\/v2\/product_brand?post=4502"},{"taxonomy":"product_cat","embeddable":true,"href":"https:\/\/uj.adatbank.ro\/lexikon\/wp-json\/wp\/v2\/product_cat?post=4502"},{"taxonomy":"product_tag","embeddable":true,"href":"https:\/\/uj.adatbank.ro\/lexikon\/wp-json\/wp\/v2\/product_tag?post=4502"}],"curies":[{"name":"wp","href":"https:\/\/api.w.org\/{rel}","templated":true}]}}